{"id":30479,"date":"2021-12-26T13:35:09","date_gmt":"2021-12-26T11:35:09","guid":{"rendered":"https:\/\/hookahshop.lt\/?post_type=product&#038;p=30479"},"modified":"2025-11-06T21:01:45","modified_gmt":"2025-11-06T19:01:45","slug":"dovanu-dezute-hookahshop-mystery-box","status":"publish","type":"product","link":"https:\/\/hookahshop.lt\/pl\/produkt\/pudelko-prezent-hookahshop-tajemnicze-pudelko\/","title":{"rendered":"Pude\u0142ko na prezenty HOOKAHSHOP Mystery Box"},"content":{"rendered":"<h2>Pude\u0142ko na prezenty HOOKAHSHOP Mystery Box<\/h2>\n<p>Nie mo\u017cesz wybra\u0107 prezentu? Podejmij ryzyko i zam\u00f3w tajemnicze pude\u0142ko HOOKAHSHOP!<strong><br \/>\n<\/strong>Zapomnij o nudnych listach \u017cycze\u0144. Spraw rado\u015b\u0107 sobie lub bliskiej Ci osobie. Podaruj sobie lub komu\u015b innemu co\u015b bezcennego: wzruszenie, zaskoczenie i rado\u015b\u0107 z odkrywania nowych rzeczy!<\/p>\n<p><strong>Co znajdziesz w \u015brodku?<br \/>\n<\/strong><\/p>\n<ul>\n<li>Najsmaczniejsza herbata, kt\u00f3r\u0105 ka\u017cdy powinien skosztowa\u0107.<\/li>\n<li>Akcesorium lub akcesorium do fajki wodnej b\u0119dzie pasowa\u0107 ka\u017cdemu mi\u0142o\u015bnikowi fajki wodnej.<\/li>\n<li>R\u00f3\u017cne szczeg\u00f3\u0142y, o kt\u00f3rych nawet nie pomy\u015bla\u0142by\u015b!<\/li>\n<\/ul>\n<p><strong>Jaka jest r\u00f3\u017cnica pomi\u0119dzy <span class=\"woocommerce-Price-currencySymbol\">\u20ac<\/span>20.00 ir\u00a0<span class=\"woocommerce-Price-currencySymbol\">\u20ac<\/span>60.00<\/strong><span class=\"woocommerce-Price-currencySymbol\"><strong>\u00a0Tajemnicze pude\u0142ka?<\/strong> Ilo\u015b\u0107 i marka akcesori\u00f3w.<\/span><\/p>\n<p>Czy masz jakie\u015b pytania? Skontaktuj si\u0119 z nami<span style=\"color: #800000;\">\u00a0<\/span><span style=\"color: #0000ff;\"><a style=\"color: #0000ff;\" href=\"https:\/\/hookahshop.lt\/pl\/lacznosc\/\"><span style=\"color: #800000;\">strona z kontaktami<\/span><\/a><\/span>\u00a0lub napisz do nas na adres\u00a0<span style=\"color: #800000;\"><a style=\"color: #800000;\" href=\"https:\/\/facebook.com\/HookahShop.lt\/\" target=\"_blank\" rel=\"noopener noreferrer\">konto na Facebooku<\/a><\/span>\u00a0a my odpowiemy na Twoj\u0105 pro\u015bb\u0119 tego samego dnia.<\/p>","protected":false},"excerpt":{"rendered":"<p>Pude\u0142ko upominkowe HOOKAHSHOP Mystery Box Nie mo\u017cesz wybra\u0107 prezentu? Podejmij ryzyko i zam\u00f3w tajemnicze pude\u0142ko HOOKAHSHOP! Zapomnij o nudnych listach \u017cycze\u0144. Spraw rado\u015b\u0107 sobie lub bliskiej Ci osobie. Podaruj sobie lub komu\u015b innemu co\u015b bezcennego: wzruszenie, zaskoczenie i rado\u015b\u0107 z odkrywania nowych rzeczy! Co znajdziesz w \u015brodku? Najsmaczniejsza herbata, kt\u00f3rej ka\u017cdy powinien spr\u00f3bowa\u0107. Akcesorium lub akcesorium do fajki wodnej b\u0119dzie pasowa\u0107 ka\u017cdemu mi\u0142o\u015bnikowi fajki wodnej. R\u00f3\u017cne drobnostki [\u2026]<\/p>","protected":false},"featured_media":30480,"comment_status":"open","ping_status":"closed","template":"","meta":[],"_links":{"self":[{"href":"https:\/\/hookahshop.lt\/pl\/wp-json\/wp\/v2\/product\/30479"}],"collection":[{"href":"https:\/\/hookahshop.lt\/pl\/wp-json\/wp\/v2\/product"}],"about":[{"href":"https:\/\/hookahshop.lt\/pl\/wp-json\/wp\/v2\/types\/product"}],"replies":[{"embeddable":true,"href":"https:\/\/hookahshop.lt\/pl\/wp-json\/wp\/v2\/comments?post=30479"}],"version-history":[{"count":14,"href":"https:\/\/hookahshop.lt\/pl\/wp-json\/wp\/v2\/product\/30479\/revisions"}],"predecessor-version":[{"id":34836,"href":"https:\/\/hookahshop.lt\/pl\/wp-json\/wp\/v2\/product\/30479\/revisions\/34836"}],"wp:featuredmedia":[{"embeddable":true,"href":"https:\/\/hookahshop.lt\/pl\/wp-json\/wp\/v2\/media\/30480"}],"wp:attachment":[{"href":"https:\/\/hookahshop.lt\/pl\/wp-json\/wp\/v2\/media?parent=30479"}],"curies":[{"name":"wp","href":"https:\/\/api.w.org\/{rel}","templated":true}]}}