{"id":30615,"date":"2022-01-04T22:11:35","date_gmt":"2022-01-04T20:11:35","guid":{"rendered":"https:\/\/hookahshop.lt\/?post_type=product&#038;p=30615"},"modified":"2026-04-15T23:29:20","modified_gmt":"2026-04-15T20:29:20","slug":"sirupo-gaudykle-alpha-hookah-xr-silver","status":"publish","type":"product","link":"https:\/\/hookahshop.lt\/pl\/produkt\/syrop-trap-alfa-szisza-xr-srebrny\/","title":{"rendered":"Syfon ALPHA HOOKAH XR Srebrny"},"content":{"rendered":"<h2>Syfon ALPHA HOOKAH XR Srebrny<\/h2>\n<p>Jest to niezast\u0105pione akcesorium, pasuj\u0105ce wy\u0142\u0105cznie do modeli ALPHA HOOKAH serii \u201eS\u201d, \u201eX\u201d i \u201eKappa\u201d. Zapobiega przedostawaniu si\u0119 li\u015bci tytoniu i syropu do kolby i trzonka fajki wodnej. Zapobiega \u017c\u00f3\u0142kni\u0119ciu kolby, co jest szczeg\u00f3lnie wa\u017cne podczas serwowania fajki wodnej w fajce wodnej na stole. Teraz nie musisz my\u0107 fajki wodnej przy ka\u017cdej zmianie kubka, aby usun\u0105\u0107 z dna syrop i li\u015bcie tytoniu.<\/p>\n<p><strong>Charakterystyka:<\/strong><br \/>\nWysoko\u015b\u0107: 55mm<br \/>\n\u015arednica (zewn\u0119trzna): 38 mm<br \/>\n\u015arednica (wewn\u0119trzna): 16mm<br \/>\nWaga: oko\u0142o 132g<\/p>\n<p>Czy masz jakie\u015b pytania? Skontaktuj si\u0119 z nami\u00a0<a href=\"https:\/\/hookahshop.lt\/pl\/lacznosc\/\">strona z kontaktami<\/a>\u00a0lub napisz do nas na adres\u00a0<a href=\"https:\/\/facebook.com\/HookahShop.lt\/\" target=\"_blank\" rel=\"noopener noreferrer\">konto na Facebooku<\/a>\u00a0a my odpowiemy na Twoj\u0105 pro\u015bb\u0119 tego samego dnia.<\/p>\n<p>&nbsp;<\/p>","protected":false},"excerpt":{"rendered":"<p>Pu\u0142apka na syrop ALPHA HOOKAH XR Silver Niezb\u0119dne akcesorium, pasuj\u0105ce wy\u0142\u0105cznie do modeli ALPHA HOOKAH serii \u201eS\u201d, \u201eX\u201d i \u201eKappa\u201d. Zapobiega przedostawaniu si\u0119 li\u015bci tytoniu i syropu do kolby i trzonka fajki wodnej. Zapobiega \u017c\u00f3\u0142kni\u0119ciu kolby, co jest szczeg\u00f3lnie wa\u017cne podczas serwowania fajki wodnej w fajce wodnej na stole. Teraz nie musisz my\u0107 fajki wodnej za ka\u017cdym razem, gdy zmieniasz fili\u017cank\u0119, aby usun\u0105\u0107 syrop [\u2026]<\/p>","protected":false},"featured_media":30620,"comment_status":"open","ping_status":"closed","template":"","meta":[],"_links":{"self":[{"href":"https:\/\/hookahshop.lt\/pl\/wp-json\/wp\/v2\/product\/30615"}],"collection":[{"href":"https:\/\/hookahshop.lt\/pl\/wp-json\/wp\/v2\/product"}],"about":[{"href":"https:\/\/hookahshop.lt\/pl\/wp-json\/wp\/v2\/types\/product"}],"replies":[{"embeddable":true,"href":"https:\/\/hookahshop.lt\/pl\/wp-json\/wp\/v2\/comments?post=30615"}],"version-history":[{"count":4,"href":"https:\/\/hookahshop.lt\/pl\/wp-json\/wp\/v2\/product\/30615\/revisions"}],"predecessor-version":[{"id":45649,"href":"https:\/\/hookahshop.lt\/pl\/wp-json\/wp\/v2\/product\/30615\/revisions\/45649"}],"wp:featuredmedia":[{"embeddable":true,"href":"https:\/\/hookahshop.lt\/pl\/wp-json\/wp\/v2\/media\/30620"}],"wp:attachment":[{"href":"https:\/\/hookahshop.lt\/pl\/wp-json\/wp\/v2\/media?parent=30615"}],"curies":[{"name":"wp","href":"https:\/\/api.w.org\/{rel}","templated":true}]}}