{"id":30722,"date":"2022-01-16T22:48:30","date_gmt":"2022-01-16T20:48:30","guid":{"rendered":"https:\/\/hookahshop.lt\/?post_type=product&#038;p=30722"},"modified":"2026-04-06T23:29:21","modified_gmt":"2026-04-06T20:29:21","slug":"karscio-kamera-kalaud-replika-v2","status":"publish","type":"product","link":"https:\/\/hookahshop.lt\/pl\/produkt\/kamera-termowizyjna-kalaud-replika-v2\/","title":{"rendered":"Gor\u0105ca kamera KALAUD Replika V2"},"content":{"rendered":"<h2 dir=\"ltr\" data-placeholder=\"Vertimas\">Gor\u0105ca kamera KALAUD Replika V2<\/h2>\n<p dir=\"ltr\" data-placeholder=\"Vertimas\">S\u0142u\u017cy do podgrzewania kubka na fajk\u0119 wodn\u0105 z w\u0119glem kokosowym. Jest to kuta replika lotosu z 2 uchwytami.<\/p>\n<p><strong>Specyfikacja:<\/strong><br \/>\n\u015arednica: 7,5 cm<br \/>\nWysoko\u015b\u0107: 5 cm<\/p>\n<p id=\"tw-target-text\" class=\"tw-data-text tw-text-large tw-ta\" dir=\"ltr\" data-placeholder=\"Vertimas\"><strong><span lang=\"lt\">G\u0142\u00f3wne zalety komory grzewczej:<\/span><\/strong><\/p>\n<ul>\n<li class=\"tw-data-text tw-text-large tw-ta\" data-placeholder=\"Vertimas\"><span lang=\"lt\">Wielokrotnego u\u017cytku;<\/span><\/li>\n<li class=\"tw-data-text tw-text-large tw-ta\" data-placeholder=\"Vertimas\"><span lang=\"lt\">Nigdy wi\u0119cej folii;<\/span><\/li>\n<li class=\"tw-data-text tw-text-large tw-ta\" data-placeholder=\"Vertimas\"><span lang=\"lt\">W\u0119giel pozostaje na swoim miejscu dzi\u0119ki wygodnemu kszta\u0142towi;<\/span><\/li>\n<li class=\"tw-data-text tw-text-large tw-ta\" data-placeholder=\"Vertimas\">Poprawia cyrkulacj\u0119 powietrza;<\/li>\n<li class=\"tw-data-text tw-text-large tw-ta\" data-placeholder=\"Vertimas\"><span lang=\"lt\">Nagrzewa si\u0119 w kr\u00f3tkim czasie i utrzymuje ciep\u0142o na stabilnym poziomie.<\/span><\/li>\n<\/ul>\n<p>Czy masz jakie\u015b pytania? Skontaktuj si\u0119 z nami\u00a0<a href=\"https:\/\/hookahshop.lt\/pl\/lacznosc\/\">strona z kontaktami<\/a>\u00a0lub napisz do nas na adres\u00a0<a href=\"https:\/\/facebook.com\/HookahShop.lt\/\" target=\"_blank\" rel=\"noopener noreferrer\">konto na Facebooku<\/a>\u00a0a my odpowiemy na Twoj\u0105 pro\u015bb\u0119 tego samego dnia.<\/p>","protected":false},"excerpt":{"rendered":"<p>Komora grzewcza KALAUD Replika V2 Przeznaczona jest do podgrzewania kubka do fajki wodnej na w\u0119glu kokosowym. To replika kalaud lotus z 2 uchwytami. Specyfikacja: \u015arednica: 7,5 cm Wysoko\u015b\u0107: 5 cm G\u0142\u00f3wne zalety komory grzewczej: Wielokrotne zastosowanie; Nie ma ju\u017c potrzeby stosowania folii; Carbon pozostaje na swoim miejscu dzi\u0119ki wygodnemu kszta\u0142towi; Poprawia si\u0119 cyrkulacja powietrza; Nagrzewa si\u0119 w kr\u00f3tkim czasie i stabilnie utrzymuje ciep\u0142o. [\u2026]<\/p>","protected":false},"featured_media":30723,"comment_status":"open","ping_status":"closed","template":"","meta":[],"_links":{"self":[{"href":"https:\/\/hookahshop.lt\/pl\/wp-json\/wp\/v2\/product\/30722"}],"collection":[{"href":"https:\/\/hookahshop.lt\/pl\/wp-json\/wp\/v2\/product"}],"about":[{"href":"https:\/\/hookahshop.lt\/pl\/wp-json\/wp\/v2\/types\/product"}],"replies":[{"embeddable":true,"href":"https:\/\/hookahshop.lt\/pl\/wp-json\/wp\/v2\/comments?post=30722"}],"version-history":[{"count":4,"href":"https:\/\/hookahshop.lt\/pl\/wp-json\/wp\/v2\/product\/30722\/revisions"}],"predecessor-version":[{"id":35620,"href":"https:\/\/hookahshop.lt\/pl\/wp-json\/wp\/v2\/product\/30722\/revisions\/35620"}],"wp:featuredmedia":[{"embeddable":true,"href":"https:\/\/hookahshop.lt\/pl\/wp-json\/wp\/v2\/media\/30723"}],"wp:attachment":[{"href":"https:\/\/hookahshop.lt\/pl\/wp-json\/wp\/v2\/media?parent=30722"}],"curies":[{"name":"wp","href":"https:\/\/api.w.org\/{rel}","templated":true}]}}