{"id":30789,"date":"2022-01-21T14:22:27","date_gmt":"2022-01-21T12:22:27","guid":{"rendered":"https:\/\/hookahshop.lt\/?post_type=product&#038;p=30789"},"modified":"2025-11-06T21:01:42","modified_gmt":"2025-11-06T19:01:42","slug":"stikline-vandens-pypke-janette-30cm","status":"publish","type":"product","link":"https:\/\/hookahshop.lt\/pl\/produkt\/szklana-fajka-wodna-janette-30cm\/","title":{"rendered":"Szklana fajka wodna JANETTE 30cm"},"content":{"rendered":"<h2>Szklana fajka wodna JANETTE 30cm<\/h2>\n<p>Szklana pojemna miska na fajk\u0119 wodn\u0105 z szerok\u0105 i solidn\u0105 podstaw\u0105. Du\u017ca i d\u0142uga misa wychodzi wysoko, dzi\u0119ki czemu droga filtracji przez wod\u0119 jest d\u0142uga, pozwalaj\u0105c dymowi pozby\u0107 si\u0119 szkodliwych substancji.<\/p>\n<p><strong>Specyfikacje:<\/strong><br \/>\nMateria\u0142: szk\u0142o<br \/>\nWysoko\u015b\u0107: 30 cm<br \/>\n\u015arednica g\u0142\u00f3wki: 18,8 mm<\/p>\n<p>Interesuj\u0105 Ci\u0119 inne bonga? Wi\u0119cej r\u00f3\u017cnych bongos\u00f3w znajdziesz w dziale - Bongai.<\/p>\n<p>Czy masz jakie\u015b pytania? Skontaktuj si\u0119 z nami\u00a0<a href=\"https:\/\/hookahshop.lt\/pl\/lacznosc\/\">strona z kontaktami<\/a>\u00a0lub napisz do nas na adres\u00a0<a href=\"https:\/\/facebook.com\/HookahShop.lt\/\" target=\"_blank\" rel=\"noopener noreferrer\">konto na Facebooku<\/a>\u00a0a my odpowiemy na Twoj\u0105 pro\u015bb\u0119 tego samego dnia.<\/p>","protected":false},"excerpt":{"rendered":"<p>Szisza szklana JANETTE 30cm Szklana pojemna misa na fajki wodne z szerok\u0105 i solidn\u0105 podstaw\u0105. Du\u017ca i d\u0142uga misa wychodzi wysoko, dzi\u0119ki czemu droga filtrowania wody jest d\u0142uga, co pozwala dymowi pozby\u0107 si\u0119 szkodliwych substancji. Dane techniczne: Materia\u0142: szk\u0142o Wysoko\u015b\u0107: 30 cm \u015arednica g\u0142\u00f3wki: 18,8 mm Interesuj\u0105 Ci\u0119 inne bonga? Wi\u0119cej r\u00f3\u017cnych rodzaj\u00f3w bong znajdziesz w dziale - Bonga. Czy masz jakie\u015b pytania? Skontaktuj si\u0119 [\u2026]<\/p>","protected":false},"featured_media":30792,"comment_status":"open","ping_status":"closed","template":"","meta":[],"_links":{"self":[{"href":"https:\/\/hookahshop.lt\/pl\/wp-json\/wp\/v2\/product\/30789"}],"collection":[{"href":"https:\/\/hookahshop.lt\/pl\/wp-json\/wp\/v2\/product"}],"about":[{"href":"https:\/\/hookahshop.lt\/pl\/wp-json\/wp\/v2\/types\/product"}],"replies":[{"embeddable":true,"href":"https:\/\/hookahshop.lt\/pl\/wp-json\/wp\/v2\/comments?post=30789"}],"version-history":[{"count":2,"href":"https:\/\/hookahshop.lt\/pl\/wp-json\/wp\/v2\/product\/30789\/revisions"}],"predecessor-version":[{"id":32731,"href":"https:\/\/hookahshop.lt\/pl\/wp-json\/wp\/v2\/product\/30789\/revisions\/32731"}],"wp:featuredmedia":[{"embeddable":true,"href":"https:\/\/hookahshop.lt\/pl\/wp-json\/wp\/v2\/media\/30792"}],"wp:attachment":[{"href":"https:\/\/hookahshop.lt\/pl\/wp-json\/wp\/v2\/media?parent=30789"}],"curies":[{"name":"wp","href":"https:\/\/api.w.org\/{rel}","templated":true}]}}