{"id":30802,"date":"2022-01-21T15:08:07","date_gmt":"2022-01-21T13:08:07","guid":{"rendered":"https:\/\/hookahshop.lt\/?post_type=product&#038;p=30802"},"modified":"2025-11-06T21:01:42","modified_gmt":"2025-11-06T19:01:42","slug":"akriline-vandens-pypke-coney-15cm","status":"publish","type":"product","link":"https:\/\/hookahshop.lt\/pl\/produkt\/stozek-akryl-fajka-wodna-15cm\/","title":{"rendered":"Akrylowa fajka wodna CONEY 15cm"},"content":{"rendered":"<h2>Akrylowa fajka wodna CONEY 15cm<\/h2>\n<p>\u015awietne mini bongo wodne wykonane z najwy\u017cszej jako\u015bci akrylu, dzi\u0119ki czemu mamy pewno\u015b\u0107, \u017ce fajka nie p\u0119knie. W zestawie metalowa miska \u015bredniej wielko\u015bci.<\/p>\n<p><strong>Specyfikacje:<\/strong><br \/>\nMateria\u0142: akryl;<br \/>\nWysoko\u015b\u0107: 15 cm<\/p>\n<p>Interesuj\u0105 Ci\u0119 inne bonga? Wi\u0119cej r\u00f3\u017cnych bongos\u00f3w znajdziesz w dziale - Bongai.<\/p>\n<p>Czy masz jakie\u015b pytania? Skontaktuj si\u0119 z nami\u00a0<a href=\"https:\/\/hookahshop.lt\/pl\/lacznosc\/\">strona z kontaktami<\/a>\u00a0lub napisz do nas na adres\u00a0<a href=\"https:\/\/facebook.com\/HookahShop.lt\/\" target=\"_blank\" rel=\"noopener noreferrer\">konto na Facebooku<\/a>\u00a0a my odpowiemy na Twoj\u0105 pro\u015bb\u0119 tego samego dnia.<\/p>","protected":false},"excerpt":{"rendered":"<p>Fajka wodna akrylowa CONEY 15cm \u015awietne mini bongo wodne wykonane z najwy\u017cszej jako\u015bci akrylu, dzi\u0119ki czemu mamy pewno\u015b\u0107, \u017ce fajka nie p\u0119knie. W zestawie \u015bredniej wielko\u015bci metalowa misa. Dane techniczne: Materia\u0142: akryl Wysoko\u015b\u0107: 15 cm Interesuj\u0105 Ci\u0119 inne bonga? Wi\u0119cej r\u00f3\u017cnych rodzaj\u00f3w bong znajdziesz w dziale - Bonga. Czy masz jakie\u015b pytania? Skontaktuj si\u0119 z nami na stronie kontaktowej lub napisz do nas na naszym koncie na Facebooku, a my odpowiemy na Twoje [...]<\/p>","protected":false},"featured_media":30805,"comment_status":"open","ping_status":"closed","template":"","meta":[],"_links":{"self":[{"href":"https:\/\/hookahshop.lt\/pl\/wp-json\/wp\/v2\/product\/30802"}],"collection":[{"href":"https:\/\/hookahshop.lt\/pl\/wp-json\/wp\/v2\/product"}],"about":[{"href":"https:\/\/hookahshop.lt\/pl\/wp-json\/wp\/v2\/types\/product"}],"replies":[{"embeddable":true,"href":"https:\/\/hookahshop.lt\/pl\/wp-json\/wp\/v2\/comments?post=30802"}],"version-history":[{"count":2,"href":"https:\/\/hookahshop.lt\/pl\/wp-json\/wp\/v2\/product\/30802\/revisions"}],"predecessor-version":[{"id":36450,"href":"https:\/\/hookahshop.lt\/pl\/wp-json\/wp\/v2\/product\/30802\/revisions\/36450"}],"wp:featuredmedia":[{"embeddable":true,"href":"https:\/\/hookahshop.lt\/pl\/wp-json\/wp\/v2\/media\/30805"}],"wp:attachment":[{"href":"https:\/\/hookahshop.lt\/pl\/wp-json\/wp\/v2\/media?parent=30802"}],"curies":[{"name":"wp","href":"https:\/\/api.w.org\/{rel}","templated":true}]}}