{"id":30808,"date":"2022-01-21T15:13:34","date_gmt":"2022-01-21T13:13:34","guid":{"rendered":"https:\/\/hookahshop.lt\/?post_type=product&#038;p=30808"},"modified":"2026-04-14T23:29:26","modified_gmt":"2026-04-14T20:29:26","slug":"akriline-vandens-pypke-peace-20cm","status":"publish","type":"product","link":"https:\/\/hookahshop.lt\/pl\/produkt\/akryl-fajka-wodna-pokoj-20cm\/","title":{"rendered":"Akrylowa fajka wodna PEACE 20cm"},"content":{"rendered":"<h2>Akrylowa fajka wodna PEACE 20cm<\/h2>\n<p><strong>Specyfikacje:<\/strong><br \/>\nMateria\u0142: akryl;<br \/>\nWysoko\u015b\u0107: 20 cm<\/p>\n<p>Interesuj\u0105 Ci\u0119 inne bonga? Wi\u0119cej r\u00f3\u017cnych bongos\u00f3w znajdziesz w dziale - Bongai.<\/p>\n<p>Czy masz jakie\u015b pytania? Skontaktuj si\u0119 z nami\u00a0<a href=\"https:\/\/hookahshop.lt\/pl\/lacznosc\/\">strona z kontaktami<\/a>\u00a0lub napisz do nas na adres\u00a0<a href=\"https:\/\/facebook.com\/HookahShop.lt\/\" target=\"_blank\" rel=\"noopener noreferrer\">konto na Facebooku<\/a>\u00a0a my odpowiemy na Twoj\u0105 pro\u015bb\u0119 tego samego dnia.<\/p>","protected":false},"excerpt":{"rendered":"<p>Fajka wodna akrylowa PEACE 20cm Dane techniczne: Materia\u0142: akryl Wysoko\u015b\u0107: 20cm Interesuj\u0105 Ci\u0119 inne bonga? Wi\u0119cej r\u00f3\u017cnych rodzaj\u00f3w bong znajdziesz w dziale - Bonga. Czy masz jakie\u015b pytania? Skontaktuj si\u0119 z nami na stronie kontaktowej lub napisz do nas na naszym koncie na Facebooku, a my odpowiemy na Twoj\u0105 pro\u015bb\u0119 jeszcze tego samego dnia.<\/p>","protected":false},"featured_media":30804,"comment_status":"open","ping_status":"closed","template":"","meta":[],"_links":{"self":[{"href":"https:\/\/hookahshop.lt\/pl\/wp-json\/wp\/v2\/product\/30808"}],"collection":[{"href":"https:\/\/hookahshop.lt\/pl\/wp-json\/wp\/v2\/product"}],"about":[{"href":"https:\/\/hookahshop.lt\/pl\/wp-json\/wp\/v2\/types\/product"}],"replies":[{"embeddable":true,"href":"https:\/\/hookahshop.lt\/pl\/wp-json\/wp\/v2\/comments?post=30808"}],"version-history":[{"count":3,"href":"https:\/\/hookahshop.lt\/pl\/wp-json\/wp\/v2\/product\/30808\/revisions"}],"predecessor-version":[{"id":34080,"href":"https:\/\/hookahshop.lt\/pl\/wp-json\/wp\/v2\/product\/30808\/revisions\/34080"}],"wp:featuredmedia":[{"embeddable":true,"href":"https:\/\/hookahshop.lt\/pl\/wp-json\/wp\/v2\/media\/30804"}],"wp:attachment":[{"href":"https:\/\/hookahshop.lt\/pl\/wp-json\/wp\/v2\/media?parent=30808"}],"curies":[{"name":"wp","href":"https:\/\/api.w.org\/{rel}","templated":true}]}}