{"id":30814,"date":"2022-01-21T15:18:11","date_gmt":"2022-01-21T13:18:11","guid":{"rendered":"https:\/\/hookahshop.lt\/?post_type=product&#038;p=30814"},"modified":"2026-04-14T23:29:28","modified_gmt":"2026-04-14T20:29:28","slug":"akriline-vandens-pypke-long-45cm","status":"publish","type":"product","link":"https:\/\/hookahshop.lt\/pl\/produkt\/fajka-wodna-akrylowa-dluga-45cm-2\/","title":{"rendered":"Akrylowa fajka wodna D\u0141UGA 45cm"},"content":{"rendered":"<h2>Akrylowa fajka wodna D\u0141UGA 45cm<\/h2>\n<p><strong>Specyfikacje:<\/strong><br \/>\nMateria\u0142: akryl;<br \/>\nWysoko\u015b\u0107: 45 cm<\/p>\n<p>Interesuj\u0105 Ci\u0119 inne bonga? Wi\u0119cej r\u00f3\u017cnych bongos\u00f3w znajdziesz w dziale - Bongai.<\/p>\n<p>Czy masz jakie\u015b pytania? Skontaktuj si\u0119 z nami\u00a0<a href=\"https:\/\/hookahshop.lt\/pl\/lacznosc\/\">strona z kontaktami<\/a>\u00a0lub napisz do nas na adres\u00a0<a href=\"https:\/\/facebook.com\/HookahShop.lt\/\" target=\"_blank\" rel=\"noopener noreferrer\">konto na Facebooku<\/a>\u00a0a my odpowiemy na Twoj\u0105 pro\u015bb\u0119 tego samego dnia.<\/p>","protected":false},"excerpt":{"rendered":"<p>Fajka wodna akrylowa D\u0141UGA 45cm Dane techniczne: Materia\u0142: akryl Wysoko\u015b\u0107: 45cm Interesuj\u0105 Ci\u0119 inne bonga? Wi\u0119cej r\u00f3\u017cnych rodzaj\u00f3w bong znajdziesz w dziale - Bonga. Czy masz jakie\u015b pytania? Skontaktuj si\u0119 z nami na stronie kontaktowej lub napisz do nas na naszym koncie na Facebooku, a my odpowiemy na Twoj\u0105 pro\u015bb\u0119 jeszcze tego samego dnia.<\/p>","protected":false},"featured_media":30803,"comment_status":"open","ping_status":"closed","template":"","meta":[],"_links":{"self":[{"href":"https:\/\/hookahshop.lt\/pl\/wp-json\/wp\/v2\/product\/30814"}],"collection":[{"href":"https:\/\/hookahshop.lt\/pl\/wp-json\/wp\/v2\/product"}],"about":[{"href":"https:\/\/hookahshop.lt\/pl\/wp-json\/wp\/v2\/types\/product"}],"replies":[{"embeddable":true,"href":"https:\/\/hookahshop.lt\/pl\/wp-json\/wp\/v2\/comments?post=30814"}],"version-history":[{"count":3,"href":"https:\/\/hookahshop.lt\/pl\/wp-json\/wp\/v2\/product\/30814\/revisions"}],"predecessor-version":[{"id":31866,"href":"https:\/\/hookahshop.lt\/pl\/wp-json\/wp\/v2\/product\/30814\/revisions\/31866"}],"wp:featuredmedia":[{"embeddable":true,"href":"https:\/\/hookahshop.lt\/pl\/wp-json\/wp\/v2\/media\/30803"}],"wp:attachment":[{"href":"https:\/\/hookahshop.lt\/pl\/wp-json\/wp\/v2\/media?parent=30814"}],"curies":[{"name":"wp","href":"https:\/\/api.w.org\/{rel}","templated":true}]}}