{"id":30882,"date":"2022-01-25T21:56:44","date_gmt":"2022-01-25T19:56:44","guid":{"rendered":"https:\/\/hookahshop.lt\/?post_type=product&#038;p=30882"},"modified":"2026-04-19T23:29:30","modified_gmt":"2026-04-19T20:29:30","slug":"arbata-gulfstream-avieciu-50g","status":"publish","type":"product","link":"https:\/\/hookahshop.lt\/pl\/produkt\/herbata-gulfstream-maliny-50g\/","title":{"rendered":"Herbata GULFSTREAM malina 50g"},"content":{"rendered":"<h2>Herbata GULFSTREAM malina 50g<\/h2>\n<p>S\u0142odko-aromatyczne po\u0142\u0105czenie dojrza\u0142ych malin i imbiru przywo\u0142uj\u0105ce wspomnienia z dzieci\u0144stwa. Ta mieszanka herbaciana sk\u0142ada si\u0119 z puree.<\/p>\n<p><strong>Sk\u0142adniki: maliny, mi\u00f3d, imbir, cynamon.<\/strong><br \/>\n<em>(mro\u017cone maliny 39%, cukier, mro\u017cona czarna porzeczka 9%, mi\u00f3d naturalny 8%, korze\u0144 imbiru 5%, mielony cynamon wolny od GMO.)<\/em><\/p>\n<p>Czy masz jakie\u015b pytania? Skontaktuj si\u0119 z nami\u00a0<a href=\"https:\/\/hookahshop.lt\/pl\/lacznosc\/\">strona z kontaktami<\/a>\u00a0lub napisz do nas na adres\u00a0<a href=\"https:\/\/facebook.com\/HookahShop.lt\/\" target=\"_blank\" rel=\"noopener noreferrer\">konto na Facebooku<\/a>\u00a0a my odpowiemy na Twoj\u0105 pro\u015bb\u0119 tego samego dnia.<\/p>","protected":false},"excerpt":{"rendered":"<p>Herbata GULFSTREAM malina 50g S\u0142odko-aromatyczne po\u0142\u0105czenie dojrza\u0142ych malin i imbiru przywo\u0142uj\u0105ce na my\u015bl wspomnienia z dzieci\u0144stwa. Ta mieszanka herbaciana sk\u0142ada si\u0119 z puree. Sk\u0142adniki: maliny, mi\u00f3d, imbir, cynamon. (mro\u017cone maliny 39%, cukier, mro\u017cone czarne porzeczki 9%, mi\u00f3d naturalny 8%, korze\u0144 imbiru 5%, cynamon mielony. Bez GMO.) Masz pytania? Skontaktuj si\u0119 z nami na stronie kontaktowej lub napisz do nas na naszym koncie na Facebooku, a my odpowiemy [\u2026]<\/p>","protected":false},"featured_media":30885,"comment_status":"open","ping_status":"closed","template":"","meta":[],"_links":{"self":[{"href":"https:\/\/hookahshop.lt\/pl\/wp-json\/wp\/v2\/product\/30882"}],"collection":[{"href":"https:\/\/hookahshop.lt\/pl\/wp-json\/wp\/v2\/product"}],"about":[{"href":"https:\/\/hookahshop.lt\/pl\/wp-json\/wp\/v2\/types\/product"}],"replies":[{"embeddable":true,"href":"https:\/\/hookahshop.lt\/pl\/wp-json\/wp\/v2\/comments?post=30882"}],"version-history":[{"count":8,"href":"https:\/\/hookahshop.lt\/pl\/wp-json\/wp\/v2\/product\/30882\/revisions"}],"predecessor-version":[{"id":34431,"href":"https:\/\/hookahshop.lt\/pl\/wp-json\/wp\/v2\/product\/30882\/revisions\/34431"}],"wp:featuredmedia":[{"embeddable":true,"href":"https:\/\/hookahshop.lt\/pl\/wp-json\/wp\/v2\/media\/30885"}],"wp:attachment":[{"href":"https:\/\/hookahshop.lt\/pl\/wp-json\/wp\/v2\/media?parent=30882"}],"curies":[{"name":"wp","href":"https:\/\/api.w.org\/{rel}","templated":true}]}}