{"id":30893,"date":"2022-01-25T22:12:21","date_gmt":"2022-01-25T20:12:21","guid":{"rendered":"https:\/\/hookahshop.lt\/?post_type=product&#038;p=30893"},"modified":"2026-04-14T23:29:26","modified_gmt":"2026-04-14T20:29:26","slug":"arbata-gulfstream-vysniu-50g","status":"publish","type":"product","link":"https:\/\/hookahshop.lt\/pl\/produkt\/herbata-golfstream-wisnia-50g\/","title":{"rendered":"Herbata GULFSTREAM wi\u015bnia 50g"},"content":{"rendered":"<h2>Herbata GULFSTREAM wi\u015bnia 50g<\/h2>\n<p>Herbata wi\u015bniowa to pe\u0142ny, bogaty w smaku nap\u00f3j, uzupe\u0142niony nutami cynamonu i owoc\u00f3w cytrusowych. Ta mieszanka herbaty jest przygotowywana na bazie puree.<\/p>\n<p><strong>Sk\u0142adniki: wi\u015bnie, pomara\u0144cze, cynamon.<\/strong><br \/>\n<em>(cukier, mro\u017cone wi\u015bnie drylowane 32%, mi\u00f3d naturalny 12%, pomara\u0144cze 11%, czarna porzeczka mro\u017cona 10%, p\u0142atki r\u00f3\u017c jamajskich, mielony cynamon, mielony pieprz czerwony, ga\u0142ka muszkato\u0142owa, go\u017adziki.) GMO.<\/em><\/p>\n<p>Czy masz jakie\u015b pytania? Skontaktuj si\u0119 z nami\u00a0<a href=\"https:\/\/hookahshop.lt\/pl\/lacznosc\/\">strona z kontaktami<\/a>\u00a0lub napisz do nas na adres\u00a0<a href=\"https:\/\/facebook.com\/HookahShop.lt\/\" target=\"_blank\" rel=\"noopener noreferrer\">konto na Facebooku<\/a>\u00a0a my odpowiemy na Twoj\u0105 pro\u015bb\u0119 tego samego dnia.<\/p>","protected":false},"excerpt":{"rendered":"<p>Herbata GULFSTREAM wi\u015bnia 50g Herbata Wi\u015bniowa to nap\u00f3j o bogatym, bogatym smaku, uzupe\u0142nionym nutami cynamonu i owoc\u00f3w cytrusowych. Ta mieszanka herbaciana sk\u0142ada si\u0119 z puree. Sk\u0142adniki: wi\u015bnie, pomara\u0144cze, cynamon. (cukier, mro\u017cone wi\u015bnie bez pestek 32%, mi\u00f3d naturalny 12%, pomara\u0144cze 11%, mro\u017cone czarne porzeczki 10%, p\u0142atki r\u00f3\u017c jamajskich, mielony cynamon, mielony czerwony pieprz, ga\u0142ka muszkato\u0142owa, go\u017adziki. [\u2026]<\/p>","protected":false},"featured_media":30887,"comment_status":"open","ping_status":"closed","template":"","meta":[],"_links":{"self":[{"href":"https:\/\/hookahshop.lt\/pl\/wp-json\/wp\/v2\/product\/30893"}],"collection":[{"href":"https:\/\/hookahshop.lt\/pl\/wp-json\/wp\/v2\/product"}],"about":[{"href":"https:\/\/hookahshop.lt\/pl\/wp-json\/wp\/v2\/types\/product"}],"replies":[{"embeddable":true,"href":"https:\/\/hookahshop.lt\/pl\/wp-json\/wp\/v2\/comments?post=30893"}],"version-history":[{"count":7,"href":"https:\/\/hookahshop.lt\/pl\/wp-json\/wp\/v2\/product\/30893\/revisions"}],"predecessor-version":[{"id":34098,"href":"https:\/\/hookahshop.lt\/pl\/wp-json\/wp\/v2\/product\/30893\/revisions\/34098"}],"wp:featuredmedia":[{"embeddable":true,"href":"https:\/\/hookahshop.lt\/pl\/wp-json\/wp\/v2\/media\/30887"}],"wp:attachment":[{"href":"https:\/\/hookahshop.lt\/pl\/wp-json\/wp\/v2\/media?parent=30893"}],"curies":[{"name":"wp","href":"https:\/\/api.w.org\/{rel}","templated":true}]}}