{"id":30902,"date":"2022-01-25T22:25:03","date_gmt":"2022-01-25T20:25:03","guid":{"rendered":"https:\/\/hookahshop.lt\/?post_type=product&#038;p=30902"},"modified":"2026-04-23T23:29:42","modified_gmt":"2026-04-23T20:29:42","slug":"arbata-gulfstream-imbierine-50g","status":"publish","type":"product","link":"https:\/\/hookahshop.lt\/pl\/produkt\/herbata-gulfstream-imbir-50g\/","title":{"rendered":"Herbata imbirowa GULFSTREAM 50g"},"content":{"rendered":"<h2>Herbata imbirowa GULFSTREAM 50g<\/h2>\n<p>Herbata o bogatym smaku imbiru, wzbogacona naturalnym miodem i pikantnymi nutami aromatu owoc\u00f3w limonki. Ta mieszanka herbaty jest przygotowywana na bazie puree.<\/p>\n<p><strong>Sk\u0142ad: mi\u00f3d, imbir, owoce limonki.\u00a0<\/strong><\/p>\n<p>Czy masz jakie\u015b pytania? Skontaktuj si\u0119 z nami\u00a0<a href=\"https:\/\/hookahshop.lt\/pl\/lacznosc\/\">strona z kontaktami<\/a>\u00a0lub napisz do nas na adres\u00a0<a href=\"https:\/\/facebook.com\/HookahShop.lt\/\" target=\"_blank\" rel=\"noopener noreferrer\">konto na Facebooku<\/a>\u00a0a my odpowiemy na Twoj\u0105 pro\u015bb\u0119 tego samego dnia.<\/p>","protected":false},"excerpt":{"rendered":"<p>Herbata GULFSTREAM imbirowa 50g Bogata herbata o smaku imbiru, wzbogacona naturalnym miodem i pikantnymi nutami smaku owoc\u00f3w limonki. Ta mieszanka herbaciana sk\u0142ada si\u0119 z puree. Sk\u0142adniki: mi\u00f3d, imbir, owoc limonki. Czy masz jakie\u015b pytania? Skontaktuj si\u0119 z nami na stronie kontaktowej lub napisz do nas na naszym koncie na Facebooku, a my odpowiemy na Twoj\u0105 pro\u015bb\u0119 jeszcze tego samego dnia.<\/p>","protected":false},"featured_media":40889,"comment_status":"open","ping_status":"closed","template":"","meta":[],"_links":{"self":[{"href":"https:\/\/hookahshop.lt\/pl\/wp-json\/wp\/v2\/product\/30902"}],"collection":[{"href":"https:\/\/hookahshop.lt\/pl\/wp-json\/wp\/v2\/product"}],"about":[{"href":"https:\/\/hookahshop.lt\/pl\/wp-json\/wp\/v2\/types\/product"}],"replies":[{"embeddable":true,"href":"https:\/\/hookahshop.lt\/pl\/wp-json\/wp\/v2\/comments?post=30902"}],"version-history":[{"count":6,"href":"https:\/\/hookahshop.lt\/pl\/wp-json\/wp\/v2\/product\/30902\/revisions"}],"predecessor-version":[{"id":30920,"href":"https:\/\/hookahshop.lt\/pl\/wp-json\/wp\/v2\/product\/30902\/revisions\/30920"}],"wp:featuredmedia":[{"embeddable":true,"href":"https:\/\/hookahshop.lt\/pl\/wp-json\/wp\/v2\/media\/40889"}],"wp:attachment":[{"href":"https:\/\/hookahshop.lt\/pl\/wp-json\/wp\/v2\/media?parent=30902"}],"curies":[{"name":"wp","href":"https:\/\/api.w.org\/{rel}","templated":true}]}}