{"id":30905,"date":"2022-01-25T22:35:32","date_gmt":"2022-01-25T20:35:32","guid":{"rendered":"https:\/\/hookahshop.lt\/?post_type=product&#038;p=30905"},"modified":"2026-04-14T23:29:26","modified_gmt":"2026-04-14T20:29:26","slug":"arbata-gulfstream-serbentu-50g","status":"publish","type":"product","link":"https:\/\/hookahshop.lt\/pl\/produkt\/herbata-golfstream-porzeczka-50g\/","title":{"rendered":"Herbata GULFSTREAM porzeczka 50g"},"content":{"rendered":"<h2>Herbata GULFSTREAM porzeczka 50g<\/h2>\n<p>Po\u0142\u0105czenie czarnej porzeczki i bazylii o niezapomnianym smaku, kt\u00f3ry dodaje \u015bwie\u017co\u015bci i energii. Ta mieszanka herbaty jest przygotowywana na bazie puree.<\/p>\n<p><strong>Sk\u0142ad: czarna porzeczka, mi\u00f3d, bazylia.\u00a0<\/strong><\/p>\n<p>Czy masz jakie\u015b pytania? Skontaktuj si\u0119 z nami\u00a0<a href=\"https:\/\/hookahshop.lt\/pl\/lacznosc\/\">strona z kontaktami<\/a>\u00a0lub napisz do nas na adres\u00a0<a href=\"https:\/\/facebook.com\/HookahShop.lt\/\" target=\"_blank\" rel=\"noopener noreferrer\">konto na Facebooku<\/a>\u00a0a my odpowiemy na Twoj\u0105 pro\u015bb\u0119 tego samego dnia.<\/p>","protected":false},"excerpt":{"rendered":"<p>Herbata Porzeczkowa GULFSTREAM 50g Niezapomniane po\u0142\u0105czenie smakowe czarnej porzeczki i bazylii, zapewniaj\u0105ce \u015bwie\u017co\u015b\u0107 i energi\u0119. Ta mieszanka herbaciana sk\u0142ada si\u0119 z puree. Sk\u0142adniki: czarne porzeczki, mi\u00f3d, bazylia. Czy masz jakie\u015b pytania? Skontaktuj si\u0119 z nami na stronie kontaktowej lub napisz do nas na naszym koncie na Facebooku, a my odpowiemy na Twoj\u0105 pro\u015bb\u0119 jeszcze tego samego dnia.<\/p>","protected":false},"featured_media":40888,"comment_status":"open","ping_status":"closed","template":"","meta":[],"_links":{"self":[{"href":"https:\/\/hookahshop.lt\/pl\/wp-json\/wp\/v2\/product\/30905"}],"collection":[{"href":"https:\/\/hookahshop.lt\/pl\/wp-json\/wp\/v2\/product"}],"about":[{"href":"https:\/\/hookahshop.lt\/pl\/wp-json\/wp\/v2\/types\/product"}],"replies":[{"embeddable":true,"href":"https:\/\/hookahshop.lt\/pl\/wp-json\/wp\/v2\/comments?post=30905"}],"version-history":[{"count":5,"href":"https:\/\/hookahshop.lt\/pl\/wp-json\/wp\/v2\/product\/30905\/revisions"}],"predecessor-version":[{"id":34430,"href":"https:\/\/hookahshop.lt\/pl\/wp-json\/wp\/v2\/product\/30905\/revisions\/34430"}],"wp:featuredmedia":[{"embeddable":true,"href":"https:\/\/hookahshop.lt\/pl\/wp-json\/wp\/v2\/media\/40888"}],"wp:attachment":[{"href":"https:\/\/hookahshop.lt\/pl\/wp-json\/wp\/v2\/media?parent=30905"}],"curies":[{"name":"wp","href":"https:\/\/api.w.org\/{rel}","templated":true}]}}