{"id":30910,"date":"2022-01-25T22:41:43","date_gmt":"2022-01-25T20:41:43","guid":{"rendered":"https:\/\/hookahshop.lt\/?post_type=product&#038;p=30910"},"modified":"2026-04-14T23:29:26","modified_gmt":"2026-04-14T20:29:26","slug":"arbata-gulfstream-saltalankiu-50g","status":"publish","type":"product","link":"https:\/\/hookahshop.lt\/pl\/produkt\/herbata-gulfstream-saltalankau-50g\/","title":{"rendered":"Herbata GULFSTREAM Rokitnik 50g"},"content":{"rendered":"<h2>Herbata GULFSTREAM Rokitnik 50g<\/h2>\n<p>Bogate po\u0142\u0105czenie rokitnika, imbiru, cynamonu i miodu zaskoczy Ci\u0119 swoim niepowtarzalnym smakiem. Wyj\u0105tkowy smak i zalety napoju poczujesz od razu. Zimny nap\u00f3j orze\u017awi w upalny letni dzie\u0144, a gor\u0105ca herbata rozgrzeje w mro\u017an\u0105 zim\u0119. Ta mieszanka herbaty jest przygotowywana na bazie puree.<\/p>\n<p><strong>Sk\u0142ad: rokitnik, imbir, owoce limonki, any\u017c.<\/strong><br \/>\n(mro\u017cony cukier rokitnik 48%, mi\u00f3d naturalny 15%, imbir, owoc limonki, mielony cynamon, any\u017c.)<\/p>\n<p>Czy masz jakie\u015b pytania? Skontaktuj si\u0119 z nami\u00a0<a href=\"https:\/\/hookahshop.lt\/pl\/lacznosc\/\">strona z kontaktami<\/a>\u00a0lub napisz do nas na adres\u00a0<a href=\"https:\/\/facebook.com\/HookahShop.lt\/\" target=\"_blank\" rel=\"noopener noreferrer\">konto na Facebooku<\/a>\u00a0a my odpowiemy na Twoj\u0105 pro\u015bb\u0119 tego samego dnia.<\/p>\n<p>&nbsp;<\/p>","protected":false},"excerpt":{"rendered":"<p>Herbata Rokitnikowa GULFSTREAM 50g Bogate po\u0142\u0105czenie rokitnika, imbiru, cynamonu i miodu zaskoczy Ci\u0119 swoim niepowtarzalnym smakiem. Natychmiast poczujesz wyj\u0105tkowy smak i zalety napoju. Zimny nap\u00f3j orze\u017awi Ci\u0119 w upalny letni dzie\u0144, a gor\u0105ca herbata rozgrzeje Ci\u0119 w mro\u017an\u0105 zim\u0119. Ta mieszanka herbaciana sk\u0142ada si\u0119 z puree. Sk\u0142adniki: rokitnik zwyczajny, imbir, owoc limonki, any\u017c. (cukier mro\u017cony rokitnik 48%, mi\u00f3d naturalny 15%, imbir, owoc limonki, [\u2026]<\/p>","protected":false},"featured_media":40887,"comment_status":"open","ping_status":"closed","template":"","meta":[],"_links":{"self":[{"href":"https:\/\/hookahshop.lt\/pl\/wp-json\/wp\/v2\/product\/30910"}],"collection":[{"href":"https:\/\/hookahshop.lt\/pl\/wp-json\/wp\/v2\/product"}],"about":[{"href":"https:\/\/hookahshop.lt\/pl\/wp-json\/wp\/v2\/types\/product"}],"replies":[{"embeddable":true,"href":"https:\/\/hookahshop.lt\/pl\/wp-json\/wp\/v2\/comments?post=30910"}],"version-history":[{"count":9,"href":"https:\/\/hookahshop.lt\/pl\/wp-json\/wp\/v2\/product\/30910\/revisions"}],"predecessor-version":[{"id":44597,"href":"https:\/\/hookahshop.lt\/pl\/wp-json\/wp\/v2\/product\/30910\/revisions\/44597"}],"wp:featuredmedia":[{"embeddable":true,"href":"https:\/\/hookahshop.lt\/pl\/wp-json\/wp\/v2\/media\/40887"}],"wp:attachment":[{"href":"https:\/\/hookahshop.lt\/pl\/wp-json\/wp\/v2\/media?parent=30910"}],"curies":[{"name":"wp","href":"https:\/\/api.w.org\/{rel}","templated":true}]}}