{"id":31314,"date":"2022-02-16T14:40:59","date_gmt":"2022-02-16T12:40:59","guid":{"rendered":"https:\/\/hookahshop.lt\/?post_type=product&#038;p=31314"},"modified":"2026-04-17T23:29:45","modified_gmt":"2026-04-17T20:29:45","slug":"kaljanas-aladin-mvp-a46-clear","status":"publish","type":"product","link":"https:\/\/hookahshop.lt\/pl\/produkt\/hookah-aladin-mvp-a46-clear\/","title":{"rendered":"Fajka wodna ALADIN MVP A46 przezroczysta"},"content":{"rendered":"<h2>Fajka wodna ALADIN MVP A46 przezroczysta<\/h2>\n<p>Ta fajka wodna robi niesamowite wra\u017cenie dzi\u0119ki wysokiej jako\u015bci materia\u0142om. Jako\u015b\u0107 wykonania i indywidualny projekt nie pozostawi\u0105 Ci\u0119 oboj\u0119tnym.<br \/>\nDzi\u0119ki kompaktowym rozmiarom jest idealnym towarzyszem podr\u00f3\u017cy dla tych, kt\u00f3rzy chc\u0105 mie\u0107 produkt wysokiej jako\u015bci w podr\u00f3\u017cy i nadaj\u0105cy si\u0119 do u\u017cytku domowego.<\/p>\n<p><strong>Charakterystyka:<\/strong><br \/>\nWysoko\u015b\u0107: 46 cm<br \/>\nMateria\u0142 fajki wodnej: stal nierdzewna<br \/>\nKolba: gwintowana<br \/>\nMateria\u0142 kolby: szk\u0142o<br \/>\nDyfuzor: tak (regulowany)<br \/>\nIlo\u015b\u0107 w\u0119\u017cy: w komplecie z 1 w\u0119\u017cem i 1 ustnikiem (mo\u017cliwe pod\u0142\u0105czenie do 2 w\u0119\u017cy).<\/p>\n<p><strong>Standardowy zestaw zawiera:<\/strong><br \/>\nszczypce, mi\u0119kki w\u0105\u017c silikonowy z dyszami, kubek, komin na kubek.<\/p>\n<p>Czy masz jakie\u015b pytania? Skontaktuj si\u0119 z nami\u00a0<a href=\"https:\/\/hookahshop.lt\/pl\/lacznosc\/\">strona z kontaktami<\/a>\u00a0lub napisz do nas na adres\u00a0<a href=\"https:\/\/facebook.com\/HookahShop.lt\/\" target=\"_blank\" rel=\"noopener noreferrer\">konto na Facebooku<\/a>\u00a0a my odpowiemy na Twoj\u0105 pro\u015bb\u0119 tego samego dnia.<\/p>\n<p>&nbsp;<\/p>","protected":false},"excerpt":{"rendered":"<p>Fajka wodna ALADIN MVP A46 Clear Ta szisza robi wspania\u0142e wra\u017cenie dzi\u0119ki wysokiej jako\u015bci materia\u0142om. Jako\u015b\u0107 wykonania i indywidualny projekt nie pozostawi\u0105 Ci\u0119 oboj\u0119tnym. Dzi\u0119ki swoim kompaktowym rozmiarom jest idealnym towarzyszem podr\u00f3\u017cy dla tych, kt\u00f3rzy chc\u0105 mie\u0107 produkt wysokiej jako\u015bci w podr\u00f3\u017cy i odpowiedni do u\u017cytku w domu. Charakterystyka: Wysoko\u015b\u0107: 46cm Materia\u0142 fajki wodnej: stal nierdzewna Kolba: gwintowana Materia\u0142 kolby: szk\u0142o Dyfuzor: dost\u0119pny (regulowany) [\u2026]<\/p>","protected":false},"featured_media":31317,"comment_status":"open","ping_status":"closed","template":"","meta":[],"_links":{"self":[{"href":"https:\/\/hookahshop.lt\/pl\/wp-json\/wp\/v2\/product\/31314"}],"collection":[{"href":"https:\/\/hookahshop.lt\/pl\/wp-json\/wp\/v2\/product"}],"about":[{"href":"https:\/\/hookahshop.lt\/pl\/wp-json\/wp\/v2\/types\/product"}],"replies":[{"embeddable":true,"href":"https:\/\/hookahshop.lt\/pl\/wp-json\/wp\/v2\/comments?post=31314"}],"version-history":[{"count":7,"href":"https:\/\/hookahshop.lt\/pl\/wp-json\/wp\/v2\/product\/31314\/revisions"}],"predecessor-version":[{"id":32925,"href":"https:\/\/hookahshop.lt\/pl\/wp-json\/wp\/v2\/product\/31314\/revisions\/32925"}],"wp:featuredmedia":[{"embeddable":true,"href":"https:\/\/hookahshop.lt\/pl\/wp-json\/wp\/v2\/media\/31317"}],"wp:attachment":[{"href":"https:\/\/hookahshop.lt\/pl\/wp-json\/wp\/v2\/media?parent=31314"}],"curies":[{"name":"wp","href":"https:\/\/api.w.org\/{rel}","templated":true}]}}