{"id":31329,"date":"2022-02-16T15:24:37","date_gmt":"2022-02-16T13:24:37","guid":{"rendered":"https:\/\/hookahshop.lt\/?post_type=product&#038;p=31329"},"modified":"2026-04-14T23:29:26","modified_gmt":"2026-04-14T20:29:26","slug":"kaljanas-steamulation-pro-x-ii-black-matt","status":"publish","type":"product","link":"https:\/\/hookahshop.lt\/pl\/produkt\/szisza-parujaca-pro-x-ii-czarna-matowa\/","title":{"rendered":"Fajka wodna STEAMULATION Pro X II Czarna Matowa"},"content":{"rendered":"<h2>Fajka wodna STEAMULATION Pro X II Czarna Matowa<\/h2>\n<p>Po\u0142\u0105czenie funkcji tej fajki wodnej zapewnia, \u017ce ka\u017cdy u\u017cytkownik mo\u017ce znale\u017a\u0107 odpowiednie ustawienie dla swoich potrzeb. To fajka wodna z najwi\u0119ksz\u0105 liczb\u0105 funkcji i mo\u017cliwo\u015bci dostosowania na \u015bwiecie! Wraz ze Steamulation Pro X II z dum\u0105 przedstawiamy nast\u0119pc\u0119 popularnego Steamulation Pro X. Wszystkie funkcje i mo\u017cliwo\u015bci, kt\u00f3re uczyni\u0142y Steamulation Pro X wyj\u0105tkow\u0105, wysokiej klasy fajk\u0105 wodn\u0105, zosta\u0142y ponownie zoptymalizowane pod k\u0105tem Steamulation Pro X II, a niekt\u00f3re zosta\u0142y nawet ca\u0142kowicie przeprojektowane.<\/p>\n<p><strong>Uko\u0144czenie:<\/strong><br \/>\nNargile<br \/>\nAdapter w\u0119\u017ca 1szt.<\/p>\n<p><strong>Charakterystyka:<\/strong><br \/>\nWysoko\u015b\u0107: 52 cm<br \/>\nWaga: ~4,8 kg<br \/>\nZdejmowany dyfuzor (nieregulowany)<br \/>\nMateria\u0142: Stal nierdzewna<br \/>\nKolba: z systemem klik<\/p>\n<p><strong>Dodatkowo dost\u0119pne:<\/strong><br \/>\nUstnik<br \/>\nW\u0105\u017c silikonowy<br \/>\n<img decoding=\"async\" loading=\"lazy\" class=\"alignnone size-medium wp-image-38512\" src=\"https:\/\/hookahshop.lt\/wp-content\/uploads\/2022\/06\/mazu-aladinu-komplektacija-1-300x273.jpg\" alt=\"- hookahshop.lt\" width=\"300\" height=\"273\" srcset=\"https:\/\/hookahshop.lt\/wp-content\/uploads\/2022\/06\/mazu-aladinu-komplektacija-1-300x273.jpg 300w, https:\/\/hookahshop.lt\/wp-content\/uploads\/2022\/06\/mazu-aladinu-komplektacija-1-13x12.jpg 13w, https:\/\/hookahshop.lt\/wp-content\/uploads\/2022\/06\/mazu-aladinu-komplektacija-1-64x58.jpg 64w, https:\/\/hookahshop.lt\/wp-content\/uploads\/2022\/06\/mazu-aladinu-komplektacija-1.jpg 420w\" sizes=\"(max-width: 300px) 100vw, 300px\" title=\"\"><\/p>\n<p>Czy masz jakie\u015b pytania? Skontaktuj si\u0119 z nami\u00a0<a href=\"https:\/\/hookahshop.lt\/pl\/lacznosc\/\">strona z kontaktami<\/a>\u00a0lub napisz do nas na adres\u00a0<a href=\"https:\/\/facebook.com\/HookahShop.lt\/\" target=\"_blank\" rel=\"noopener noreferrer\">konto na Facebooku<\/a>\u00a0a my odpowiemy na Twoj\u0105 pro\u015bb\u0119 tego samego dnia.<\/p>","protected":false},"excerpt":{"rendered":"<p>Szisza STEAMULATION Pro X II Black Matt Po\u0142\u0105czenie cech tej fajki wodnej sprawia, \u017ce ka\u017cdy u\u017cytkownik znajdzie ustawienie odpowiednie dla swoich potrzeb. To fajka wodna z najwi\u0119ksz\u0105 liczb\u0105 funkcji i opcji dostosowywania na \u015bwiecie! Dzi\u0119ki Steamulation Pro X II z dum\u0105 prezentujemy nast\u0119pc\u0119 popularnego Steamulation Pro X. Wszystkie funkcje i cechy, kt\u00f3re sprawiaj\u0105, \u017ce Steamulation Pro X jest [\u2026]<\/p>","protected":false},"featured_media":41457,"comment_status":"open","ping_status":"closed","template":"","meta":[],"_links":{"self":[{"href":"https:\/\/hookahshop.lt\/pl\/wp-json\/wp\/v2\/product\/31329"}],"collection":[{"href":"https:\/\/hookahshop.lt\/pl\/wp-json\/wp\/v2\/product"}],"about":[{"href":"https:\/\/hookahshop.lt\/pl\/wp-json\/wp\/v2\/types\/product"}],"replies":[{"embeddable":true,"href":"https:\/\/hookahshop.lt\/pl\/wp-json\/wp\/v2\/comments?post=31329"}],"version-history":[{"count":7,"href":"https:\/\/hookahshop.lt\/pl\/wp-json\/wp\/v2\/product\/31329\/revisions"}],"predecessor-version":[{"id":45365,"href":"https:\/\/hookahshop.lt\/pl\/wp-json\/wp\/v2\/product\/31329\/revisions\/45365"}],"wp:featuredmedia":[{"embeddable":true,"href":"https:\/\/hookahshop.lt\/pl\/wp-json\/wp\/v2\/media\/41457"}],"wp:attachment":[{"href":"https:\/\/hookahshop.lt\/pl\/wp-json\/wp\/v2\/media?parent=31329"}],"curies":[{"name":"wp","href":"https:\/\/api.w.org\/{rel}","templated":true}]}}