{"id":31343,"date":"2022-02-16T15:42:34","date_gmt":"2022-02-16T13:42:34","guid":{"rendered":"https:\/\/hookahshop.lt\/?post_type=product&#038;p=31343"},"modified":"2026-04-22T23:29:40","modified_gmt":"2026-04-22T20:29:40","slug":"kandiklis-kaljanui-steamulation-konus-one-black","status":"publish","type":"product","link":"https:\/\/hookahshop.lt\/pl\/produkt\/ustnik-do-fajki-sziszy-stozek-parujacy-jeden-czarny\/","title":{"rendered":"Haczyk do STEAMULACJI Konus One Czarny"},"content":{"rendered":"<h2>Haczyk do STEAMULACJI Konus One Czarny<\/h2>\n<p>Wyprodukowane z najwy\u017csz\u0105 precyzj\u0105 w Niemczech. Wykonany jest z wysokiej jako\u015bci aluminium i po anodowaniu pomalowany na czarno. Anodowana powierzchnia zachwyca nie tylko g\u0142\u0119bok\u0105 czerni\u0105, ale tak\u017ce ulepszonymi w\u0142a\u015bciwo\u015bciami materia\u0142u: pow\u0142oka chroni przed zarysowaniami i korozj\u0105, gwarantuj\u0105c trwa\u0142o\u015b\u0107 ustnika. Kluczowymi elementami przejrzystego projektu s\u0105 g\u0142\u0119boka czer\u0144, laserowa marka Steamulation i konstrukcja w kszta\u0142cie sto\u017cka. Technologia Conus zosta\u0142a zaprojektowana tak, aby pasowa\u0142a mi\u0119dzy ustnikiem a przy\u0142\u0105czami w\u0119\u017ca fajki wodnej. W przypadku, gdy nie wszystkie po\u0142\u0105czenia s\u0105 u\u017cywane podczas palenia, ustnik mo\u017cna w\u0142o\u017cy\u0107 do nieu\u017cywanych po\u0142\u0105cze\u0144 w celu wykorzystania jako inteligentne urz\u0105dzenie do przechowywania. Mo\u017cesz wi\u0119c zrobi\u0107 sobie przerw\u0119 od palenia, kiedy tylko chcesz. Tak wi\u0119c ten ustnik zapewnia niezwykle wygodne palenie.<\/p>\n<p><strong>Charakterystyka:<\/strong><br \/>\nD\u0142ugo\u015b\u0107: 240 mm<br \/>\nWaga: 100g<br \/>\n\u015arednica wewn\u0119trzna: 10 mm<br \/>\n\u015arednica zewn\u0119trzna: 19 mm<\/p>\n<p>Czy masz jakie\u015b pytania? Skontaktuj si\u0119 z nami\u00a0<a href=\"https:\/\/hookahshop.lt\/pl\/lacznosc\/\">strona z kontaktami<\/a>\u00a0lub napisz do nas na adres\u00a0<a href=\"https:\/\/facebook.com\/HookahShop.lt\/\" target=\"_blank\" rel=\"noopener noreferrer\">konto na Facebooku<\/a>\u00a0a my odpowiemy na Twoj\u0105 pro\u015bb\u0119 tego samego dnia.<\/p>","protected":false},"excerpt":{"rendered":"<p>Ustnik do fajki wodnej STEAMULATION Konus One Black Wyprodukowany z najwy\u017csz\u0105 precyzj\u0105 w Niemczech. Wykonany jest z wysokiej jako\u015bci aluminium i po anodowaniu pomalowany na czarno. Anodowana powierzchnia zaskakuje nie tylko g\u0142\u0119bokim czarnym kolorem, ale tak\u017ce poprawionymi w\u0142a\u015bciwo\u015bciami materia\u0142u: pow\u0142oka chroni przed zarysowaniami i korozj\u0105, gwarantuj\u0105c trwa\u0142o\u015b\u0107 ustnika. Kluczowymi elementami przejrzystego projektu s\u0105 g\u0142\u0119boka czer\u0144, laserowe logo Steamulation [\u2026]<\/p>","protected":false},"featured_media":31351,"comment_status":"open","ping_status":"closed","template":"","meta":[],"_links":{"self":[{"href":"https:\/\/hookahshop.lt\/pl\/wp-json\/wp\/v2\/product\/31343"}],"collection":[{"href":"https:\/\/hookahshop.lt\/pl\/wp-json\/wp\/v2\/product"}],"about":[{"href":"https:\/\/hookahshop.lt\/pl\/wp-json\/wp\/v2\/types\/product"}],"replies":[{"embeddable":true,"href":"https:\/\/hookahshop.lt\/pl\/wp-json\/wp\/v2\/comments?post=31343"}],"version-history":[{"count":4,"href":"https:\/\/hookahshop.lt\/pl\/wp-json\/wp\/v2\/product\/31343\/revisions"}],"predecessor-version":[{"id":33315,"href":"https:\/\/hookahshop.lt\/pl\/wp-json\/wp\/v2\/product\/31343\/revisions\/33315"}],"wp:featuredmedia":[{"embeddable":true,"href":"https:\/\/hookahshop.lt\/pl\/wp-json\/wp\/v2\/media\/31351"}],"wp:attachment":[{"href":"https:\/\/hookahshop.lt\/pl\/wp-json\/wp\/v2\/media?parent=31343"}],"curies":[{"name":"wp","href":"https:\/\/api.w.org\/{rel}","templated":true}]}}