{"id":31352,"date":"2022-02-16T16:03:45","date_gmt":"2022-02-16T14:03:45","guid":{"rendered":"https:\/\/hookahshop.lt\/?post_type=product&#038;p=31352"},"modified":"2026-04-18T23:29:14","modified_gmt":"2026-04-18T20:29:14","slug":"jungtis-kaljanui-steamulation","status":"publish","type":"product","link":"https:\/\/hookahshop.lt\/pl\/produkt\/polaczenie-szisza-parowanie\/","title":{"rendered":"\u0141\u0105cznik hakowy PAROWANIE"},"content":{"rendered":"<h2>\u0141\u0105cznik hakowy PAROWANIE<\/h2>\n<p>Charakteryzuje si\u0119 wyj\u0105tkowym kszta\u0142tem, idealnym do pod\u0142\u0105czenia w\u0119\u017ca serii Steamulation Classic, bez konieczno\u015bci stosowania dodatkowych gumowych uszczelek. To z\u0142\u0105cze s\u0142u\u017cy do pod\u0142\u0105czenia dodatkowego w\u0119\u017ca do fajki wodnej Steamulation Classic.<\/p>\n<p><strong>Specyfikacja:<\/strong><br \/>\nMateria\u0142: Stal nierdzewna<br \/>\nKraj producenta: Niemcy<\/p>\n<p>Czy masz jakie\u015b pytania? Skontaktuj si\u0119 z nami\u00a0<a href=\"https:\/\/hookahshop.lt\/pl\/lacznosc\/\">strona z kontaktami<\/a>\u00a0lub napisz do nas na adres\u00a0<a href=\"https:\/\/facebook.com\/HookahShop.lt\/\" target=\"_blank\" rel=\"noopener noreferrer\">konto na Facebooku<\/a>\u00a0a my odpowiemy na Twoj\u0105 pro\u015bb\u0119 tego samego dnia.<\/p>\n<p>&nbsp;<\/p>","protected":false},"excerpt":{"rendered":"<p>Z\u0142\u0105cze do fajki wodnej STEAMULATION Posiada unikalny kszta\u0142t, kt\u00f3ry idealnie pasuje do z\u0142\u0105cza w\u0119\u017ca serii Steamulation Classic, bez konieczno\u015bci stosowania dodatkowych uszczelek gumowych. Z\u0142\u0105cze to przeznaczone jest do pod\u0142\u0105czenia dodatkowego w\u0119\u017ca do fajki wodnej Steamulation Classic. Specyfikacja: Materia\u0142: Stal nierdzewna Kraj producenta: Niemcy Masz pytania? Skontaktuj si\u0119 z nami na stronie kontaktowej lub napisz do nas na naszym koncie na Facebooku, a my odpowiemy na Twoj\u0105 pro\u015bb\u0119 jeszcze tego samego dnia. &nbsp;<\/p>","protected":false},"featured_media":31359,"comment_status":"open","ping_status":"closed","template":"","meta":[],"_links":{"self":[{"href":"https:\/\/hookahshop.lt\/pl\/wp-json\/wp\/v2\/product\/31352"}],"collection":[{"href":"https:\/\/hookahshop.lt\/pl\/wp-json\/wp\/v2\/product"}],"about":[{"href":"https:\/\/hookahshop.lt\/pl\/wp-json\/wp\/v2\/types\/product"}],"replies":[{"embeddable":true,"href":"https:\/\/hookahshop.lt\/pl\/wp-json\/wp\/v2\/comments?post=31352"}],"version-history":[{"count":3,"href":"https:\/\/hookahshop.lt\/pl\/wp-json\/wp\/v2\/product\/31352\/revisions"}],"predecessor-version":[{"id":32800,"href":"https:\/\/hookahshop.lt\/pl\/wp-json\/wp\/v2\/product\/31352\/revisions\/32800"}],"wp:featuredmedia":[{"embeddable":true,"href":"https:\/\/hookahshop.lt\/pl\/wp-json\/wp\/v2\/media\/31359"}],"wp:attachment":[{"href":"https:\/\/hookahshop.lt\/pl\/wp-json\/wp\/v2\/media?parent=31352"}],"curies":[{"name":"wp","href":"https:\/\/api.w.org\/{rel}","templated":true}]}}