{"id":31360,"date":"2022-02-16T16:18:04","date_gmt":"2022-02-16T14:18:04","guid":{"rendered":"https:\/\/hookahshop.lt\/?post_type=product&#038;p=31360"},"modified":"2026-04-06T23:29:21","modified_gmt":"2026-04-06T20:29:21","slug":"jungtis-kaljanui-aladin-mvp","status":"publish","type":"product","link":"https:\/\/hookahshop.lt\/pl\/produkt\/link-szisza-aladin-mvp\/","title":{"rendered":"\u0141\u0105cznik hakowy ALADIN MVP"},"content":{"rendered":"<h2>\u0141\u0105cznik hakowy ALADIN MVP<\/h2>\n<p>Do pod\u0142\u0105czenia dodatkowego w\u0119\u017ca do modeli ALADIN MVP: MVP360, MVP370, MVP500, MVP510. Z\u0142\u0105cze to przeznaczone jest do pod\u0142\u0105czenia dodatkowego w\u0119\u017ca do fajki wodnej ALADIN MVP.<\/p>\n<p><strong>Specyfikacja:<\/strong><br \/>\nMateria\u0142: Stal nierdzewna<br \/>\nKraj producenta: Niemcy<\/p>\n<p>Czy masz jakie\u015b pytania? Skontaktuj si\u0119 z nami\u00a0<a href=\"https:\/\/hookahshop.lt\/pl\/lacznosc\/\">strona z kontaktami<\/a>\u00a0lub napisz do nas na adres\u00a0<a href=\"https:\/\/facebook.com\/HookahShop.lt\/\" target=\"_blank\" rel=\"noopener noreferrer\">konto na Facebooku<\/a>\u00a0a my odpowiemy na Twoj\u0105 pro\u015bb\u0119 tego samego dnia.<\/p>","protected":false},"excerpt":{"rendered":"<p>Przy\u0142\u0105cze do fajki wodnej ALADIN MVP Do pod\u0142\u0105czenia dodatkowego w\u0119\u017ca do fajki wodnej ALADIN MVP w modelach: MVP360, MVP370, MVP500, MVP510. Z\u0142\u0105cze to przeznaczone jest do pod\u0142\u0105czenia dodatkowego w\u0119\u017ca do fajki wodnej ALADIN MVP. Specyfikacja: Materia\u0142: Stal nierdzewna Kraj producenta: Niemcy Masz pytania? Skontaktuj si\u0119 z nami na stronie kontaktowej lub napisz do nas na naszym koncie na Facebooku, a my odpowiemy na Twoj\u0105 pro\u015bb\u0119 jeszcze tego samego dnia.<\/p>","protected":false},"featured_media":40919,"comment_status":"open","ping_status":"closed","template":"","meta":[],"_links":{"self":[{"href":"https:\/\/hookahshop.lt\/pl\/wp-json\/wp\/v2\/product\/31360"}],"collection":[{"href":"https:\/\/hookahshop.lt\/pl\/wp-json\/wp\/v2\/product"}],"about":[{"href":"https:\/\/hookahshop.lt\/pl\/wp-json\/wp\/v2\/types\/product"}],"replies":[{"embeddable":true,"href":"https:\/\/hookahshop.lt\/pl\/wp-json\/wp\/v2\/comments?post=31360"}],"version-history":[{"count":8,"href":"https:\/\/hookahshop.lt\/pl\/wp-json\/wp\/v2\/product\/31360\/revisions"}],"predecessor-version":[{"id":42991,"href":"https:\/\/hookahshop.lt\/pl\/wp-json\/wp\/v2\/product\/31360\/revisions\/42991"}],"wp:featuredmedia":[{"embeddable":true,"href":"https:\/\/hookahshop.lt\/pl\/wp-json\/wp\/v2\/media\/40919"}],"wp:attachment":[{"href":"https:\/\/hookahshop.lt\/pl\/wp-json\/wp\/v2\/media?parent=31360"}],"curies":[{"name":"wp","href":"https:\/\/api.w.org\/{rel}","templated":true}]}}