{"id":31365,"date":"2022-02-16T16:29:50","date_gmt":"2022-02-16T14:29:50","guid":{"rendered":"https:\/\/hookahshop.lt\/?post_type=product&#038;p=31365"},"modified":"2026-04-19T23:29:31","modified_gmt":"2026-04-19T20:29:31","slug":"znyples-kaljano-anglims-aladin-wing-rainbow","status":"publish","type":"product","link":"https:\/\/hookahshop.lt\/pl\/produkt\/szczypce-szisza-wegiel-aladyn-skrzydlo-tecza\/","title":{"rendered":"Szczypce do fajki wodnej ALADIN Wing Rainbow"},"content":{"rendered":"<h2>Szczypce do fajki wodnej ALADIN Wing Rainbow<\/h2>\n<p>Egzotyczny i innowacyjny design zapewnia r\u00f3\u017cnorodno\u015b\u0107 szczypiec w domu. Grubo\u015b\u0107 i materia\u0142 szczypiec zosta\u0142y r\u00f3wnie\u017c celowo dobrane, aby zapewni\u0107 maksymaln\u0105 stabilno\u015b\u0107. Jest to r\u00f3wnie\u017c zauwa\u017calne podczas obs\u0142ugi szczypiec, kt\u00f3re musz\u0105 by\u0107 obs\u0142ugiwane z wi\u0119ksz\u0105 si\u0142\u0105 ni\u017c konwencjonalne szczypce do w\u0119gla.<\/p>\n<p>D\u0142ugo\u015b\u0107: 23 cm.<\/p>\n<p>Czy masz jakie\u015b pytania? Skontaktuj si\u0119 z nami\u00a0<a href=\"https:\/\/hookahshop.lt\/pl\/lacznosc\/\">strona z kontaktami<\/a>\u00a0lub napisz do nas na adres\u00a0<a href=\"https:\/\/facebook.com\/HookahShop.lt\/\" target=\"_blank\" rel=\"noopener noreferrer\">konto na Facebooku<\/a>\u00a0a my odpowiemy na Twoj\u0105 pro\u015bb\u0119 tego samego dnia.<\/p>","protected":false},"excerpt":{"rendered":"<p>Szczypce do w\u0119gla do fajki wodnej ALADIN Wing Rainbow Egzotyczny i innowacyjny design zapewnia r\u00f3\u017cnorodno\u015b\u0107 asortymentu szczypiec w domu. Grubo\u015b\u0107 i materia\u0142 szczypiec r\u00f3wnie\u017c zosta\u0142y celowo dobrane, aby zapewni\u0107 maksymaln\u0105 stabilno\u015b\u0107. Jest to zauwa\u017calne r\u00f3wnie\u017c podczas obs\u0142ugi szczypiec, kt\u00f3re nale\u017cy operowa\u0107 z wi\u0119ksz\u0105 si\u0142\u0105 ni\u017c konwencjonalne szczypce w\u0119glowe. D\u0142ugo\u015b\u0107: 23 cm. Czy masz jakie\u015b pytania? Skontaktuj si\u0119 z nami na stronie kontaktowej lub napisz [\u2026]<\/p>","protected":false},"featured_media":31366,"comment_status":"open","ping_status":"closed","template":"","meta":[],"_links":{"self":[{"href":"https:\/\/hookahshop.lt\/pl\/wp-json\/wp\/v2\/product\/31365"}],"collection":[{"href":"https:\/\/hookahshop.lt\/pl\/wp-json\/wp\/v2\/product"}],"about":[{"href":"https:\/\/hookahshop.lt\/pl\/wp-json\/wp\/v2\/types\/product"}],"replies":[{"embeddable":true,"href":"https:\/\/hookahshop.lt\/pl\/wp-json\/wp\/v2\/comments?post=31365"}],"version-history":[{"count":4,"href":"https:\/\/hookahshop.lt\/pl\/wp-json\/wp\/v2\/product\/31365\/revisions"}],"predecessor-version":[{"id":45450,"href":"https:\/\/hookahshop.lt\/pl\/wp-json\/wp\/v2\/product\/31365\/revisions\/45450"}],"wp:featuredmedia":[{"embeddable":true,"href":"https:\/\/hookahshop.lt\/pl\/wp-json\/wp\/v2\/media\/31366"}],"wp:attachment":[{"href":"https:\/\/hookahshop.lt\/pl\/wp-json\/wp\/v2\/media?parent=31365"}],"curies":[{"name":"wp","href":"https:\/\/api.w.org\/{rel}","templated":true}]}}