{"id":31523,"date":"2022-02-24T17:27:37","date_gmt":"2022-02-24T15:27:37","guid":{"rendered":"https:\/\/hookahshop.lt\/?post_type=product&#038;p=31523"},"modified":"2025-11-06T21:01:37","modified_gmt":"2025-11-06T19:01:37","slug":"kaljano-stovas-revolving-fog-tabula-black","status":"publish","type":"product","link":"https:\/\/hookahshop.lt\/pl\/produkt\/stojak-na-fajke-wodna-obrotowy-mgla-tabula-czarny\/","title":{"rendered":"Stojak na fajk\u0119 wodn\u0105 REVOLVING FOG Tabula Black"},"content":{"rendered":"<h2>Stojak na fajk\u0119 wodn\u0105 REVOLVING FOG Tabula Black<\/h2>\n<p>Zaprojektowany i skonstruowany, aby palenie fajki wodnej by\u0142o jeszcze przyjemniejsze i wygodniejsze. Ten produkt nie tylko dodaje uroku otoczeniu dzi\u0119ki swojemu o\u015bwietleniu, ale tak\u017ce zapewnia wy\u0142\u0105czno\u015b\u0107 jego w\u0142a\u015bcicielowi.<br \/>\n<strong>Cechy:<\/strong><br \/>\nJesion lity<br \/>\nZaprojektowany, aby zapewni\u0107 stabilno\u015b\u0107 fajki wodnej.<br \/>\nMo\u017cliwo\u015b\u0107 wyboru spo\u015br\u00f3d 3 kolor\u00f3w pasuj\u0105cych do fajki wodnej lub wn\u0119trza<br \/>\nR\u0119cznie robiony produkt wykonany na Litwie<br \/>\nWysoko\u015b\u0107: 4,3 cm<br \/>\nSzeroko\u015b\u0107: 25 cm<\/p>\n<p>Czy masz jakie\u015b pytania? Skontaktuj si\u0119 z nami\u00a0<a href=\"https:\/\/hookahshop.lt\/pl\/lacznosc\/\">strona z kontaktami<\/a>\u00a0lub napisz do nas na adres\u00a0<a href=\"https:\/\/facebook.com\/HookahShop.lt\/\" target=\"_blank\" rel=\"noopener noreferrer\">konto na Facebooku<\/a>\u00a0a my odpowiemy na Twoj\u0105 pro\u015bb\u0119 tego samego dnia.<\/p>\n<p>&nbsp;<\/p>","protected":false},"excerpt":{"rendered":"<p>Stojak na fajki wodne REVOLVING FOG Tabula Black Stworzony i zaprojektowany, aby palenie fajki wodnej by\u0142o jeszcze przyjemniejsze i wygodniejsze. Produkt ten nie tylko dodaje uroku otoczeniu dzi\u0119ki swojemu o\u015bwietleniu, ale tak\u017ce zapewnia jego w\u0142a\u015bcicielowi ekskluzywno\u015b\u0107. Cechy: Lite drewno jesionowe Zaprojektowane, aby zapewni\u0107 stabilno\u015b\u0107 fajki wodnej. Do wyboru 3 kolory pasuj\u0105ce do fajki wodnej lub [\u2026]<\/p>","protected":false},"featured_media":18043,"comment_status":"open","ping_status":"closed","template":"","meta":[],"_links":{"self":[{"href":"https:\/\/hookahshop.lt\/pl\/wp-json\/wp\/v2\/product\/31523"}],"collection":[{"href":"https:\/\/hookahshop.lt\/pl\/wp-json\/wp\/v2\/product"}],"about":[{"href":"https:\/\/hookahshop.lt\/pl\/wp-json\/wp\/v2\/types\/product"}],"replies":[{"embeddable":true,"href":"https:\/\/hookahshop.lt\/pl\/wp-json\/wp\/v2\/comments?post=31523"}],"version-history":[{"count":2,"href":"https:\/\/hookahshop.lt\/pl\/wp-json\/wp\/v2\/product\/31523\/revisions"}],"predecessor-version":[{"id":33886,"href":"https:\/\/hookahshop.lt\/pl\/wp-json\/wp\/v2\/product\/31523\/revisions\/33886"}],"wp:featuredmedia":[{"embeddable":true,"href":"https:\/\/hookahshop.lt\/pl\/wp-json\/wp\/v2\/media\/18043"}],"wp:attachment":[{"href":"https:\/\/hookahshop.lt\/pl\/wp-json\/wp\/v2\/media?parent=31523"}],"curies":[{"name":"wp","href":"https:\/\/api.w.org\/{rel}","templated":true}]}}