{"id":31557,"date":"2022-03-04T15:52:44","date_gmt":"2022-03-04T13:52:44","guid":{"rendered":"https:\/\/hookahshop.lt\/?post_type=product&#038;p=31557"},"modified":"2026-04-15T23:29:21","modified_gmt":"2026-04-15T20:29:21","slug":"sakute-yla-blade-gold","status":"publish","type":"product","link":"https:\/\/hookahshop.lt\/pl\/produkt\/sakute-yla-blade-gold\/","title":{"rendered":"Widelec to BLADE Gold"},"content":{"rendered":"<h2>Widelec to BLADE Gold<\/h2>\n<p>Zapakuj idealn\u0105 fili\u017cank\u0119 czystymi r\u0119kami. Nienaganne, wysokiej jako\u015bci akcesorium.<\/p>\n<p><strong>Specyfikacja:<\/strong><br \/>\nMateria\u0142: Stal nierdzewna<br \/>\nKolor: z\u0142oty<br \/>\nD\u0142ugo\u015b\u0107: 16 cm<br \/>\nSzeroko\u015b\u0107: 1,5 cm<br \/>\nWaga: 40g.<\/p>\n<p>&nbsp;<\/p>\n<p>Czy masz jakie\u015b pytania? Skontaktuj si\u0119 z nami\u00a0<a href=\"https:\/\/hookahshop.lt\/pl\/lacznosc\/\">strona z kontaktami<\/a>\u00a0lub napisz do nas na adres\u00a0<a href=\"https:\/\/facebook.com\/HookahShop.lt\/\" target=\"_blank\" rel=\"noopener noreferrer\">konto na Facebooku<\/a>\u00a0a my odpowiemy na Twoj\u0105 pro\u015bb\u0119 tego samego dnia.<\/p>","protected":false},"excerpt":{"rendered":"<p>Widelec yla BLADE Gold Pack to idealny kieliszek z czystymi r\u0119kami. Nienagannie, jako\u015bciowo przetworzone akcesorium. Specyfikacja: Materia\u0142: stal nierdzewna Kolor: z\u0142oty D\u0142ugo\u015b\u0107: 16 cm Szeroko\u015b\u0107: 1,5 cm Waga: 40g.  Czy masz jakie\u015b pytania? Skontaktuj si\u0119 z nami na stronie kontaktowej lub napisz do nas na naszym koncie na Facebooku, a my odpowiemy na Twoj\u0105 pro\u015bb\u0119 jeszcze tego samego dnia.<\/p>","protected":false},"featured_media":31558,"comment_status":"open","ping_status":"closed","template":"","meta":[],"_links":{"self":[{"href":"https:\/\/hookahshop.lt\/pl\/wp-json\/wp\/v2\/product\/31557"}],"collection":[{"href":"https:\/\/hookahshop.lt\/pl\/wp-json\/wp\/v2\/product"}],"about":[{"href":"https:\/\/hookahshop.lt\/pl\/wp-json\/wp\/v2\/types\/product"}],"replies":[{"embeddable":true,"href":"https:\/\/hookahshop.lt\/pl\/wp-json\/wp\/v2\/comments?post=31557"}],"version-history":[{"count":3,"href":"https:\/\/hookahshop.lt\/pl\/wp-json\/wp\/v2\/product\/31557\/revisions"}],"predecessor-version":[{"id":33175,"href":"https:\/\/hookahshop.lt\/pl\/wp-json\/wp\/v2\/product\/31557\/revisions\/33175"}],"wp:featuredmedia":[{"embeddable":true,"href":"https:\/\/hookahshop.lt\/pl\/wp-json\/wp\/v2\/media\/31558"}],"wp:attachment":[{"href":"https:\/\/hookahshop.lt\/pl\/wp-json\/wp\/v2\/media?parent=31557"}],"curies":[{"name":"wp","href":"https:\/\/api.w.org\/{rel}","templated":true}]}}