{"id":31578,"date":"2022-03-05T18:06:46","date_gmt":"2022-03-05T16:06:46","guid":{"rendered":"https:\/\/hookahshop.lt\/?post_type=product&#038;p=31578"},"modified":"2026-04-16T23:29:52","modified_gmt":"2026-04-16T20:29:52","slug":"kolba-kaljanui-craft-blue-rainbow","status":"publish","type":"product","link":"https:\/\/hookahshop.lt\/pl\/produkt\/kolba-na-szisza-szisza-niebieska-tecza\/","title":{"rendered":"Kolba do fajki wodnej CRAFT Blue Rainbow"},"content":{"rendered":"<h2>Kolba do fajki wodnej CRAFT Blue Rainbow<\/h2>\n<p>Posiada transparentny kolor, efekt przydymienia, a dzi\u0119ki b\u0142yszcz\u0105cej powierzchni nabiera jeszcze bardziej szykownego i ekskluzywnego wygl\u0105du kolorystycznego. Nadaje si\u0119 do prawie wszystkich nowoczesnych fajek wodnych. Obrze\u017ce kolby pomo\u017ce Ci wygodnie trzyma\u0107 fajk\u0119 wodn\u0105, aby nie wy\u015blizgn\u0105\u0107 si\u0119 z r\u0105k. Butelka ta jest pokryta wysokiej jako\u015bci farb\u0105, kt\u00f3ra pomo\u017ce zachowa\u0107 jej wygl\u0105d, jakby by\u0142 nowy, nawet po wielu u\u017cyciach. Ta kolba ma grube \u015bcianki. Grube \u015bciany zapewni\u0105 s\u0142ab\u0105 izolacj\u0119 akustyczn\u0105, co jest wystarczaj\u0105co wa\u017cne w przypadku palenia bez dyfuzora.<\/p>\n<p><strong><span title=\"\">Specyfikacje:<\/span><\/strong><br \/>\nWysoko\u015b\u0107: 259 mm<br \/>\nWaga: ~ 1410 g<br \/>\n\u015arednica otworu zewn\u0119trznego: 73 mm<br \/>\n\u015arednica otworu wewn\u0119trznego: 45 mm<br \/>\nMateria\u0142 produktu: szk\u0142o<\/p>\n<p>Czy masz jakie\u015b pytania? Skontaktuj si\u0119 z nami\u00a0<a href=\"https:\/\/hookahshop.lt\/pl\/lacznosc\/\">strona z kontaktami<\/a>\u00a0lub napisz do nas na adres\u00a0<a href=\"https:\/\/facebook.com\/HookahShop.lt\/\" target=\"_blank\" rel=\"noopener noreferrer\">konto na Facebooku<\/a>\u00a0a my odpowiemy na Twoj\u0105 pro\u015bb\u0119 tego samego dnia.<\/p>","protected":false},"excerpt":{"rendered":"<p>Piersi\u00f3wka na fajk\u0119 wodn\u0105 CRAFT Blue Rainbow Ma transparentny kolor, efekt dymu, a dzi\u0119ki b\u0142yszcz\u0105cej powierzchni ma jeszcze bardziej szykowny i ekskluzywny wygl\u0105d. Nadaje si\u0119 do prawie wszystkich nowoczesnych fajek wodnych. Kraw\u0119d\u017a piersi\u00f3wki pomo\u017ce Ci wygodnie trzyma\u0107 fajk\u0119 wodn\u0105, dzi\u0119ki czemu nie wy\u015blizgnie si\u0119 z r\u0105k. Piersi\u00f3wka ta jest pokryta wysokiej jako\u015bci farb\u0105, kt\u00f3ra z czasem pomo\u017ce zachowa\u0107 wygl\u0105d piersi\u00f3wki, jakby by\u0142a [\u2026]<\/p>","protected":false},"featured_media":31579,"comment_status":"open","ping_status":"closed","template":"","meta":[],"_links":{"self":[{"href":"https:\/\/hookahshop.lt\/pl\/wp-json\/wp\/v2\/product\/31578"}],"collection":[{"href":"https:\/\/hookahshop.lt\/pl\/wp-json\/wp\/v2\/product"}],"about":[{"href":"https:\/\/hookahshop.lt\/pl\/wp-json\/wp\/v2\/types\/product"}],"replies":[{"embeddable":true,"href":"https:\/\/hookahshop.lt\/pl\/wp-json\/wp\/v2\/comments?post=31578"}],"version-history":[{"count":7,"href":"https:\/\/hookahshop.lt\/pl\/wp-json\/wp\/v2\/product\/31578\/revisions"}],"predecessor-version":[{"id":45013,"href":"https:\/\/hookahshop.lt\/pl\/wp-json\/wp\/v2\/product\/31578\/revisions\/45013"}],"wp:featuredmedia":[{"embeddable":true,"href":"https:\/\/hookahshop.lt\/pl\/wp-json\/wp\/v2\/media\/31579"}],"wp:attachment":[{"href":"https:\/\/hookahshop.lt\/pl\/wp-json\/wp\/v2\/media?parent=31578"}],"curies":[{"name":"wp","href":"https:\/\/api.w.org\/{rel}","templated":true}]}}