{"id":31582,"date":"2022-03-05T18:33:47","date_gmt":"2022-03-05T16:33:47","guid":{"rendered":"https:\/\/hookahshop.lt\/?post_type=product&#038;p=31582"},"modified":"2026-04-14T23:29:27","modified_gmt":"2026-04-14T20:29:27","slug":"kolba-kaljanui-cosmo-smoke","status":"publish","type":"product","link":"https:\/\/hookahshop.lt\/pl\/produkt\/kolba-do-fajki-kosmo-dymu\/","title":{"rendered":"Kolba do fajki wodnej COSMO Smoke"},"content":{"rendered":"<h2>Kolba do fajki wodnej COSMO Smoke<\/h2>\n<p>Czarna, przezroczysta kolba ze standardowym z\u0142\u0105czem po\u015brednim.<\/p>\n<p><strong><span title=\"\">Specyfikacje:<\/span><\/strong><br \/>\nWysoko\u015b\u0107: 27 cm<br \/>\nG\u0142\u0119boko\u015b\u0107: 18 cm<br \/>\nWaga: ~1,44 kg<\/p>\n<p>Czy masz jakie\u015b pytania? Skontaktuj si\u0119 z nami\u00a0<a href=\"https:\/\/hookahshop.lt\/pl\/lacznosc\/\">strona z kontaktami<\/a>\u00a0lub napisz do nas na adres\u00a0<a href=\"https:\/\/facebook.com\/HookahShop.lt\/\" target=\"_blank\" rel=\"noopener noreferrer\">konto na Facebooku<\/a>\u00a0a my odpowiemy na Twoj\u0105 pro\u015bb\u0119 tego samego dnia.<\/p>\n<p>&nbsp;<\/p>","protected":false},"excerpt":{"rendered":"<p>Kolba kaljanui COSMO Smoke Juodai skaidri kolba turinti standartin\u0119 tarpin\u0117s formos jungt\u012f. Specifikacijos: Auk\u0161tis: 27 cm Gylis: 18 cm Svoris: ~1,44 kg Turite klausim\u0173? Susisiekite su mumis\u00a0kontakt\u0173 puslapyje\u00a0arba para\u0161ykite mums \u012f\u00a0Facebook paskyr\u0105\u00a0ir atsakysime \u012f j\u016bs\u0173 u\u017eklaus\u0105 dar t\u0105 pa\u010di\u0105 dien\u0105. &nbsp;<\/p>","protected":false},"featured_media":31583,"comment_status":"open","ping_status":"closed","template":"","meta":[],"_links":{"self":[{"href":"https:\/\/hookahshop.lt\/pl\/wp-json\/wp\/v2\/product\/31582"}],"collection":[{"href":"https:\/\/hookahshop.lt\/pl\/wp-json\/wp\/v2\/product"}],"about":[{"href":"https:\/\/hookahshop.lt\/pl\/wp-json\/wp\/v2\/types\/product"}],"replies":[{"embeddable":true,"href":"https:\/\/hookahshop.lt\/pl\/wp-json\/wp\/v2\/comments?post=31582"}],"version-history":[{"count":5,"href":"https:\/\/hookahshop.lt\/pl\/wp-json\/wp\/v2\/product\/31582\/revisions"}],"predecessor-version":[{"id":45105,"href":"https:\/\/hookahshop.lt\/pl\/wp-json\/wp\/v2\/product\/31582\/revisions\/45105"}],"wp:featuredmedia":[{"embeddable":true,"href":"https:\/\/hookahshop.lt\/pl\/wp-json\/wp\/v2\/media\/31583"}],"wp:attachment":[{"href":"https:\/\/hookahshop.lt\/pl\/wp-json\/wp\/v2\/media?parent=31582"}],"curies":[{"name":"wp","href":"https:\/\/api.w.org\/{rel}","templated":true}]}}