{"id":31592,"date":"2022-03-05T18:58:45","date_gmt":"2022-03-05T16:58:45","guid":{"rendered":"https:\/\/hookahshop.lt\/?post_type=product&#038;p=31592"},"modified":"2026-04-22T23:29:41","modified_gmt":"2026-04-22T20:29:41","slug":"kolba-kaljanui-drop-black-gloss","status":"publish","type":"product","link":"https:\/\/hookahshop.lt\/pl\/produkt\/kolba-szisza-kropla-czarna-polysk\/","title":{"rendered":"Kolba do fajki wodnej DROP Black Gloss"},"content":{"rendered":"<h2>Kolba do fajki wodnej DROP Black Gloss<\/h2>\n<p>Czarna b\u0142yszcz\u0105ca kolba wykonana wy\u0142\u0105cznie r\u0119cznie z najlepszych dmuchaw do szk\u0142a. Kszta\u0142t kropli jest jednym z najpopularniejszych na rynku. \u015awietnie wygl\u0105da ze wszystkimi fajkami wodnymi.<\/p>\n<p id=\"tw-target-text\" class=\"tw-data-text tw-text-large XcVN5d tw-ta\" dir=\"ltr\" data-placeholder=\"Vertimas\"><strong>Charakterystyka:<\/strong><br \/>\nWysoko\u015b\u0107: 27 cm<br \/>\n\u015arednica wewn\u0119trzna szyi: 4,5 cm<br \/>\n\u015arednica zewn\u0119trzna szyi: 7,2 cm<br \/>\nWaga: 1,5 kg<\/p>\n<p dir=\"ltr\" data-placeholder=\"Vertimas\">Czy masz jakie\u015b pytania? Skontaktuj si\u0119 z nami\u00a0<a href=\"https:\/\/hookahshop.lt\/pl\/lacznosc\/\">strona z kontaktami<\/a>\u00a0lub napisz do nas na adres\u00a0<a href=\"https:\/\/facebook.com\/HookahShop.lt\/\" target=\"_blank\" rel=\"noopener noreferrer\">konto na Facebooku<\/a>\u00a0a my odpowiemy na Twoj\u0105 pro\u015bb\u0119 tego samego dnia.<\/p>","protected":false},"excerpt":{"rendered":"<p>Kolba do fajki wodnej DROP Black Gloss Czarna b\u0142yszcz\u0105ca kolba, wykonana wy\u0142\u0105cznie r\u0119cznie przez najlepszych dmuchaczy szk\u0142a. Forma drop jest jedn\u0105 z najpopularniejszych na rynku. \u015awietnie wygl\u0105da ze wszystkimi fajkami wodnymi. Charakterystyka: Wysoko\u015b\u0107: 27 cm Wewn\u0119trzna \u015brednica szyjki: 4,5 cm Zewn\u0119trzna \u015brednica szyjki: 7,2 cm Waga: 1,5 kg Masz pytania? Skontaktuj si\u0119 z nami na stronie kontaktowej lub napisz do nas na naszym koncie na Facebooku, a my odpowiemy na Twoje [\u2026]<\/p>","protected":false},"featured_media":31593,"comment_status":"open","ping_status":"closed","template":"","meta":[],"_links":{"self":[{"href":"https:\/\/hookahshop.lt\/pl\/wp-json\/wp\/v2\/product\/31592"}],"collection":[{"href":"https:\/\/hookahshop.lt\/pl\/wp-json\/wp\/v2\/product"}],"about":[{"href":"https:\/\/hookahshop.lt\/pl\/wp-json\/wp\/v2\/types\/product"}],"replies":[{"embeddable":true,"href":"https:\/\/hookahshop.lt\/pl\/wp-json\/wp\/v2\/comments?post=31592"}],"version-history":[{"count":5,"href":"https:\/\/hookahshop.lt\/pl\/wp-json\/wp\/v2\/product\/31592\/revisions"}],"predecessor-version":[{"id":33580,"href":"https:\/\/hookahshop.lt\/pl\/wp-json\/wp\/v2\/product\/31592\/revisions\/33580"}],"wp:featuredmedia":[{"embeddable":true,"href":"https:\/\/hookahshop.lt\/pl\/wp-json\/wp\/v2\/media\/31593"}],"wp:attachment":[{"href":"https:\/\/hookahshop.lt\/pl\/wp-json\/wp\/v2\/media?parent=31592"}],"curies":[{"name":"wp","href":"https:\/\/api.w.org\/{rel}","templated":true}]}}