{"id":31654,"date":"2022-03-08T23:08:25","date_gmt":"2022-03-08T21:08:25","guid":{"rendered":"https:\/\/hookahshop.lt\/?post_type=product&#038;p=31654"},"modified":"2026-04-15T12:29:27","modified_gmt":"2026-04-15T09:29:27","slug":"kaljanas-izzy-classic-v2","status":"publish","type":"product","link":"https:\/\/hookahshop.lt\/pl\/produkt\/fajka-wodna-izzy-classic-v2\/","title":{"rendered":"Fajka wodna IZZY Classic V2"},"content":{"rendered":"<h2>Fajka wodna IZZY Classic V2<\/h2>\n<p>Minimalistyczny design, z dyfuzorem trakcji (dyfuzor zdejmowany - dla lubi\u0105cych klasyczn\u0105 trakcj\u0119) wykonany z wysokiej jako\u015bci stali nierdzewnej AISI 304 i poliacetalu.<\/p>\n<p><strong>Charakterystyka:<\/strong><br \/>\nWysoko\u015b\u0107: 49 cm<br \/>\n\u015arednica wa\u0142u: 1,3 cm<br \/>\nZ\u0142\u0105cze: O-ring<br \/>\nDyfuzor: Tak<br \/>\nMateria\u0142: stal nierdzewna i poliacetal<\/p>\n<p><strong>Ekwipunek:<\/strong><br \/>\nWa\u0142ek do fajki wodnej, p\u0142yta, ustnik, uszczelki, betoniarka, dyfuzor.<\/p>\n<p>&nbsp;<\/p>\n<p>Czy masz jakie\u015b pytania? Skontaktuj si\u0119 z nami\u00a0<a href=\"https:\/\/hookahshop.lt\/pl\/lacznosc\/\">strona z kontaktami<\/a>\u00a0lub napisz do nas na adres\u00a0<a href=\"https:\/\/facebook.com\/HookahShop.lt\/\" target=\"_blank\" rel=\"noopener noreferrer\">konto na Facebooku<\/a>\u00a0a my odpowiemy na Twoj\u0105 pro\u015bb\u0119 tego samego dnia.<\/p>","protected":false},"excerpt":{"rendered":"<p>Fajka wodna IZZY Classic V2 Minimalistyczny design, z dyfuzorem (dyfuzor jest wyjmowany - dla mi\u0142o\u015bnik\u00f3w klasycznego przeci\u0105gu) wykonany z wysokiej jako\u015bci stali nierdzewnej AISI 304 i poliacetalu. Charakterystyka: Wysoko\u015b\u0107: 49cm \u015arednica trzonka: 1,3cm Z\u0142\u0105cze: O-ring Dyfuzor: Tak Materia\u0142: Stal nierdzewna i poliacetal Kompletny zestaw: trzonek fajki wodnej, p\u0142ytka, ustnik, przek\u0142adki, \u0142\u0105cznik, dyfuzor.  Czy masz jakie\u015b pytania? Skontaktuj si\u0119 z nami na stronie kontaktowej lub [\u2026]<\/p>","protected":false},"featured_media":31658,"comment_status":"open","ping_status":"closed","template":"","meta":[],"_links":{"self":[{"href":"https:\/\/hookahshop.lt\/pl\/wp-json\/wp\/v2\/product\/31654"}],"collection":[{"href":"https:\/\/hookahshop.lt\/pl\/wp-json\/wp\/v2\/product"}],"about":[{"href":"https:\/\/hookahshop.lt\/pl\/wp-json\/wp\/v2\/types\/product"}],"replies":[{"embeddable":true,"href":"https:\/\/hookahshop.lt\/pl\/wp-json\/wp\/v2\/comments?post=31654"}],"version-history":[{"count":4,"href":"https:\/\/hookahshop.lt\/pl\/wp-json\/wp\/v2\/product\/31654\/revisions"}],"predecessor-version":[{"id":31660,"href":"https:\/\/hookahshop.lt\/pl\/wp-json\/wp\/v2\/product\/31654\/revisions\/31660"}],"wp:featuredmedia":[{"embeddable":true,"href":"https:\/\/hookahshop.lt\/pl\/wp-json\/wp\/v2\/media\/31658"}],"wp:attachment":[{"href":"https:\/\/hookahshop.lt\/pl\/wp-json\/wp\/v2\/media?parent=31654"}],"curies":[{"name":"wp","href":"https:\/\/api.w.org\/{rel}","templated":true}]}}