{"id":31662,"date":"2022-03-08T23:35:26","date_gmt":"2022-03-08T21:35:26","guid":{"rendered":"https:\/\/hookahshop.lt\/?post_type=product&#038;p=31662"},"modified":"2026-05-14T23:29:38","modified_gmt":"2026-05-14T20:29:38","slug":"kaljanas-izzy-air-black","status":"publish","type":"product","link":"https:\/\/hookahshop.lt\/pl\/produkt\/hookah-izzy-air-black\/","title":{"rendered":"Fajka wodna IZZY Air Czarna"},"content":{"rendered":"<h2>Fajka wodna IZZY Air Czarna<\/h2>\n<p>Minimalistyczny design, z dyfuzorem trakcji (dyfuzor zdejmowany - dla lubi\u0105cych klasyczn\u0105 trakcj\u0119) wykonany z wysokiej jako\u015bci stali nierdzewnej i czarnego poliacetalu.<\/p>\n<p><strong>Charakterystyka:<\/strong><br \/>\nWysoko\u015b\u0107: 46 cm<br \/>\nZ\u0142\u0105cze: O-ring<br \/>\nDyfuzor: Tak<br \/>\nMateria\u0142: stal nierdzewna i poliacetal<\/p>\n<p><strong>Ekwipunek:<\/strong><br \/>\nWa\u0142ek do fajki wodnej, p\u0142yta, ustnik, uszczelki, betoniarka, dyfuzor.<\/p>\n<p>&nbsp;<\/p>\n<p>Czy masz jakie\u015b pytania? Skontaktuj si\u0119 z nami\u00a0<a href=\"https:\/\/hookahshop.lt\/pl\/lacznosc\/\">strona z kontaktami<\/a>\u00a0lub napisz do nas na adres\u00a0<a href=\"https:\/\/facebook.com\/HookahShop.lt\/\" target=\"_blank\" rel=\"noopener noreferrer\">konto na Facebooku<\/a>\u00a0a my odpowiemy na Twoj\u0105 pro\u015bb\u0119 tego samego dnia.<\/p>","protected":false},"excerpt":{"rendered":"<p>Fajka wodna IZZY Air Black Minimalistyczny design, z uchwytem dyfuzora (dyfuzor jest zdejmowany - dla tych, kt\u00f3rzy lubi\u0105 klasyczny uchwyt) wykonany z wysokiej jako\u015bci stali nierdzewnej i czarnego poliacetalu. Charakterystyka: Wysoko\u015b\u0107: 46cm Z\u0142\u0105cze: O-ring Dyfuzor: Tak Materia\u0142: Stal nierdzewna i poliacetal Kompletny zestaw: trzonek fajki wodnej, p\u0142ytka, ustnik, przek\u0142adki, \u0142\u0105cznik, dyfuzor. Czy masz jakie\u015b pytania? Skontaktuj si\u0119 z nami na stronie kontaktowej lub napisz do nas na naszym koncie na Facebooku i [\u2026]<\/p>","protected":false},"featured_media":31666,"comment_status":"open","ping_status":"closed","template":"","meta":[],"_links":{"self":[{"href":"https:\/\/hookahshop.lt\/pl\/wp-json\/wp\/v2\/product\/31662"}],"collection":[{"href":"https:\/\/hookahshop.lt\/pl\/wp-json\/wp\/v2\/product"}],"about":[{"href":"https:\/\/hookahshop.lt\/pl\/wp-json\/wp\/v2\/types\/product"}],"replies":[{"embeddable":true,"href":"https:\/\/hookahshop.lt\/pl\/wp-json\/wp\/v2\/comments?post=31662"}],"version-history":[{"count":4,"href":"https:\/\/hookahshop.lt\/pl\/wp-json\/wp\/v2\/product\/31662\/revisions"}],"predecessor-version":[{"id":32208,"href":"https:\/\/hookahshop.lt\/pl\/wp-json\/wp\/v2\/product\/31662\/revisions\/32208"}],"wp:featuredmedia":[{"embeddable":true,"href":"https:\/\/hookahshop.lt\/pl\/wp-json\/wp\/v2\/media\/31666"}],"wp:attachment":[{"href":"https:\/\/hookahshop.lt\/pl\/wp-json\/wp\/v2\/media?parent=31662"}],"curies":[{"name":"wp","href":"https:\/\/api.w.org\/{rel}","templated":true}]}}