{"id":31670,"date":"2022-03-09T14:02:40","date_gmt":"2022-03-09T12:02:40","guid":{"rendered":"https:\/\/hookahshop.lt\/?post_type=product&#038;p=31670"},"modified":"2026-04-17T23:29:46","modified_gmt":"2026-04-17T20:29:46","slug":"anglys-kaljanui-fumelo-26mm-1kg","status":"publish","type":"product","link":"https:\/\/hookahshop.lt\/pl\/produkt\/wegiel-do-fajki-wodnej-fumelo-26mm-1kg\/","title":{"rendered":"W\u0119giel do fajki wodnej FUMELO 26mm 1kg"},"content":{"rendered":"<h2>W\u0119giel do fajki wodnej FUMELO 26mm 1kg<\/h2>\n<p>Te naturalne w\u0119gle kokosowe prawie nie wydzielaj\u0105 pal\u0105cego zapachu i nie pozostawiaj\u0105 posmaku. Ten w\u0119giel drzewny nie pozostawia du\u017co popio\u0142u i nie ma dodatkowych aromat\u00f3w. Dzi\u0119ki tym w\u0119glom nie b\u0119dziesz musia\u0142 wydmuchiwa\u0107 popio\u0142u, poniewa\u017c podczas spalania te w\u0119gle pozostawiaj\u0105 bardzo ma\u0142o popio\u0142u.<br \/>\nWymiary jednego w\u0142\u00f3kna w\u0119glowego: 26x26x26mm<br \/>\nPude\u0142ko zawiera 64 w\u0119gle.<br \/>\nNie zawiera dodatk\u00f3w chemicznych.<br \/>\nPodczas palenia prawie nie zmienia zapachu ani smaku.<br \/>\nAby spali\u0107 w\u0119giel, potrzebujesz elektrycznej p\u0142yty grzejnej do fajki wodnej, turystycznej kuchenki gazowej lub podobnej.<br \/>\nKraj pochodzenia: Indonezja<\/p>\n<p>Czy masz jakie\u015b pytania? Skontaktuj si\u0119 z nami\u00a0<a href=\"https:\/\/hookahshop.lt\/pl\/lacznosc\/\">strona z kontaktami<\/a>\u00a0lub napisz do nas na adres\u00a0<a href=\"https:\/\/facebook.com\/HookahShop.lt\/\" target=\"_blank\" rel=\"noopener noreferrer\">konto na Facebooku<\/a>\u00a0a my odpowiemy na Twoj\u0105 pro\u015bb\u0119 tego samego dnia.<\/p>","protected":false},"excerpt":{"rendered":"<p>W\u0119giel do fajki wodnej FUMELO 26mm 1kg Ten naturalny w\u0119giel kokosowy nie wydziela prawie \u017cadnego zapachu spalenizny i nie pozostawia posmaku. W\u0119giel ten nie pozostawia du\u017cej ilo\u015bci popio\u0142u i nie posiada dodatkowych aromat\u00f3w. Dzi\u0119ki tym w\u0119glem nie b\u0119dziesz musia\u0142 zdmuchn\u0105\u0107 popio\u0142u, poniewa\u017c podczas spalania te w\u0119gle pozostawiaj\u0105 bardzo niewielk\u0105 ilo\u015b\u0107 popio\u0142u. Wymiary jednego w\u0119gla: 26x26x26mm W pude\u0142ku znajduj\u0105 si\u0119 64 kalosze. Nie zawiera \u017cadnych dodatk\u00f3w chemicznych. Pal\u0105c prawie [\u2026]<\/p>","protected":false},"featured_media":31671,"comment_status":"open","ping_status":"closed","template":"","meta":[],"_links":{"self":[{"href":"https:\/\/hookahshop.lt\/pl\/wp-json\/wp\/v2\/product\/31670"}],"collection":[{"href":"https:\/\/hookahshop.lt\/pl\/wp-json\/wp\/v2\/product"}],"about":[{"href":"https:\/\/hookahshop.lt\/pl\/wp-json\/wp\/v2\/types\/product"}],"replies":[{"embeddable":true,"href":"https:\/\/hookahshop.lt\/pl\/wp-json\/wp\/v2\/comments?post=31670"}],"version-history":[{"count":4,"href":"https:\/\/hookahshop.lt\/pl\/wp-json\/wp\/v2\/product\/31670\/revisions"}],"predecessor-version":[{"id":31771,"href":"https:\/\/hookahshop.lt\/pl\/wp-json\/wp\/v2\/product\/31670\/revisions\/31771"}],"wp:featuredmedia":[{"embeddable":true,"href":"https:\/\/hookahshop.lt\/pl\/wp-json\/wp\/v2\/media\/31671"}],"wp:attachment":[{"href":"https:\/\/hookahshop.lt\/pl\/wp-json\/wp\/v2\/media?parent=31670"}],"curies":[{"name":"wp","href":"https:\/\/api.w.org\/{rel}","templated":true}]}}