{"id":31685,"date":"2022-03-09T15:04:54","date_gmt":"2022-03-09T13:04:54","guid":{"rendered":"https:\/\/hookahshop.lt\/?post_type=product&#038;p=31685"},"modified":"2026-04-18T23:29:15","modified_gmt":"2026-04-18T20:29:15","slug":"kaljanas-mattpear-simple-m-slim-white","status":"publish","type":"product","link":"https:\/\/hookahshop.lt\/pl\/produkt\/hookah-mattpear-prosty-m-slim-bialy\/","title":{"rendered":"Fajka wodna MATTPEAR Simple M Slim Bia\u0142a"},"content":{"rendered":"<h2>Fajka wodna MATTPEAR Simple M Slim Bia\u0142a<\/h2>\n<p>Jest to niedroga fajka wodna \u015bredniej wielko\u015bci wykonana z wysokiej jako\u015bci tworzywa sztucznego i stali nierdzewnej.<\/p>\n<p><strong>Charakterystyczne cechy tego modelu:<\/strong><\/p>\n<p>Cz\u0119\u015b\u0107 \u015brodkowa wykonana z wysokiej jako\u015bci tworzywa sztucznego.<br \/>\nObrotowy dyfuzor do zmiany ci\u0105gu fajki wodnej.<br \/>\nMaszt jest w pe\u0142ni zdejmowany za pomoc\u0105 po\u0142\u0105cze\u0144 gwintowanych, dzi\u0119ki czemu jest bardzo przestronny i wygodny w transporcie.<\/p>\n<p><img decoding=\"async\" loading=\"lazy\" class=\"alignnone size-medium wp-image-38521\" src=\"https:\/\/hookahshop.lt\/wp-content\/uploads\/2020\/09\/stiebas-zarna-kandiklis-1-300x273.jpg\" alt=\"- hookahshop.lt\" width=\"300\" height=\"273\" srcset=\"https:\/\/hookahshop.lt\/wp-content\/uploads\/2020\/09\/stiebas-zarna-kandiklis-1-300x273.jpg 300w, https:\/\/hookahshop.lt\/wp-content\/uploads\/2020\/09\/stiebas-zarna-kandiklis-1-13x12.jpg 13w, https:\/\/hookahshop.lt\/wp-content\/uploads\/2020\/09\/stiebas-zarna-kandiklis-1-64x58.jpg 64w, https:\/\/hookahshop.lt\/wp-content\/uploads\/2020\/09\/stiebas-zarna-kandiklis-1.jpg 420w\" sizes=\"(max-width: 300px) 100vw, 300px\" title=\"\"><\/p>\n<p>Czy masz jakie\u015b pytania? Skontaktuj si\u0119 z nami\u00a0<a href=\"https:\/\/hookahshop.lt\/pl\/lacznosc\/\">strona z kontaktami<\/a>\u00a0lub napisz do nas na adres\u00a0<a href=\"https:\/\/facebook.com\/HookahShop.lt\/\" target=\"_blank\" rel=\"noopener noreferrer\">konto na Facebooku<\/a>\u00a0a my odpowiemy na Twoj\u0105 pro\u015bb\u0119 tego samego dnia.<\/p>","protected":false},"excerpt":{"rendered":"<p>Fajka wodna MATTPEAR Simple M Slim White Jest to \u015bredniej wielko\u015bci szisza w przyst\u0119pnej cenie, wykonana z wysokiej jako\u015bci tworzywa sztucznego i stali nierdzewnej. Cechy wyr\u00f3\u017cniaj\u0105ce ten model: Cz\u0119\u015b\u0107 \u015brodkowa wykonana jest z wysokiej jako\u015bci tworzywa sztucznego. Odkr\u0119cany dyfuzor zmieniaj\u0105cy si\u0142\u0119 naci\u0105gu fajki wodnej. Trzpie\u0144 jest w pe\u0142ni zdejmowany za pomoc\u0105 gwintowanych po\u0142\u0105cze\u0144, dzi\u0119ki czemu jest bardzo pojemny i \u0142atwy w transporcie. Czy masz jakie\u015b pytania? Kontakt [\u2026]<\/p>","protected":false},"featured_media":31686,"comment_status":"open","ping_status":"closed","template":"","meta":[],"_links":{"self":[{"href":"https:\/\/hookahshop.lt\/pl\/wp-json\/wp\/v2\/product\/31685"}],"collection":[{"href":"https:\/\/hookahshop.lt\/pl\/wp-json\/wp\/v2\/product"}],"about":[{"href":"https:\/\/hookahshop.lt\/pl\/wp-json\/wp\/v2\/types\/product"}],"replies":[{"embeddable":true,"href":"https:\/\/hookahshop.lt\/pl\/wp-json\/wp\/v2\/comments?post=31685"}],"version-history":[{"count":4,"href":"https:\/\/hookahshop.lt\/pl\/wp-json\/wp\/v2\/product\/31685\/revisions"}],"predecessor-version":[{"id":33917,"href":"https:\/\/hookahshop.lt\/pl\/wp-json\/wp\/v2\/product\/31685\/revisions\/33917"}],"wp:featuredmedia":[{"embeddable":true,"href":"https:\/\/hookahshop.lt\/pl\/wp-json\/wp\/v2\/media\/31686"}],"wp:attachment":[{"href":"https:\/\/hookahshop.lt\/pl\/wp-json\/wp\/v2\/media?parent=31685"}],"curies":[{"name":"wp","href":"https:\/\/api.w.org\/{rel}","templated":true}]}}