{"id":31690,"date":"2022-03-09T15:27:40","date_gmt":"2022-03-09T13:27:40","guid":{"rendered":"https:\/\/hookahshop.lt\/?post_type=product&#038;p=31690"},"modified":"2026-04-19T23:29:37","modified_gmt":"2026-04-19T20:29:37","slug":"kaljanas-ykap-mini-m3-red-su-krepsiu","status":"publish","type":"product","link":"https:\/\/hookahshop.lt\/pl\/produkt\/szisza-ykap-mini-m3-czerwona-z-koszem\/","title":{"rendered":"Fajka wodna YKAP Mini M3 Czerwona z torb\u0105"},"content":{"rendered":"<h2>Fajka wodna YKAP Mini M3 Czerwona z torb\u0105<\/h2>\n<p>Jest to niewielka i wysokiej jako\u015bci fajka wodna, kt\u00f3ra zagwarantuje przyjemn\u0105 sesj\u0119 i doskonale sprawdzi si\u0119 w podr\u00f3\u017cy. W zestawie nie tylko worek na fajki wodne, ale tak\u017ce worek na akcesoria. Istnieje r\u00f3wnie\u017c mo\u017cliwo\u015b\u0107 zamiany wstawek z czerwonej fajki wodnej na czarne. Szisza wykonana jest z najwy\u017cszej jako\u015bci materia\u0142\u00f3w, co zapewni d\u0142ugowieczno\u015b\u0107 fajki wodnej. \u0141atwy w obs\u0142udze hak.<\/p>\n<p><strong>Specyfikacja:<\/strong><br \/>\nMateria\u0142: stal nierdzewna i plastik<br \/>\nW\u0105\u017c silikonowy<br \/>\nZ\u0142\u0105cze o-ringowe<br \/>\nOddymianie od g\u00f3ry do do\u0142u (od spodu p\u0142yty)<br \/>\nWysoko\u015b\u0107: 38,5 cm<br \/>\n\u015arednica \u0142odygi sziszy: 1,1 cm<\/p>\n<p><strong>Ekwipunek:<\/strong><br \/>\nTrzonek (czerwono-czarny), dyfuzor, kolba, w\u0105\u017c silikonowy, pokrowiec na akcesoria, pokrowiec na fajk\u0119 wodn\u0105<\/p>\n<p>Czy masz jakie\u015b pytania? Skontaktuj si\u0119 z nami\u00a0<a href=\"https:\/\/hookahshop.lt\/pl\/lacznosc\/\">strona z kontaktami<\/a>\u00a0lub napisz do nas na adres\u00a0<a href=\"https:\/\/facebook.com\/HookahShop.lt\/\" target=\"_blank\" rel=\"noopener noreferrer\">konto na Facebooku<\/a>\u00a0a my odpowiemy na Twoj\u0105 pro\u015bb\u0119 tego samego dnia.<\/p>","protected":false},"excerpt":{"rendered":"<p>Fajka wodna YKAP Mini M3 Red z torb\u0105 To niewielkich rozmiar\u00f3w i wysokiej jako\u015bci fajka wodna, kt\u00f3ra zagwarantuje przyjemn\u0105 sesj\u0119 i doskonale sprawdzi si\u0119 w podr\u00f3\u017cy. W zestawie znajduje si\u0119 nie tylko woreczek na fajk\u0119 wodn\u0105, ale tak\u017ce woreczek do przechowywania akcesori\u00f3w. Istnieje r\u00f3wnie\u017c mo\u017cliwo\u015b\u0107 wymiany czerwonych wk\u0142adek do fajki wodnej na czarne. Fajka wodna wykonana jest z materia\u0142\u00f3w najwy\u017cszej jako\u015bci, [\u2026]<\/p>","protected":false},"featured_media":31691,"comment_status":"open","ping_status":"closed","template":"","meta":[],"_links":{"self":[{"href":"https:\/\/hookahshop.lt\/pl\/wp-json\/wp\/v2\/product\/31690"}],"collection":[{"href":"https:\/\/hookahshop.lt\/pl\/wp-json\/wp\/v2\/product"}],"about":[{"href":"https:\/\/hookahshop.lt\/pl\/wp-json\/wp\/v2\/types\/product"}],"replies":[{"embeddable":true,"href":"https:\/\/hookahshop.lt\/pl\/wp-json\/wp\/v2\/comments?post=31690"}],"version-history":[{"count":4,"href":"https:\/\/hookahshop.lt\/pl\/wp-json\/wp\/v2\/product\/31690\/revisions"}],"predecessor-version":[{"id":36495,"href":"https:\/\/hookahshop.lt\/pl\/wp-json\/wp\/v2\/product\/31690\/revisions\/36495"}],"wp:featuredmedia":[{"embeddable":true,"href":"https:\/\/hookahshop.lt\/pl\/wp-json\/wp\/v2\/media\/31691"}],"wp:attachment":[{"href":"https:\/\/hookahshop.lt\/pl\/wp-json\/wp\/v2\/media?parent=31690"}],"curies":[{"name":"wp","href":"https:\/\/api.w.org\/{rel}","templated":true}]}}