{"id":31699,"date":"2022-03-09T16:20:44","date_gmt":"2022-03-09T14:20:44","guid":{"rendered":"https:\/\/hookahshop.lt\/?post_type=product&#038;p=31699"},"modified":"2026-04-18T23:29:15","modified_gmt":"2026-04-18T20:29:15","slug":"taurele-kaljanui-oblako-killer-marble-yellow","status":"publish","type":"product","link":"https:\/\/hookahshop.lt\/pl\/produkt\/kubek-szisza-cloud-killer-marmur-zolty\/","title":{"rendered":"Kubek do fajki wodnej OBLAKO Killer Marble Yellow"},"content":{"rendered":"<h2>Kubek do fajki wodnej OBLAKO Killer Marble Yellow<\/h2>\n<p>To klasyczna glazurowana fili\u017canka, odpowiednia do wszystkich rodzaj\u00f3w tytoniu, zapewniaj\u0105ca minimaln\u0105 kontrol\u0119 ciep\u0142a!<br \/>\nKubeczek pokryty jest szkliwem, dzi\u0119ki czemu przez d\u0142ugi czas mo\u017ce zachowa\u0107 swoje pierwotne w\u0142a\u015bciwo\u015bci i wygl\u0105d. OBLAKO u\u017cywa tylko przyjaznej dla cz\u0142owieka glazury spo\u017cywczej opracowanej przez partner\u00f3w w wyspecjalizowanych laboratoriach zlokalizowanych w Gzhelskoye, jednym z tradycyjnych o\u015brodk\u00f3w produkcji ceramiki w Rosji.<br \/>\nKubek tytoniu mie\u015bci 25-30 g<\/p>\n<p>Specyfikacje:<br \/>\nWysoko\u015b\u0107: 120 mm<br \/>\n\u015arednica (zewn\u0119trzna): 72 mm<br \/>\n\u015arednica (wewn\u0119trzna): 62 mm<br \/>\nG\u0142\u0119boko\u015b\u0107: 15 mm<br \/>\n\u015arednica otworu: 8 mm<br \/>\nLiczba otwor\u00f3w: 5<br \/>\nWaga: oko\u0142o 197 g.<\/p>\n<p>Czy masz jakie\u015b pytania? Skontaktuj si\u0119 z nami\u00a0<a href=\"https:\/\/hookahshop.lt\/pl\/lacznosc\/\">strona z kontaktami<\/a>\u00a0lub napisz do nas na adres\u00a0<a href=\"https:\/\/facebook.com\/HookahShop.lt\/\" target=\"_blank\" rel=\"noopener noreferrer\">konto na Facebooku<\/a>\u00a0a my odpowiemy na Twoj\u0105 pro\u015bb\u0119 tego samego dnia.<\/p>","protected":false},"excerpt":{"rendered":"<p>Kubek na fajk\u0119 wodn\u0105 OBLAKO Killer Marble Yellow Jest to klasyczny kubek przeszklony, odpowiedni do wszystkich rodzaj\u00f3w tytoniu, minimalna kontrola ciep\u0142a! Fili\u017canka pokryta jest szkliwem, dzi\u0119ki czemu przez d\u0142ugi czas zachowuje swoje pierwotne w\u0142a\u015bciwo\u015bci i wygl\u0105d. OBLAKO wykorzystuje wy\u0142\u0105cznie jadalne szkliwo bezpieczne dla cz\u0142owieka, opracowane przez partner\u00f3w w wyspecjalizowanych laboratoriach zlokalizowanych w G\u017celskoje, jednym z tradycyjnych o\u015brodk\u00f3w rosyjskiej produkcji ceramiki. Kubek na tyto\u0144 mie\u015bci [...]<\/p>","protected":false},"featured_media":31700,"comment_status":"open","ping_status":"closed","template":"","meta":[],"_links":{"self":[{"href":"https:\/\/hookahshop.lt\/pl\/wp-json\/wp\/v2\/product\/31699"}],"collection":[{"href":"https:\/\/hookahshop.lt\/pl\/wp-json\/wp\/v2\/product"}],"about":[{"href":"https:\/\/hookahshop.lt\/pl\/wp-json\/wp\/v2\/types\/product"}],"replies":[{"embeddable":true,"href":"https:\/\/hookahshop.lt\/pl\/wp-json\/wp\/v2\/comments?post=31699"}],"version-history":[{"count":3,"href":"https:\/\/hookahshop.lt\/pl\/wp-json\/wp\/v2\/product\/31699\/revisions"}],"predecessor-version":[{"id":37916,"href":"https:\/\/hookahshop.lt\/pl\/wp-json\/wp\/v2\/product\/31699\/revisions\/37916"}],"wp:featuredmedia":[{"embeddable":true,"href":"https:\/\/hookahshop.lt\/pl\/wp-json\/wp\/v2\/media\/31700"}],"wp:attachment":[{"href":"https:\/\/hookahshop.lt\/pl\/wp-json\/wp\/v2\/media?parent=31699"}],"curies":[{"name":"wp","href":"https:\/\/api.w.org\/{rel}","templated":true}]}}