{"id":31703,"date":"2022-03-09T16:33:43","date_gmt":"2022-03-09T14:33:43","guid":{"rendered":"https:\/\/hookahshop.lt\/?post_type=product&#038;p=31703"},"modified":"2026-04-14T23:29:27","modified_gmt":"2026-04-14T20:29:27","slug":"kolba-kaljanui-craft-yellow","status":"publish","type":"product","link":"https:\/\/hookahshop.lt\/pl\/produkt\/kolba-do-sziszy-rzemieslniczej-zolta\/","title":{"rendered":"Kolba do fajki wodnej CRAFT \u017b\u00f3\u0142ta"},"content":{"rendered":"<h2>Kolba do fajki wodnej CRAFT \u017b\u00f3\u0142ta<\/h2>\n<p>Jest to uniwersalna, \u017c\u00f3\u0142to-przezroczysta szklana kolba.<\/p>\n<p><strong><span title=\"\">Specyfikacje:<\/span><\/strong><br \/>\nWysoko\u015b\u0107: 265mm<br \/>\nWaga: ~ 1620 g<br \/>\n\u015arednica zewn\u0119trzna szyi: 74 mm<br \/>\nWewn\u0119trzna \u015brednica szyi: 47 mm<br \/>\nMateria\u0142 produktu: szk\u0142o<\/p>\n<p>Czy masz jakie\u015b pytania? Skontaktuj si\u0119 z nami\u00a0<a href=\"https:\/\/hookahshop.lt\/pl\/lacznosc\/\">strona z kontaktami<\/a>\u00a0lub napisz do nas na adres\u00a0<a href=\"https:\/\/facebook.com\/HookahShop.lt\/\" target=\"_blank\" rel=\"noopener noreferrer\">konto na Facebooku<\/a>\u00a0a my odpowiemy na Twoj\u0105 pro\u015bb\u0119 tego samego dnia.<\/p>","protected":false},"excerpt":{"rendered":"<p>Kolba kaljanui CRAFT Yellow Tai universali geltonai skaidri stiklin\u0117 kolba. Specifikacijos: Auk\u0161tis: 265 mm Svoris: ~ 1620 g I\u0161orinis kaklelio skersmuo: 74 mm Vidinis kaklelio skersmuo: 47 mm Produkto med\u017eiaga: stiklas Turite klausim\u0173? Susisiekite su mumis\u00a0kontakt\u0173 puslapyje\u00a0arba para\u0161ykite mums \u012f\u00a0Facebook paskyr\u0105\u00a0ir atsakysime \u012f j\u016bs\u0173 u\u017eklaus\u0105 dar t\u0105 pa\u010di\u0105 dien\u0105.<\/p>","protected":false},"featured_media":31707,"comment_status":"open","ping_status":"closed","template":"","meta":[],"_links":{"self":[{"href":"https:\/\/hookahshop.lt\/pl\/wp-json\/wp\/v2\/product\/31703"}],"collection":[{"href":"https:\/\/hookahshop.lt\/pl\/wp-json\/wp\/v2\/product"}],"about":[{"href":"https:\/\/hookahshop.lt\/pl\/wp-json\/wp\/v2\/types\/product"}],"replies":[{"embeddable":true,"href":"https:\/\/hookahshop.lt\/pl\/wp-json\/wp\/v2\/comments?post=31703"}],"version-history":[{"count":5,"href":"https:\/\/hookahshop.lt\/pl\/wp-json\/wp\/v2\/product\/31703\/revisions"}],"predecessor-version":[{"id":45113,"href":"https:\/\/hookahshop.lt\/pl\/wp-json\/wp\/v2\/product\/31703\/revisions\/45113"}],"wp:featuredmedia":[{"embeddable":true,"href":"https:\/\/hookahshop.lt\/pl\/wp-json\/wp\/v2\/media\/31707"}],"wp:attachment":[{"href":"https:\/\/hookahshop.lt\/pl\/wp-json\/wp\/v2\/media?parent=31703"}],"curies":[{"name":"wp","href":"https:\/\/api.w.org\/{rel}","templated":true}]}}