{"id":31713,"date":"2022-03-09T17:08:53","date_gmt":"2022-03-09T15:08:53","guid":{"rendered":"https:\/\/hookahshop.lt\/?post_type=product&#038;p=31713"},"modified":"2026-05-13T23:29:48","modified_gmt":"2026-05-13T20:29:48","slug":"taurele-kaljanui-solaris-phobos-glaze","status":"publish","type":"product","link":"https:\/\/hookahshop.lt\/pl\/produkt\/szklana-szisza-solaris-fobos-glazura\/","title":{"rendered":"Kubek do fajki wodnej SOLARIS Phobos Glaze"},"content":{"rendered":"<h2>Kubek do fajki wodnej SOLARIS Phobos Glaze<\/h2>\n<p>Do produkcji r\u0119cznie robionych kubk\u00f3w wykorzystywane s\u0105 wy\u0142\u0105cznie naturalne i przyjazne dla \u015brodowiska materia\u0142y. R\u00f3\u017cni si\u0119 od innych kubk\u00f3w tym, \u017ce jest bardziej odporny na wilgo\u0107. Zastosowanie technologii mlecznej do glinki czerwonej daje ciekawy efekt zewn\u0119trzny, oryginalny design.<\/p>\n<p><strong>Specyfikacja:<\/strong><br \/>\nIlo\u015b\u0107 otwor\u00f3w: 7szt.<br \/>\nMateria\u0142: glina z glazur\u0105<br \/>\nWysoko\u015b\u0107: 8 cm<br \/>\n\u015arednica u g\u00f3ry: 6 cm<\/p>\n<p>Czy masz jakie\u015b pytania? Skontaktuj si\u0119 z nami\u00a0<a href=\"https:\/\/hookahshop.lt\/pl\/lacznosc\/\">strona z kontaktami<\/a>\u00a0lub napisz do nas na adres\u00a0<a href=\"https:\/\/facebook.com\/HookahShop.lt\/\" target=\"_blank\" rel=\"noopener noreferrer\">konto na Facebooku<\/a>\u00a0a my odpowiemy na Twoj\u0105 pro\u015bb\u0119 tego samego dnia.<\/p>","protected":false},"excerpt":{"rendered":"<p>Fili\u017canka do fajki wodnej SOLARIS Phobos Glaze Do produkcji kubk\u00f3w wykorzystywane s\u0105 wy\u0142\u0105cznie naturalne i przyjazne dla \u015brodowiska materia\u0142y. R\u00f3\u017cni si\u0119 od innych kubk\u00f3w tym, \u017ce jest bardziej odporny na wilgo\u0107. Zastosowanie technologii mlecznej do glinki czerwonej daje ciekawy efekt zewn\u0119trzny, oryginalny design. Specyfikacja: Ilo\u015b\u0107 otwor\u00f3w: 7 szt. Materia\u0142: glina pokryta szkliwem. Wysoko\u015b\u0107: 8cm \u015arednica u g\u00f3ry: 6cm Masz pytania? Skontaktuj si\u0119 z nami na stronie kontaktowej lub [\u2026]<\/p>","protected":false},"featured_media":31714,"comment_status":"open","ping_status":"closed","template":"","meta":[],"_links":{"self":[{"href":"https:\/\/hookahshop.lt\/pl\/wp-json\/wp\/v2\/product\/31713"}],"collection":[{"href":"https:\/\/hookahshop.lt\/pl\/wp-json\/wp\/v2\/product"}],"about":[{"href":"https:\/\/hookahshop.lt\/pl\/wp-json\/wp\/v2\/types\/product"}],"replies":[{"embeddable":true,"href":"https:\/\/hookahshop.lt\/pl\/wp-json\/wp\/v2\/comments?post=31713"}],"version-history":[{"count":4,"href":"https:\/\/hookahshop.lt\/pl\/wp-json\/wp\/v2\/product\/31713\/revisions"}],"predecessor-version":[{"id":31764,"href":"https:\/\/hookahshop.lt\/pl\/wp-json\/wp\/v2\/product\/31713\/revisions\/31764"}],"wp:featuredmedia":[{"embeddable":true,"href":"https:\/\/hookahshop.lt\/pl\/wp-json\/wp\/v2\/media\/31714"}],"wp:attachment":[{"href":"https:\/\/hookahshop.lt\/pl\/wp-json\/wp\/v2\/media?parent=31713"}],"curies":[{"name":"wp","href":"https:\/\/api.w.org\/{rel}","templated":true}]}}