{"id":31727,"date":"2022-03-09T17:54:45","date_gmt":"2022-03-09T15:54:45","guid":{"rendered":"https:\/\/hookahshop.lt\/?post_type=product&#038;p=31727"},"modified":"2026-04-17T16:33:32","modified_gmt":"2026-04-17T13:33:32","slug":"taurele-kaljanui-oblako-phunnel-l-glazed-red-cosmo","status":"publish","type":"product","link":"https:\/\/hookahshop.lt\/pl\/produkt\/kubek-szisza-chmurka-lejek-l-glazurowany-czerwony-cosmo\/","title":{"rendered":"Kubek do fajki wodnej OBLAKO Phunnel L Glazed Red Cosmo"},"content":{"rendered":"<h2>Kubek do fajki wodnej OBLAKO Phunnel L Glazed Red Cosmo<\/h2>\n<p>Jest szkliwiony do codziennego palenia, idealny do lekkiego i ci\u0119\u017ckiego tytoniu!<\/p>\n<p>Kubek pokryty jest szkliwem, dzi\u0119ki czemu zachowuje swoje pierwotne w\u0142a\u015bciwo\u015bci i wygl\u0105d przez d\u0142ugi czas. OBLAKO u\u017cywa wy\u0142\u0105cznie przyjaznej dla cz\u0142owieka glazury spo\u017cywczej opracowanej przez partner\u00f3w w wyspecjalizowanych laboratoriach zlokalizowanych w Gzhelskoye, jednym z tradycyjnych o\u015brodk\u00f3w produkcji ceramiki w Rosji.<\/p>\n<p>Kubek tytoniu mie\u015bci 20\u201323 g.<\/p>\n<p><strong>Specyfikacje:<\/strong><br \/>\nWysoko\u015b\u0107: 118mm<br \/>\n\u015arednica (zewn\u0119trzna): 74 mm<br \/>\n\u015arednica (wewn\u0119trzna): 68 mm<br \/>\nG\u0142\u0119boko\u015b\u0107: 12 mm<br \/>\n\u015arednica otworu: 12 mm<br \/>\nLiczba otwor\u00f3w: 1<br \/>\nWaga: oko\u0142o 182g.<\/p>\n<p>Czy masz jakie\u015b pytania? Skontaktuj si\u0119 z nami\u00a0<a href=\"https:\/\/hookahshop.lt\/pl\/lacznosc\/\">strona z kontaktami<\/a>\u00a0lub napisz do nas na adres\u00a0<a href=\"https:\/\/facebook.com\/HookahShop.lt\/\" target=\"_blank\" rel=\"noopener noreferrer\">konto na Facebooku<\/a>\u00a0a my odpowiemy na Twoj\u0105 pro\u015bb\u0119 tego samego dnia.<\/p>\n<p>&nbsp;<\/p>\n<p>&nbsp;<\/p>","protected":false},"excerpt":{"rendered":"<p>Fili\u017canka do fajki wodnej OBLAKO Phunnel L Glazed Red Cosmo Jest szkliwiona do codziennego palenia, idealna do lekkich i ci\u0119\u017ckich tytoni! Fili\u017canka pokryta jest szkliwem, dzi\u0119ki czemu przez d\u0142ugi czas zachowuje swoje pierwotne w\u0142a\u015bciwo\u015bci i wygl\u0105d. OBLAKO wykorzystuje wy\u0142\u0105cznie jadalne szkliwo bezpieczne dla cz\u0142owieka, opracowane przez partner\u00f3w w wyspecjalizowanych laboratoriach zlokalizowanych w G\u017celskoje, jednym z tradycyjnych o\u015brodk\u00f3w rosyjskiej produkcji ceramiki. [\u2026]<\/p>","protected":false},"featured_media":31728,"comment_status":"open","ping_status":"closed","template":"","meta":[],"_links":{"self":[{"href":"https:\/\/hookahshop.lt\/pl\/wp-json\/wp\/v2\/product\/31727"}],"collection":[{"href":"https:\/\/hookahshop.lt\/pl\/wp-json\/wp\/v2\/product"}],"about":[{"href":"https:\/\/hookahshop.lt\/pl\/wp-json\/wp\/v2\/types\/product"}],"replies":[{"embeddable":true,"href":"https:\/\/hookahshop.lt\/pl\/wp-json\/wp\/v2\/comments?post=31727"}],"version-history":[{"count":2,"href":"https:\/\/hookahshop.lt\/pl\/wp-json\/wp\/v2\/product\/31727\/revisions"}],"predecessor-version":[{"id":31762,"href":"https:\/\/hookahshop.lt\/pl\/wp-json\/wp\/v2\/product\/31727\/revisions\/31762"}],"wp:featuredmedia":[{"embeddable":true,"href":"https:\/\/hookahshop.lt\/pl\/wp-json\/wp\/v2\/media\/31728"}],"wp:attachment":[{"href":"https:\/\/hookahshop.lt\/pl\/wp-json\/wp\/v2\/media?parent=31727"}],"curies":[{"name":"wp","href":"https:\/\/api.w.org\/{rel}","templated":true}]}}