{"id":31739,"date":"2022-03-09T18:44:09","date_gmt":"2022-03-09T16:44:09","guid":{"rendered":"https:\/\/hookahshop.lt\/?post_type=product&#038;p=31739"},"modified":"2026-05-14T23:29:39","modified_gmt":"2026-05-14T20:29:39","slug":"znyples-kaljano-anglims-embery-medium-gold","status":"publish","type":"product","link":"https:\/\/hookahshop.lt\/pl\/produkt\/fajka-wodna-wegiel-szisza-embery-srednio-zlota\/","title":{"rendered":"Szczypce do fajki wodnej EMBERY Medium Gold"},"content":{"rendered":"<h2>Szczypce do fajki wodnej EMBERY Medium Gold<\/h2>\n<p>Wyj\u0105tkowo wygl\u0105daj\u0105ce szczypce. Te szczypce s\u0105 bardzo wygodne i nie wyginaj\u0105 si\u0119 podczas u\u017cywania. Wykonany z wysokiej jako\u015bci materia\u0142\u00f3w.<\/p>\n<p><strong>Specyfikacja:<\/strong><br \/>\nMateria\u0142: Stal nierdzewna<br \/>\nWaga: 62g<br \/>\nD\u0142ugo\u015b\u0107 - 30 cm<br \/>\nKolor - z\u0142oty<br \/>\nKraj pochodzenia: Ukraina<\/p>\n<p>Czy masz jakie\u015b pytania? Skontaktuj si\u0119 z nami\u00a0<a href=\"https:\/\/hookahshop.lt\/pl\/lacznosc\/\">strona z kontaktami<\/a>\u00a0lub napisz do nas na adres\u00a0<a href=\"https:\/\/facebook.com\/HookahShop.lt\/\" target=\"_blank\" rel=\"noopener noreferrer\">konto na Facebooku<\/a>\u00a0a my odpowiemy na Twoj\u0105 pro\u015bb\u0119 tego samego dnia.<\/p>\n<p>&nbsp;<\/p>","protected":false},"excerpt":{"rendered":"<p>Szczypce do w\u0119gla drzewnego do fajki wodnej EMBERY \u015arednie z\u0142ote szczypce o niepowtarzalnym wygl\u0105dzie. Szczypce te maj\u0105 bardzo wygodny rozmiar i nie zapadaj\u0105 si\u0119 podczas u\u017cytkowania. Wykonane przy u\u017cyciu wysokiej jako\u015bci materia\u0142\u00f3w. Specyfikacja: Materia\u0142: stal nierdzewna Waga: 62 g D\u0142ugo\u015b\u0107 - 30 cm Kolor - z\u0142oty Kraj pochodzenia: Ukraina Masz pytania? Skontaktuj si\u0119 z nami na stronie kontaktowej lub napisz do nas na naszym koncie na Facebooku, a my odpowiemy na Twoje zapytanie w [\u2026]<\/p>","protected":false},"featured_media":31740,"comment_status":"open","ping_status":"closed","template":"","meta":[],"_links":{"self":[{"href":"https:\/\/hookahshop.lt\/pl\/wp-json\/wp\/v2\/product\/31739"}],"collection":[{"href":"https:\/\/hookahshop.lt\/pl\/wp-json\/wp\/v2\/product"}],"about":[{"href":"https:\/\/hookahshop.lt\/pl\/wp-json\/wp\/v2\/types\/product"}],"replies":[{"embeddable":true,"href":"https:\/\/hookahshop.lt\/pl\/wp-json\/wp\/v2\/comments?post=31739"}],"version-history":[{"count":2,"href":"https:\/\/hookahshop.lt\/pl\/wp-json\/wp\/v2\/product\/31739\/revisions"}],"predecessor-version":[{"id":31759,"href":"https:\/\/hookahshop.lt\/pl\/wp-json\/wp\/v2\/product\/31739\/revisions\/31759"}],"wp:featuredmedia":[{"embeddable":true,"href":"https:\/\/hookahshop.lt\/pl\/wp-json\/wp\/v2\/media\/31740"}],"wp:attachment":[{"href":"https:\/\/hookahshop.lt\/pl\/wp-json\/wp\/v2\/media?parent=31739"}],"curies":[{"name":"wp","href":"https:\/\/api.w.org\/{rel}","templated":true}]}}