{"id":31893,"date":"2022-03-27T18:29:48","date_gmt":"2022-03-27T15:29:48","guid":{"rendered":"https:\/\/hookahshop.lt\/?post_type=product&#038;p=31893"},"modified":"2026-05-13T23:29:48","modified_gmt":"2026-05-13T20:29:48","slug":"znyples-kaljano-anglims-embery-black","status":"publish","type":"product","link":"https:\/\/hookahshop.lt\/pl\/produkt\/szisza-szisza-wegiel-emmber-czarny\/","title":{"rendered":"Szczypce do fajki wodnej EMBERY Black"},"content":{"rendered":"<h2>Szczypce do fajki wodnej EMBERY Black<\/h2>\n<p>Minimalistyczne szczypce wykonane z wysokiej jako\u015bci materia\u0142\u00f3w. Te szczypce s\u0105 bardzo wygodne i nie wyginaj\u0105 si\u0119 podczas u\u017cywania. Idealny do sziszy podr\u00f3\u017cnych ze wzgl\u0119du na swoj\u0105 kompaktowo\u015b\u0107.<\/p>\n<p><strong>Specyfikacja:<\/strong><br \/>\nMateria\u0142: Stal nierdzewna<br \/>\nD\u0142ugo\u015b\u0107 - 22 cm<br \/>\nKolor czarny<br \/>\nKraj pochodzenia: Ukraina<\/p>\n<p>Czy masz jakie\u015b pytania? Skontaktuj si\u0119 z nami\u00a0<a href=\"https:\/\/hookahshop.lt\/pl\/lacznosc\/\">strona z kontaktami<\/a>\u00a0lub napisz do nas na adres\u00a0<a href=\"https:\/\/facebook.com\/HookahShop.lt\/\" target=\"_blank\" rel=\"noopener noreferrer\">konto na Facebooku<\/a>\u00a0a my odpowiemy na Twoj\u0105 pro\u015bb\u0119 tego samego dnia.<\/p>","protected":false},"excerpt":{"rendered":"<p>Szczypce do w\u0119gla drzewnego do fajki wodnej EMBERY Czarne Szczypce o minimalistycznym designie, wykonane z wysokiej jako\u015bci materia\u0142\u00f3w. Szczypce te maj\u0105 bardzo wygodny rozmiar i nie zapadaj\u0105 si\u0119 podczas u\u017cytkowania. Idealny do fajek podr\u00f3\u017cnych ze wzgl\u0119du na swoj\u0105 kompaktowo\u015b\u0107. Specyfikacja: Materia\u0142: stal nierdzewna D\u0142ugo\u015b\u0107 - 22 cm Kolor - czarny Kraj pochodzenia: Ukraina Masz pytania? Skontaktuj si\u0119 z nami na stronie kontaktowej lub napisz do nas na naszym koncie na Facebooku, a my odpowiemy [\u2026]<\/p>","protected":false},"featured_media":31894,"comment_status":"open","ping_status":"closed","template":"","meta":[],"_links":{"self":[{"href":"https:\/\/hookahshop.lt\/pl\/wp-json\/wp\/v2\/product\/31893"}],"collection":[{"href":"https:\/\/hookahshop.lt\/pl\/wp-json\/wp\/v2\/product"}],"about":[{"href":"https:\/\/hookahshop.lt\/pl\/wp-json\/wp\/v2\/types\/product"}],"replies":[{"embeddable":true,"href":"https:\/\/hookahshop.lt\/pl\/wp-json\/wp\/v2\/comments?post=31893"}],"version-history":[{"count":2,"href":"https:\/\/hookahshop.lt\/pl\/wp-json\/wp\/v2\/product\/31893\/revisions"}],"predecessor-version":[{"id":31896,"href":"https:\/\/hookahshop.lt\/pl\/wp-json\/wp\/v2\/product\/31893\/revisions\/31896"}],"wp:featuredmedia":[{"embeddable":true,"href":"https:\/\/hookahshop.lt\/pl\/wp-json\/wp\/v2\/media\/31894"}],"wp:attachment":[{"href":"https:\/\/hookahshop.lt\/pl\/wp-json\/wp\/v2\/media?parent=31893"}],"curies":[{"name":"wp","href":"https:\/\/api.w.org\/{rel}","templated":true}]}}