{"id":31897,"date":"2022-03-27T21:59:12","date_gmt":"2022-03-27T18:59:12","guid":{"rendered":"https:\/\/hookahshop.lt\/?post_type=product&#038;p=31897"},"modified":"2026-04-10T12:51:47","modified_gmt":"2026-04-10T09:51:47","slug":"kandiklis-kaljanui-hoob-smpl-vanta","status":"publish","type":"product","link":"https:\/\/hookahshop.lt\/pl\/produkt\/ustnik-do-fajki-wodnej-hoob-smpl-shingle\/","title":{"rendered":"Haczyk do fajki wodnej HOOB SMPL Vanta"},"content":{"rendered":"<h2>Haczyk do fajki wodnej HOOB SMPL Vanta<\/h2>\n<p>Wykonany z drewna i stali nierdzewnej z czarnymi ko\u0144c\u00f3wkami, kt\u00f3ry sk\u0142ada si\u0119 z 2 cz\u0119\u015bci. To rozwi\u0105zanie idealne zar\u00f3wno do u\u017cytku domowego, jak i w podr\u00f3\u017cy.<\/p>\n<p>D\u0142ugo\u015b\u0107: 30 cm<br \/>\nZ drewna<br \/>\nNadaje si\u0119 do wszystkich w\u0119\u017cy silikonowych o \u015brednicy wewn\u0119trznej 10-11mm<br \/>\nPoz\u0142acane ko\u0144c\u00f3wki ze stali nierdzewnej<br \/>\nBrak szkodliwych pow\u0142ok (farby itp.)<\/p>\n<p>Czy masz jakie\u015b pytania? Skontaktuj si\u0119 z nami\u00a0<a href=\"https:\/\/hookahshop.lt\/pl\/lacznosc\/\">strona z kontaktami<\/a>\u00a0lub napisz do nas na adres\u00a0<a href=\"https:\/\/facebook.com\/HookahShop.lt\/\" target=\"_blank\" rel=\"noopener noreferrer\">konto na Facebooku<\/a>\u00a0a my odpowiemy na Twoj\u0105 pro\u015bb\u0119 tego samego dnia.<\/p>","protected":false},"excerpt":{"rendered":"<p>Ustnik do fajki wodnej HOOB SMPL Vanta Wykonany z drewna i ko\u0144c\u00f3wek ze stali nierdzewnej w kolorze czarnym, sk\u0142ada si\u0119 z 2 cz\u0119\u015bci. Rozwi\u0105zanie to doskonale sprawdza si\u0119 zar\u00f3wno w u\u017cytku domowym, jak i w podr\u00f3\u017cy. D\u0142ugo\u015b\u0107: 30cm Drewniana Nadaje si\u0119 do wszystkich w\u0119\u017cy silikonowych o \u015brednicy wewn\u0119trznej 10-11mm Ko\u0144c\u00f3wki ze stali nierdzewnej poz\u0142acane Brak szkodliwych pow\u0142ok (farb itp.) Masz pytania? Kontakt [\u2026]<\/p>","protected":false},"featured_media":31898,"comment_status":"open","ping_status":"closed","template":"","meta":[],"_links":{"self":[{"href":"https:\/\/hookahshop.lt\/pl\/wp-json\/wp\/v2\/product\/31897"}],"collection":[{"href":"https:\/\/hookahshop.lt\/pl\/wp-json\/wp\/v2\/product"}],"about":[{"href":"https:\/\/hookahshop.lt\/pl\/wp-json\/wp\/v2\/types\/product"}],"replies":[{"embeddable":true,"href":"https:\/\/hookahshop.lt\/pl\/wp-json\/wp\/v2\/comments?post=31897"}],"version-history":[{"count":3,"href":"https:\/\/hookahshop.lt\/pl\/wp-json\/wp\/v2\/product\/31897\/revisions"}],"predecessor-version":[{"id":44472,"href":"https:\/\/hookahshop.lt\/pl\/wp-json\/wp\/v2\/product\/31897\/revisions\/44472"}],"wp:featuredmedia":[{"embeddable":true,"href":"https:\/\/hookahshop.lt\/pl\/wp-json\/wp\/v2\/media\/31898"}],"wp:attachment":[{"href":"https:\/\/hookahshop.lt\/pl\/wp-json\/wp\/v2\/media?parent=31897"}],"curies":[{"name":"wp","href":"https:\/\/api.w.org\/{rel}","templated":true}]}}