{"id":31985,"date":"2022-04-09T15:20:58","date_gmt":"2022-04-09T12:20:58","guid":{"rendered":"https:\/\/hookahshop.lt\/?post_type=product&#038;p=31985"},"modified":"2026-04-14T23:29:28","modified_gmt":"2026-04-14T20:29:28","slug":"kaljanas-jinni-hookah-rose-bronze","status":"publish","type":"product","link":"https:\/\/hookahshop.lt\/pl\/produkt\/szisza-jinni-szisza-roza-braz\/","title":{"rendered":"Fajka wodna JINNI HOOKAH R\u00f3\u017cany br\u0105z"},"content":{"rendered":"<h2>Fajka wodna JINNI HOOKAH R\u00f3\u017cany br\u0105z<\/h2>\n<p>Ma\u0142e po\u0142\u0105czenie aluminium i szk\u0142a - podr\u00f3\u017cna mini fajka wodna. \u015awietna, kompaktowa fajka wodna.<\/p>\n<p><strong>Specyfikacja:<\/strong><br \/>\nWysoko\u015b\u0107 fajki wodnej: 20 cm<br \/>\nSzeroko\u015b\u0107 fajki wodnej: 10 cm<\/p>\n<p><strong>Ekwipunek:<\/strong><br \/>\nNargile<br \/>\nKolba (szk\u0142o)<br \/>\nUstnik<br \/>\nW\u0105\u017c silikonowy<br \/>\nSpr\u0119\u017cyna do w\u0119\u017cy<br \/>\nSzczypce<br \/>\nMediator<br \/>\nTorba<\/p>\n<p><img decoding=\"async\" loading=\"lazy\" class=\"alignnone size-medium wp-image-38601\" src=\"https:\/\/hookahshop.lt\/wp-content\/uploads\/2021\/08\/jinni-komplektacija-1-300x273.jpg\" alt=\"- hookahshop.lt\" width=\"300\" height=\"273\" srcset=\"https:\/\/hookahshop.lt\/wp-content\/uploads\/2021\/08\/jinni-komplektacija-1-300x273.jpg 300w, https:\/\/hookahshop.lt\/wp-content\/uploads\/2021\/08\/jinni-komplektacija-1-13x12.jpg 13w, https:\/\/hookahshop.lt\/wp-content\/uploads\/2021\/08\/jinni-komplektacija-1-64x58.jpg 64w, https:\/\/hookahshop.lt\/wp-content\/uploads\/2021\/08\/jinni-komplektacija-1.jpg 420w\" sizes=\"(max-width: 300px) 100vw, 300px\" title=\"\"><\/p>\n<p>Czy masz jakie\u015b pytania? Skontaktuj si\u0119 z nami\u00a0<a href=\"https:\/\/hookahshop.lt\/pl\/lacznosc\/\">strona z kontaktami<\/a>\u00a0lub napisz do nas na adres\u00a0<a href=\"https:\/\/facebook.com\/HookahShop.lt\/\" target=\"_blank\" rel=\"noopener noreferrer\">konto na Facebooku<\/a>\u00a0a my odpowiemy na Twoj\u0105 pro\u015bb\u0119 tego samego dnia.<\/p>","protected":false},"excerpt":{"rendered":"<p>Fajka wodna JINNI HOOKAH Rose Bronze Ma\u0142e po\u0142\u0105czenie aluminium i szk\u0142a - mini fajka podr\u00f3\u017cna. \u015awietna, kompaktowa fajka wodna. Specyfikacja: Wysoko\u015b\u0107 fajki wodnej: 20cm Szeroko\u015b\u0107 fajki wodnej: 10cm Kompletny zestaw: Kolba do fajki wodnej (szk\u0142o) Ustnik W\u0105\u017c silikonowy W\u0119\u017ce spr\u0119\u017cynowe Szczypce Torba dystansowa Masz pytania? Skontaktuj si\u0119 z nami na stronie kontaktowej lub napisz do nas na naszym koncie na Facebooku, a my odpowiemy na Twoj\u0105 pro\u015bb\u0119 jeszcze tego samego dnia.<\/p>","protected":false},"featured_media":31986,"comment_status":"open","ping_status":"closed","template":"","meta":[],"_links":{"self":[{"href":"https:\/\/hookahshop.lt\/pl\/wp-json\/wp\/v2\/product\/31985"}],"collection":[{"href":"https:\/\/hookahshop.lt\/pl\/wp-json\/wp\/v2\/product"}],"about":[{"href":"https:\/\/hookahshop.lt\/pl\/wp-json\/wp\/v2\/types\/product"}],"replies":[{"embeddable":true,"href":"https:\/\/hookahshop.lt\/pl\/wp-json\/wp\/v2\/comments?post=31985"}],"version-history":[{"count":5,"href":"https:\/\/hookahshop.lt\/pl\/wp-json\/wp\/v2\/product\/31985\/revisions"}],"predecessor-version":[{"id":32105,"href":"https:\/\/hookahshop.lt\/pl\/wp-json\/wp\/v2\/product\/31985\/revisions\/32105"}],"wp:featuredmedia":[{"embeddable":true,"href":"https:\/\/hookahshop.lt\/pl\/wp-json\/wp\/v2\/media\/31986"}],"wp:attachment":[{"href":"https:\/\/hookahshop.lt\/pl\/wp-json\/wp\/v2\/media?parent=31985"}],"curies":[{"name":"wp","href":"https:\/\/api.w.org\/{rel}","templated":true}]}}