{"id":31990,"date":"2022-04-09T15:27:11","date_gmt":"2022-04-09T12:27:11","guid":{"rendered":"https:\/\/hookahshop.lt\/?post_type=product&#038;p=31990"},"modified":"2026-04-14T23:29:28","modified_gmt":"2026-04-14T20:29:28","slug":"kaljanas-jinni-hookah-silver","status":"publish","type":"product","link":"https:\/\/hookahshop.lt\/pl\/produkt\/szisza-jinni-szisza-srebrna\/","title":{"rendered":"Kaljanas JINNI HOOKAH Srebrny"},"content":{"rendered":"<h2>Kaljanas JINNI HOOKAH Srebrny<\/h2>\n<p>Ma\u0142e po\u0142\u0105czenie aluminium i szk\u0142a - podr\u00f3\u017cna mini fajka wodna. \u015awietna, kompaktowa fajka wodna.<\/p>\n<p><strong>Specyfikacja:<\/strong><br \/>\nWysoko\u015b\u0107 fajki wodnej: 20 cm<br \/>\nSzeroko\u015b\u0107 fajki wodnej: 10 cm<\/p>\n<p><strong>Ekwipunek:<\/strong><br \/>\nNargile<br \/>\nKolba (szk\u0142o)<br \/>\nUstnik<br \/>\nW\u0105\u017c silikonowy<br \/>\nSpr\u0119\u017cyna do w\u0119\u017cy<br \/>\nSzczypce<br \/>\nMediator<br \/>\nTorba<\/p>\n<p>Czy masz jakie\u015b pytania? Skontaktuj si\u0119 z nami\u00a0<a href=\"https:\/\/hookahshop.lt\/pl\/lacznosc\/\">strona z kontaktami<\/a>\u00a0lub napisz do nas na adres\u00a0<a href=\"https:\/\/facebook.com\/HookahShop.lt\/\" target=\"_blank\" rel=\"noopener noreferrer\">konto na Facebooku<\/a>\u00a0a my odpowiemy na Twoj\u0105 pro\u015bb\u0119 tego samego dnia.<\/p>\n<p>&nbsp;<\/p>","protected":false},"excerpt":{"rendered":"<p>Fajka wodna JINNI HOOKAH Silver Ma\u0142e po\u0142\u0105czenie aluminium i szk\u0142a - mini szisza podr\u00f3\u017cna. \u015awietna, kompaktowa fajka wodna. Specyfikacja: Wysoko\u015b\u0107 fajki wodnej: 20cm Szeroko\u015b\u0107 fajki wodnej: 10cm Kompletny zestaw: Kolba do fajki wodnej (szk\u0142o) Ustnik W\u0105\u017c silikonowy W\u0119\u017ce spr\u0119\u017cynowe Szczypce Torba dystansowa Masz pytania? Skontaktuj si\u0119 z nami na stronie kontaktowej lub napisz do nas na naszym koncie na Facebooku, a my odpowiemy na Twoj\u0105 pro\u015bb\u0119 jeszcze tego samego dnia. &nbsp;<\/p>","protected":false},"featured_media":31992,"comment_status":"open","ping_status":"closed","template":"","meta":[],"_links":{"self":[{"href":"https:\/\/hookahshop.lt\/pl\/wp-json\/wp\/v2\/product\/31990"}],"collection":[{"href":"https:\/\/hookahshop.lt\/pl\/wp-json\/wp\/v2\/product"}],"about":[{"href":"https:\/\/hookahshop.lt\/pl\/wp-json\/wp\/v2\/types\/product"}],"replies":[{"embeddable":true,"href":"https:\/\/hookahshop.lt\/pl\/wp-json\/wp\/v2\/comments?post=31990"}],"version-history":[{"count":3,"href":"https:\/\/hookahshop.lt\/pl\/wp-json\/wp\/v2\/product\/31990\/revisions"}],"predecessor-version":[{"id":32104,"href":"https:\/\/hookahshop.lt\/pl\/wp-json\/wp\/v2\/product\/31990\/revisions\/32104"}],"wp:featuredmedia":[{"embeddable":true,"href":"https:\/\/hookahshop.lt\/pl\/wp-json\/wp\/v2\/media\/31992"}],"wp:attachment":[{"href":"https:\/\/hookahshop.lt\/pl\/wp-json\/wp\/v2\/media?parent=31990"}],"curies":[{"name":"wp","href":"https:\/\/api.w.org\/{rel}","templated":true}]}}