{"id":32006,"date":"2022-04-09T18:10:20","date_gmt":"2022-04-09T15:10:20","guid":{"rendered":"https:\/\/hookahshop.lt\/?post_type=product&#038;p=32006"},"modified":"2026-04-17T16:33:32","modified_gmt":"2026-04-17T13:33:32","slug":"taurele-kaljanui-moon-turkish-black","status":"publish","type":"product","link":"https:\/\/hookahshop.lt\/pl\/produkt\/filizanka-szisza-ksiezyc-turecko-czarna\/","title":{"rendered":"Kubek do fajki wodnej MOON Turkish Black"},"content":{"rendered":"<h2>Kubek do fajki wodnej MOON Turkish Black<\/h2>\n<p>R\u0119cznie robiony, doskona\u0142e wykonanie, wykonany z wysokiej jako\u015bci glinianego kubka. Nowi na rynku, pracowali dla nich te same osoby zaanga\u017cowane w tworzenie Puchar\u00f3w Oblakas. Wysokiej jako\u015bci glina i glazura to idealne po\u0142\u0105czenie.<br \/>\nNar\u00f3d nadaje si\u0119 zar\u00f3wno do ciemnego, jak i jasnego tytoniu.<br \/>\nPojemno\u015b\u0107 kubka to oko\u0142o 20-25 g (w zale\u017cno\u015bci od zastosowanego sposobu pakowania).<\/p>\n<p>Do rozprowadzania tytoniu w kubku do\u0142\u0105czony jest drewniany widelec.<\/p>\n<p><strong>Charakterystyka:<\/strong><br \/>\nMateria\u0142: glina<br \/>\nWysoko\u015b\u0107: ~8 cm<br \/>\nSzeroko\u015b\u0107: ~7,5 cm<br \/>\nPojemno\u015b\u0107: ~2,5 cm<\/p>\n<p>&nbsp;<\/p>\n<p>Czy masz jakie\u015b pytania? Skontaktuj si\u0119 z nami\u00a0<a href=\"https:\/\/hookahshop.lt\/pl\/lacznosc\/\">strona z kontaktami<\/a>\u00a0lub napisz do nas na adres\u00a0<a href=\"https:\/\/facebook.com\/HookahShop.lt\/\" target=\"_blank\" rel=\"noopener noreferrer\">konto na Facebooku<\/a>\u00a0a my odpowiemy na Twoj\u0105 pro\u015bb\u0119 tego samego dnia.<\/p>","protected":false},"excerpt":{"rendered":"<p>Kubek do fajki wodnej MOON Turecki Czarny Wykonany r\u0119cznie, doskona\u0142e wykonanie, kubek wykonany z wysokiej jako\u015bci gliny. Nowo\u015b\u0107 na rynku, nad nimi pracowa\u0142y te same osoby, kt\u00f3re pracowa\u0142y przy tworzeniu kubk\u00f3w Oblaka. Wysokiej jako\u015bci glina i szkliwo to po\u0142\u0105czenie idealne. Miska nadaje si\u0119 zar\u00f3wno do ciemnych, jak i jasnych tytoni. Pojemno\u015b\u0107 kubka to oko\u0142o 20-25 g (w zale\u017cno\u015bci od zastosowanego sposobu pakowania). Drewniany [\u2026]<\/p>","protected":false},"featured_media":32007,"comment_status":"open","ping_status":"closed","template":"","meta":[],"_links":{"self":[{"href":"https:\/\/hookahshop.lt\/pl\/wp-json\/wp\/v2\/product\/32006"}],"collection":[{"href":"https:\/\/hookahshop.lt\/pl\/wp-json\/wp\/v2\/product"}],"about":[{"href":"https:\/\/hookahshop.lt\/pl\/wp-json\/wp\/v2\/types\/product"}],"replies":[{"embeddable":true,"href":"https:\/\/hookahshop.lt\/pl\/wp-json\/wp\/v2\/comments?post=32006"}],"version-history":[{"count":3,"href":"https:\/\/hookahshop.lt\/pl\/wp-json\/wp\/v2\/product\/32006\/revisions"}],"predecessor-version":[{"id":32097,"href":"https:\/\/hookahshop.lt\/pl\/wp-json\/wp\/v2\/product\/32006\/revisions\/32097"}],"wp:featuredmedia":[{"embeddable":true,"href":"https:\/\/hookahshop.lt\/pl\/wp-json\/wp\/v2\/media\/32007"}],"wp:attachment":[{"href":"https:\/\/hookahshop.lt\/pl\/wp-json\/wp\/v2\/media?parent=32006"}],"curies":[{"name":"wp","href":"https:\/\/api.w.org\/{rel}","templated":true}]}}