{"id":32013,"date":"2022-04-09T18:36:20","date_gmt":"2022-04-09T15:36:20","guid":{"rendered":"https:\/\/hookahshop.lt\/?post_type=product&#038;p=32013"},"modified":"2026-04-18T23:29:16","modified_gmt":"2026-04-18T20:29:16","slug":"znyples-kaljano-anglims-kaya-wing","status":"publish","type":"product","link":"https:\/\/hookahshop.lt\/pl\/produkt\/szczypce-szisza-wegiel-kaja-skrzydlo\/","title":{"rendered":"Szczypce do fajki wodnej KAYA Wing"},"content":{"rendered":"<h2>Szczypce do fajki wodnej KAYA Wing<\/h2>\n<p>Przeznaczony do umieszczania roz\u017carzonych w\u0119gli w komorze grzewczej i wygodnego transportu ich z komory grzewczej w wybrane miejsce.<\/p>\n<p><strong>Specyfikacje:<\/strong><br \/>\nD\u0142ugo\u015b\u0107: 16 cm<br \/>\nSzeroko\u015b\u0107: 2,5 cm<br \/>\nMateria\u0142: Stal nierdzewna<br \/>\nKraj producenta: Niemcy<\/p>\n<p>&nbsp;<\/p>\n<p>Czy masz jakie\u015b pytania? Skontaktuj si\u0119 z nami\u00a0<a href=\"https:\/\/hookahshop.lt\/pl\/lacznosc\/\">strona z kontaktami<\/a>\u00a0lub napisz do nas na adres\u00a0<a href=\"https:\/\/facebook.com\/HookahShop.lt\/\" target=\"_blank\" rel=\"noopener noreferrer\">konto na Facebooku<\/a>\u00a0a my odpowiemy na Twoj\u0105 pro\u015bb\u0119 tego samego dnia.<\/p>","protected":false},"excerpt":{"rendered":"<p>Kleszcze do w\u0119gli do fajki wodnej KAYA Wing Przeznaczone do umieszczania roz\u017carzonych w\u0119gli w komorze grzewczej i wygodnego transportu ich z komory grzewczej w wybrane miejsce. Dane techniczne: D\u0142ugo\u015b\u0107: 16 cm Szeroko\u015b\u0107: 2,5 cm Materia\u0142: Stal nierdzewna Kraj producenta: Niemcy Masz pytania? Skontaktuj si\u0119 z nami na stronie kontaktowej lub napisz do nas na naszym koncie na Facebooku, a my odpowiemy na Twoj\u0105 pro\u015bb\u0119 jeszcze tego samego dnia.<\/p>","protected":false},"featured_media":32016,"comment_status":"open","ping_status":"closed","template":"","meta":[],"_links":{"self":[{"href":"https:\/\/hookahshop.lt\/pl\/wp-json\/wp\/v2\/product\/32013"}],"collection":[{"href":"https:\/\/hookahshop.lt\/pl\/wp-json\/wp\/v2\/product"}],"about":[{"href":"https:\/\/hookahshop.lt\/pl\/wp-json\/wp\/v2\/types\/product"}],"replies":[{"embeddable":true,"href":"https:\/\/hookahshop.lt\/pl\/wp-json\/wp\/v2\/comments?post=32013"}],"version-history":[{"count":5,"href":"https:\/\/hookahshop.lt\/pl\/wp-json\/wp\/v2\/product\/32013\/revisions"}],"predecessor-version":[{"id":32055,"href":"https:\/\/hookahshop.lt\/pl\/wp-json\/wp\/v2\/product\/32013\/revisions\/32055"}],"wp:featuredmedia":[{"embeddable":true,"href":"https:\/\/hookahshop.lt\/pl\/wp-json\/wp\/v2\/media\/32016"}],"wp:attachment":[{"href":"https:\/\/hookahshop.lt\/pl\/wp-json\/wp\/v2\/media?parent=32013"}],"curies":[{"name":"wp","href":"https:\/\/api.w.org\/{rel}","templated":true}]}}