{"id":32017,"date":"2022-04-09T19:24:30","date_gmt":"2022-04-09T16:24:30","guid":{"rendered":"https:\/\/hookahshop.lt\/?post_type=product&#038;p=32017"},"modified":"2026-04-18T23:29:16","modified_gmt":"2026-04-18T20:29:16","slug":"uzkuriklis-anglims-m-rosenfeld-fire-tower-3","status":"publish","type":"product","link":"https:\/\/hookahshop.lt\/pl\/produkt\/zapalniczka-weglowa-m-rosenfeld-wieza-pozarowa-3\/","title":{"rendered":"Zapalnik w\u0119glowy M ROSENFELD Fire Tower 3"},"content":{"rendered":"<h2>Zapalnik w\u0119glowy M ROSENFELD Fire Tower 3<\/h2>\n<p>Pomo\u017ce Ci wygodnie podgrza\u0107 w\u0119giel do fajki wodnej. Kompaktowy i \u0142atwy w transporcie. W\u0119giel naturalny nagrzewa si\u0119 \u015brednio 5-10 minut. Wyjmowana karbonowa tacka z uchwytem do przenoszenia karbonowej tacki mo\u017ce by\u0107 u\u017cywana jako szczypce. Regulacja temperatury do 6 poziom\u00f3w z termostatem.<\/p>\n<p><strong>Dane techniczne:<\/strong><\/p>\n<p>Wysoko\u015b\u0107: 19 cm<br \/>\nSzeroko\u015b\u0107 zapalarki: 15 cm<br \/>\nWysoko\u015b\u0107 sk\u0142adowania w\u0119gla: 3 cm<br \/>\nSzeroko\u015b\u0107 sk\u0142adowania w\u0119gla: 12 cm<br \/>\nTermostat: tak<br \/>\nPoziom temperatury: do 6<br \/>\nMagazynek w\u0119glowy: stal nierdzewna<br \/>\nMoc: 450W<br \/>\nWymiary: ~15\u00d719cm (pojemnik na w\u0119giel 11cm)<br \/>\nCzarny kolor<br \/>\nD\u0142ugo\u015b\u0107 kabla: 1,5 m<\/p>\n<p><strong>Ekwipunek:<\/strong><\/p>\n<p>Zapalarka do w\u0119gla, szczypce do w\u0119gla.<\/p>\n<p>Czy masz jakie\u015b pytania? Skontaktuj si\u0119 z nami\u00a0<a href=\"https:\/\/hookahshop.lt\/pl\/lacznosc\/\">strona z kontaktami<\/a>\u00a0lub napisz do nas na adres\u00a0<a href=\"https:\/\/facebook.com\/HookahShop.lt\/\" target=\"_blank\" rel=\"noopener noreferrer\">konto na Facebooku<\/a>\u00a0a my odpowiemy na Twoj\u0105 pro\u015bb\u0119 tego samego dnia.<\/p>","protected":false},"excerpt":{"rendered":"<p>Zapalniczka w\u0119glowa M ROSENFELD Fire Tower 3 pomo\u017ce Ci wygodnie podgrza\u0107 w\u0119giel do fajki wodnej. Kompaktowy i \u0142atwy w transporcie. Naturalny w\u0119giel nagrzewa si\u0119 \u015brednio w ci\u0105gu 5-10 minut. Od\u0142\u0105czany zbiornik na w\u0119giel z uchwytem do przesuwania zbiornika na w\u0119giel i mo\u017ce by\u0107 u\u017cywany jako szczypce. Regulacja temperatury do 6 poziom\u00f3w za pomoc\u0105 termostatu. Dane techniczne: Wysoko\u015b\u0107: 19cm Szeroko\u015b\u0107 zapalniczki: 15cm Wysoko\u015b\u0107 karbonu [\u2026]<\/p>","protected":false},"featured_media":32018,"comment_status":"open","ping_status":"closed","template":"","meta":[],"_links":{"self":[{"href":"https:\/\/hookahshop.lt\/pl\/wp-json\/wp\/v2\/product\/32017"}],"collection":[{"href":"https:\/\/hookahshop.lt\/pl\/wp-json\/wp\/v2\/product"}],"about":[{"href":"https:\/\/hookahshop.lt\/pl\/wp-json\/wp\/v2\/types\/product"}],"replies":[{"embeddable":true,"href":"https:\/\/hookahshop.lt\/pl\/wp-json\/wp\/v2\/comments?post=32017"}],"version-history":[{"count":5,"href":"https:\/\/hookahshop.lt\/pl\/wp-json\/wp\/v2\/product\/32017\/revisions"}],"predecessor-version":[{"id":40223,"href":"https:\/\/hookahshop.lt\/pl\/wp-json\/wp\/v2\/product\/32017\/revisions\/40223"}],"wp:featuredmedia":[{"embeddable":true,"href":"https:\/\/hookahshop.lt\/pl\/wp-json\/wp\/v2\/media\/32018"}],"wp:attachment":[{"href":"https:\/\/hookahshop.lt\/pl\/wp-json\/wp\/v2\/media?parent=32017"}],"curies":[{"name":"wp","href":"https:\/\/api.w.org\/{rel}","templated":true}]}}