{"id":32025,"date":"2022-04-09T23:09:58","date_gmt":"2022-04-09T20:09:58","guid":{"rendered":"https:\/\/hookahshop.lt\/?post_type=product&#038;p=32025"},"modified":"2026-04-14T23:29:28","modified_gmt":"2026-04-14T20:29:28","slug":"karscio-kamera-babuschka-silver","status":"publish","type":"product","link":"https:\/\/hookahshop.lt\/pl\/produkt\/kamera-termowizyjna-babuschka-srebrna\/","title":{"rendered":"Komora grzewcza BABUSCHKA Silver"},"content":{"rendered":"<h2>Komora grzewcza BABUSCHKA Silver<\/h2>\n<p>Wykonany z wysokiej jako\u015bci stali nierdzewnej i mo\u017ce pomie\u015bci\u0107 do 3-4 kostek w\u0119gla (25-26mm). Podczas u\u017cywania stali nierdzewnej ciep\u0142o w\u0119gla jest dobrze zatrzymywane i r\u00f3wnomiernie przenoszone na mieszank\u0119 tytoniu \/ fajki wodnej.<\/p>\n<p><strong>Specyfikacja<\/strong><br \/>\nMateria\u0142: Stal nierdzewna<br \/>\n\u015arednica: 74mm<br \/>\nWysoko\u015b\u0107: 27mm<\/p>\n<p>Czy masz jakie\u015b pytania? Skontaktuj si\u0119 z nami\u00a0<a href=\"https:\/\/hookahshop.lt\/pl\/lacznosc\/\">strona z kontaktami<\/a>\u00a0lub napisz do nas na adres\u00a0<a href=\"https:\/\/facebook.com\/HookahShop.lt\/\" target=\"_blank\" rel=\"noopener noreferrer\">konto na Facebooku<\/a>\u00a0a my odpowiemy na Twoj\u0105 pro\u015bb\u0119 tego samego dnia.<\/p>","protected":false},"excerpt":{"rendered":"<p>Komora grzewcza BABUSCHKA Silver Wykonana z wysokiej jako\u015bci stali nierdzewnej, mie\u015bci do 3-4 kostek w\u0119gla (25-26mm). Dzi\u0119ki zastosowaniu stali nierdzewnej ciep\u0142o w\u0119gla drzewnego jest dobrze zatrzymywane i r\u00f3wnomiernie przekazywane do mieszanki tytoniu i fajki wodnej. Specyfikacja Materia\u0142: Stal nierdzewna \u015arednica: 74 mm Wysoko\u015b\u0107: 27 mm Pytania? Skontaktuj si\u0119 z nami na stronie kontaktowej lub napisz do nas na naszym koncie na Facebooku, a my odpowiemy na Twoj\u0105 pro\u015bb\u0119 w tym samym [...]<\/p>","protected":false},"featured_media":32064,"comment_status":"open","ping_status":"closed","template":"","meta":[],"_links":{"self":[{"href":"https:\/\/hookahshop.lt\/pl\/wp-json\/wp\/v2\/product\/32025"}],"collection":[{"href":"https:\/\/hookahshop.lt\/pl\/wp-json\/wp\/v2\/product"}],"about":[{"href":"https:\/\/hookahshop.lt\/pl\/wp-json\/wp\/v2\/types\/product"}],"replies":[{"embeddable":true,"href":"https:\/\/hookahshop.lt\/pl\/wp-json\/wp\/v2\/comments?post=32025"}],"version-history":[{"count":5,"href":"https:\/\/hookahshop.lt\/pl\/wp-json\/wp\/v2\/product\/32025\/revisions"}],"predecessor-version":[{"id":32092,"href":"https:\/\/hookahshop.lt\/pl\/wp-json\/wp\/v2\/product\/32025\/revisions\/32092"}],"wp:featuredmedia":[{"embeddable":true,"href":"https:\/\/hookahshop.lt\/pl\/wp-json\/wp\/v2\/media\/32064"}],"wp:attachment":[{"href":"https:\/\/hookahshop.lt\/pl\/wp-json\/wp\/v2\/media?parent=32025"}],"curies":[{"name":"wp","href":"https:\/\/api.w.org\/{rel}","templated":true}]}}