{"id":32222,"date":"2022-04-23T18:50:55","date_gmt":"2022-04-23T15:50:55","guid":{"rendered":"https:\/\/hookahshop.lt\/?post_type=product&#038;p=32222"},"modified":"2026-04-16T10:21:27","modified_gmt":"2026-04-16T07:21:27","slug":"kaljanas-karma-hookah-mini-3-0-black","status":"publish","type":"product","link":"https:\/\/hookahshop.lt\/pl\/produkt\/szisza-karma-szisza-mini-3-0-czarna\/","title":{"rendered":"Fajka wodna KARMA HOOKAH Mini 3.0 Czarna"},"content":{"rendered":"<h2>Fajka wodna KARMA HOOKAH Mini 3.0 Czarna<\/h2>\n<p>Wa\u0142 KARMA HOOKAH jest wyposa\u017cony w wyko\u0144czenie z naturalnego drewna, anodowany stop aluminium i rur\u0119 ze stali nierdzewnej klasy medycznej. Optymalna \u015brednica \u0142odygi fajki wodnej pozwoli do\u015bwiadczonym koneserom cieszy\u0107 si\u0119 oryginalnym smakiem i aromatem.<\/p>\n<p><strong>Specyfikacja:<\/strong><br \/>\nTrakcja: klasyczna (bez dyfuzora)<br \/>\n\u015arednica wa\u0142u: 14mm.<br \/>\nWysoko\u015b\u0107: 53cm.<br \/>\nMateria\u0142 wa\u0142u: stal nierdzewna.<br \/>\nWyko\u0144czenie trzonu: drewno.<br \/>\nKraj pochodzenia: Ukraina<\/p>\n<p><strong>Ekwipunek:<\/strong> wa\u0142 (trzpie\u0144), p\u0142yta, uszczelki, zawory odpowietrzaj\u0105ce, kubek.<\/p>\n<p><img decoding=\"async\" loading=\"lazy\" class=\"alignnone size-medium wp-image-38600\" src=\"https:\/\/hookahshop.lt\/wp-content\/uploads\/2021\/08\/taurele-stiebas-1-300x273.jpg\" alt=\"- hookahshop.lt\" width=\"300\" height=\"273\" srcset=\"https:\/\/hookahshop.lt\/wp-content\/uploads\/2021\/08\/taurele-stiebas-1-300x273.jpg 300w, https:\/\/hookahshop.lt\/wp-content\/uploads\/2021\/08\/taurele-stiebas-1-13x12.jpg 13w, https:\/\/hookahshop.lt\/wp-content\/uploads\/2021\/08\/taurele-stiebas-1-64x58.jpg 64w, https:\/\/hookahshop.lt\/wp-content\/uploads\/2021\/08\/taurele-stiebas-1.jpg 420w\" sizes=\"(max-width: 300px) 100vw, 300px\" title=\"\"><\/p>\n<p>Czy masz jakie\u015b pytania? Skontaktuj si\u0119 z nami\u00a0<a href=\"https:\/\/hookahshop.lt\/pl\/lacznosc\/\">strona z kontaktami<\/a>\u00a0lub napisz do nas na adres\u00a0<a href=\"https:\/\/facebook.com\/HookahShop.lt\/\" target=\"_blank\" rel=\"noopener noreferrer\">konto na Facebooku<\/a>\u00a0a my odpowiemy na Twoj\u0105 pro\u015bb\u0119 tego samego dnia.<\/p>\n<p>&nbsp;<\/p>\n<p>&nbsp;<\/p>","protected":false},"excerpt":{"rendered":"<p>Szisza KARMA HOOKAH Mini 3.0 Czarna Trzon KARMA HOOKAH jest wyko\u0144czony naturalnym drewnem, anodyzowanym stopem aluminium i rurk\u0105 ze stali nierdzewnej klasy medycznej. Optymalna \u015brednica trzonka fajki wodnej pozwoli do\u015bwiadczonym koneserom cieszy\u0107 si\u0119 oryginalnym smakiem i aromatem. Specyfikacja: Trakcja: klasyczna (bez dyfuzora) \u015arednica wa\u0142u: 14mm. Wysoko\u015b\u0107: 53cm. Materia\u0142 wa\u0142u: stal nierdzewna. Wyko\u0144czenie trzonka: drewno. Kraj pochodzenia: Ukraina [\u2026]<\/p>","protected":false},"featured_media":32223,"comment_status":"open","ping_status":"closed","template":"","meta":[],"_links":{"self":[{"href":"https:\/\/hookahshop.lt\/pl\/wp-json\/wp\/v2\/product\/32222"}],"collection":[{"href":"https:\/\/hookahshop.lt\/pl\/wp-json\/wp\/v2\/product"}],"about":[{"href":"https:\/\/hookahshop.lt\/pl\/wp-json\/wp\/v2\/types\/product"}],"replies":[{"embeddable":true,"href":"https:\/\/hookahshop.lt\/pl\/wp-json\/wp\/v2\/comments?post=32222"}],"version-history":[{"count":5,"href":"https:\/\/hookahshop.lt\/pl\/wp-json\/wp\/v2\/product\/32222\/revisions"}],"predecessor-version":[{"id":45745,"href":"https:\/\/hookahshop.lt\/pl\/wp-json\/wp\/v2\/product\/32222\/revisions\/45745"}],"wp:featuredmedia":[{"embeddable":true,"href":"https:\/\/hookahshop.lt\/pl\/wp-json\/wp\/v2\/media\/32223"}],"wp:attachment":[{"href":"https:\/\/hookahshop.lt\/pl\/wp-json\/wp\/v2\/media?parent=32222"}],"curies":[{"name":"wp","href":"https:\/\/api.w.org\/{rel}","templated":true}]}}