{"id":32227,"date":"2022-04-23T19:11:09","date_gmt":"2022-04-23T16:11:09","guid":{"rendered":"https:\/\/hookahshop.lt\/?post_type=product&#038;p=32227"},"modified":"2026-04-10T23:29:31","modified_gmt":"2026-04-10T20:29:31","slug":"kandiklis-kaljanui-karma-metal-glosse-black","status":"publish","type":"product","link":"https:\/\/hookahshop.lt\/pl\/produkt\/ustnik-do-szisza-karma-metal-polysk-czarny\/","title":{"rendered":"Haczyk do fajki wodnej KARMA Metal Glossy Black"},"content":{"rendered":"<p><strong>Haczyk do fajki wodnej KARMA Metal Glossy Black<\/strong><\/p>\n<p>Oryginalny ustnik ze stali nierdzewnej znanego ukrai\u0144skiego producenta KARMA Hookah.<\/p>\n<p><strong>Specyfikacja:<\/strong><br \/>\nMateria\u0142: anodowane aluminium<br \/>\nD\u0142ugo\u015b\u0107: 44 cm<br \/>\nKolor: czarny po\u0142ysk<\/p>\n<p>Czy masz jakie\u015b pytania? Skontaktuj si\u0119 z nami\u00a0<a href=\"https:\/\/hookahshop.lt\/pl\/lacznosc\/\">strona z kontaktami<\/a>\u00a0lub napisz do nas na adres\u00a0<a href=\"https:\/\/facebook.com\/HookahShop.lt\/\" target=\"_blank\" rel=\"noopener noreferrer\">konto na Facebooku<\/a>\u00a0a my odpowiemy na Twoj\u0105 pro\u015bb\u0119 tego samego dnia.<\/p>","protected":false},"excerpt":{"rendered":"<p>Ustnik do fajki wodnej KARMA Metal Glosse Black Oryginalny ustnik ze stali nierdzewnej znanego ukrai\u0144skiego producenta KARMA Hookah. Specyfikacja: Materia\u0142: aluminium anodyzowane D\u0142ugo\u015b\u0107: 44 cm Kolor: czarny b\u0142yszcz\u0105cy Masz pytania? Skontaktuj si\u0119 z nami na stronie kontaktowej lub napisz do nas na naszym koncie na Facebooku, a my odpowiemy na Twoj\u0105 pro\u015bb\u0119 jeszcze tego samego dnia.<\/p>","protected":false},"featured_media":32228,"comment_status":"open","ping_status":"closed","template":"","meta":[],"_links":{"self":[{"href":"https:\/\/hookahshop.lt\/pl\/wp-json\/wp\/v2\/product\/32227"}],"collection":[{"href":"https:\/\/hookahshop.lt\/pl\/wp-json\/wp\/v2\/product"}],"about":[{"href":"https:\/\/hookahshop.lt\/pl\/wp-json\/wp\/v2\/types\/product"}],"replies":[{"embeddable":true,"href":"https:\/\/hookahshop.lt\/pl\/wp-json\/wp\/v2\/comments?post=32227"}],"version-history":[{"count":4,"href":"https:\/\/hookahshop.lt\/pl\/wp-json\/wp\/v2\/product\/32227\/revisions"}],"predecessor-version":[{"id":44269,"href":"https:\/\/hookahshop.lt\/pl\/wp-json\/wp\/v2\/product\/32227\/revisions\/44269"}],"wp:featuredmedia":[{"embeddable":true,"href":"https:\/\/hookahshop.lt\/pl\/wp-json\/wp\/v2\/media\/32228"}],"wp:attachment":[{"href":"https:\/\/hookahshop.lt\/pl\/wp-json\/wp\/v2\/media?parent=32227"}],"curies":[{"name":"wp","href":"https:\/\/api.w.org\/{rel}","templated":true}]}}