{"id":32243,"date":"2022-04-26T18:40:56","date_gmt":"2022-04-26T15:40:56","guid":{"rendered":"https:\/\/hookahshop.lt\/?post_type=product&#038;p=32243"},"modified":"2026-04-21T23:30:03","modified_gmt":"2026-04-21T20:30:03","slug":"taurele-kaljanui-upgrade-form-big","status":"publish","type":"product","link":"https:\/\/hookahshop.lt\/pl\/produkt\/kubek-szisza-ulepszenie-forma-duza\/","title":{"rendered":"Kubek do fajki wodnej UPGRADE Form Big"},"content":{"rendered":"<h2>Kubek do fajki wodnej UPGRADE Form Big<\/h2>\n<p>Wykonany ze specjalnej kompozycji gliny i majoliki, kt\u00f3ra zosta\u0142a dobrana w celu uzyskania optymalnego ogrzewania tytoniu przy minimalnym spalaniu. Kubek wyr\u00f3\u017cnia si\u0119 wytrzyma\u0142o\u015bci\u0105, trwa\u0142o\u015bci\u0105 i odporno\u015bci\u0105 na wysokie temperatury. Dodatkowo glinka ta po wypaleniu ma bia\u0142y kolor, co nadaje im stylowy i pi\u0119kny estetyczny wygl\u0105d. Pojemno\u015b\u0107 kubka: 17-20g.<\/p>\n<p><strong>Specyfikacje:<\/strong><br \/>\nWysoko\u015b\u0107: 95mm<br \/>\n\u015arednica (zewn\u0119trzna): 82 mm<br \/>\n\u015arednica (wewn\u0119trzna): 75 mm<br \/>\nG\u0142\u0119boko\u015b\u0107: 17 mm<br \/>\n\u015arednica otworu: 7 mm<br \/>\nLiczba otwor\u00f3w: 7<br \/>\nWaga: ok. 260g.<\/p>\n<p>Czy masz jakie\u015b pytania? Skontaktuj si\u0119 z nami\u00a0<a href=\"https:\/\/hookahshop.lt\/pl\/lacznosc\/\">strona z kontaktami<\/a>\u00a0lub napisz do nas na adres\u00a0<a href=\"https:\/\/facebook.com\/HookahShop.lt\/\" target=\"_blank\" rel=\"noopener noreferrer\">konto na Facebooku<\/a>\u00a0a my odpowiemy na Twoj\u0105 pro\u015bb\u0119 tego samego dnia.<\/p>","protected":false},"excerpt":{"rendered":"<p>Kubek do fajki wodnej UPGRADE Form Big Wykonany ze specjalnej kompozycji glinkowo-majolikowej, kt\u00f3ra zosta\u0142a dobrana tak, aby uzyska\u0107 optymalne ogrzewanie tytoniu, minimalne spalanie. Kubek ten wyr\u00f3\u017cnia si\u0119 wytrzyma\u0142o\u015bci\u0105, trwa\u0142o\u015bci\u0105 i odporno\u015bci\u0105 na wysokie temperatury. Dodatkowo glina ta po wypaleniu ma bia\u0142\u0105 barw\u0119, co nadaje im stylowy i pi\u0119kny estetyczny wygl\u0105d. Pojemno\u015b\u0107 fili\u017canki: 17-20g. Dane techniczne: Wysoko\u015b\u0107: 95 mm \u015arednica (zewn\u0119trzna): [\u2026]<\/p>","protected":false},"featured_media":32247,"comment_status":"open","ping_status":"closed","template":"","meta":[],"_links":{"self":[{"href":"https:\/\/hookahshop.lt\/pl\/wp-json\/wp\/v2\/product\/32243"}],"collection":[{"href":"https:\/\/hookahshop.lt\/pl\/wp-json\/wp\/v2\/product"}],"about":[{"href":"https:\/\/hookahshop.lt\/pl\/wp-json\/wp\/v2\/types\/product"}],"replies":[{"embeddable":true,"href":"https:\/\/hookahshop.lt\/pl\/wp-json\/wp\/v2\/comments?post=32243"}],"version-history":[{"count":2,"href":"https:\/\/hookahshop.lt\/pl\/wp-json\/wp\/v2\/product\/32243\/revisions"}],"predecessor-version":[{"id":32298,"href":"https:\/\/hookahshop.lt\/pl\/wp-json\/wp\/v2\/product\/32243\/revisions\/32298"}],"wp:featuredmedia":[{"embeddable":true,"href":"https:\/\/hookahshop.lt\/pl\/wp-json\/wp\/v2\/media\/32247"}],"wp:attachment":[{"href":"https:\/\/hookahshop.lt\/pl\/wp-json\/wp\/v2\/media?parent=32243"}],"curies":[{"name":"wp","href":"https:\/\/api.w.org\/{rel}","templated":true}]}}