{"id":32330,"date":"2022-05-12T19:10:41","date_gmt":"2022-05-12T16:10:41","guid":{"rendered":"https:\/\/hookahshop.lt\/?post_type=product&#038;p=32330"},"modified":"2026-04-16T23:29:54","modified_gmt":"2026-04-16T20:29:54","slug":"kaljanas-geometry-little-bro-rhombus-grey","status":"publish","type":"product","link":"https:\/\/hookahshop.lt\/pl\/produkt\/szisza-geometria-maly-bro-rhombus-szary\/","title":{"rendered":"Fajka wodna GEOMETRIA Little Bro Rhombus Grey"},"content":{"rendered":"<p align=\"left\"><strong>Fajka wodna GEOMETRIA Little Bro Rhombus Grey<\/strong><\/p>\n<p class=\"western\" align=\"left\">\u015awietna seria Krasnodar Geometry Little Bro od nowej marki. Wysoka jako\u015b\u0107 wykonania. Modny, pionowy wydmuch z jednym zaworem na ca\u0142ym obwodzie podstawy. Wysokiej jako\u015bci stalowe i ozdobne wa\u0142y. Wiele rodzaj\u00f3w wa\u0142\u00f3w - sk\u00f3rzane, drewniane itp. r\u00f3\u017cne kolory i tekstury. Ogromnym plusem jest to, \u017ce mo\u017cesz ulepszy\u0107 swoj\u0105 fajk\u0119 wodn\u0105, kupuj\u0105c dekoracyjne wyko\u0144czenie trzonka.<\/p>\n<p class=\"western\" align=\"left\"><strong>Charakterystyka:<\/strong><br \/>\n\u015arednica wa\u0142u: 20 cm<br \/>\nGrubo\u015b\u0107 stali: 1,5 mm<br \/>\nWewn\u0119trzna \u015brednica wa\u0142u: 13 mm<br \/>\nWysoko\u015b\u0107: 50,1 cm<\/p>\n<p class=\"western\" align=\"left\">Czy masz jakie\u015b pytania? Skontaktuj si\u0119 z nami\u00a0<a href=\"https:\/\/hookahshop.lt\/pl\/lacznosc\/\"><span lang=\"zxx\"><u>strona z kontaktami<\/u><\/span><\/a>\u00a0lub napisz do nas na adres\u00a0<a href=\"https:\/\/facebook.com\/HookahShop.lt\/\" target=\"_blank\" rel=\"noopener\"><span lang=\"zxx\"><u>konto na Facebooku<\/u><\/span><\/a>\u00a0a my odpowiemy na Twoj\u0105 pro\u015bb\u0119 tego samego dnia.<\/p>","protected":false},"excerpt":{"rendered":"<p>Fajka wodna GEOMETRY Little Bro Rhombus Grey Znakomita seria nowej marki \u201eKrasnodar Geometry Little Bro\u201d. Wysoka jako\u015b\u0107 wykonania. Modny, pionowy wydmuch z jednym zaworem na ca\u0142ym obwodzie podstawy. Wysokiej jako\u015bci stalowe i ozdobne wa\u0142y. Wiele rodzaj\u00f3w wa\u0142\u00f3w - sk\u00f3rzane, drewniane itp. r\u00f3\u017cne kolory i tekstury. Ogromnym plusem jest to, \u017ce mo\u017cesz ulepszy\u0107 swoj\u0105 fajk\u0119 wodn\u0105, kupuj\u0105c [\u2026]<\/p>","protected":false},"featured_media":32331,"comment_status":"open","ping_status":"closed","template":"","meta":[],"_links":{"self":[{"href":"https:\/\/hookahshop.lt\/pl\/wp-json\/wp\/v2\/product\/32330"}],"collection":[{"href":"https:\/\/hookahshop.lt\/pl\/wp-json\/wp\/v2\/product"}],"about":[{"href":"https:\/\/hookahshop.lt\/pl\/wp-json\/wp\/v2\/types\/product"}],"replies":[{"embeddable":true,"href":"https:\/\/hookahshop.lt\/pl\/wp-json\/wp\/v2\/comments?post=32330"}],"version-history":[{"count":4,"href":"https:\/\/hookahshop.lt\/pl\/wp-json\/wp\/v2\/product\/32330\/revisions"}],"predecessor-version":[{"id":37688,"href":"https:\/\/hookahshop.lt\/pl\/wp-json\/wp\/v2\/product\/32330\/revisions\/37688"}],"wp:featuredmedia":[{"embeddable":true,"href":"https:\/\/hookahshop.lt\/pl\/wp-json\/wp\/v2\/media\/32331"}],"wp:attachment":[{"href":"https:\/\/hookahshop.lt\/pl\/wp-json\/wp\/v2\/media?parent=32330"}],"curies":[{"name":"wp","href":"https:\/\/api.w.org\/{rel}","templated":true}]}}