{"id":32593,"date":"2022-06-23T00:47:52","date_gmt":"2022-06-22T21:47:52","guid":{"rendered":"https:\/\/hookahshop.lt\/?post_type=product&#038;p=32593"},"modified":"2026-05-14T23:29:41","modified_gmt":"2026-05-14T20:29:41","slug":"znyples-kaljano-anglims-alpha-hookah-military-modern","status":"publish","type":"product","link":"https:\/\/hookahshop.lt\/pl\/produkt\/znyples-szisza-weglowa-alfa-szisza-wojskowa-nowoczesna\/","title":{"rendered":"Szczypce do fajki wodnej ALPHA HOOKAH Military Modern"},"content":{"rendered":"<h2>Szczypce do fajki wodnej ALPHA HOOKAH Military Modern<\/h2>\n<p>Stylowe i ekskluzywne szczypce zosta\u0142y stworzone w 2021 roku przez znanego producenta fajki wodnej Alpha Hookah. Szczypce s\u0105 r\u00f3wnie\u017c wykonane z wysokiej jako\u015bci stali nierdzewnej i pokryte farb\u0105 proszkow\u0105. Szczypce wyr\u00f3\u017cnia autorski grawer. Naci\u0119cia wykonane w g\u00f3rnej cz\u0119\u015bci kleszczy s\u0142u\u017c\u0105 do zawieszenia kleszczy na p\u0142ycie haka.<\/p>\n<p><strong>Charakterystyka:<\/strong><br \/>\nCzarny kolor<br \/>\nMateria\u0142: Stal nierdzewna<br \/>\nD\u0142ugo\u015b\u0107: 22,5 cm<\/p>\n<p>Czy masz jakie\u015b pytania? Skontaktuj si\u0119 z nami\u00a0<a href=\"https:\/\/hookahshop.lt\/pl\/lacznosc\/\">strona z kontaktami<\/a>\u00a0lub napisz do nas na adres\u00a0<a href=\"https:\/\/facebook.com\/HookahShop.lt\/\" target=\"_blank\" rel=\"noopener noreferrer\">konto na Facebooku<\/a>\u00a0a my odpowiemy na Twoj\u0105 pro\u015bb\u0119 tego samego dnia.<\/p>","protected":false},"excerpt":{"rendered":"<p>Szczypce do w\u0119gla do fajki wodnej ALPHA HOOKAH Military Modern Stylowe i ekskluzywne szczypce zosta\u0142y stworzone w 2021 roku przez Alpha Hookah, znanego producenta fajek wodnych. Szczypce r\u00f3wnie\u017c wykonane s\u0105 z wysokiej jako\u015bci stali nierdzewnej i pomalowane farb\u0105 proszkow\u0105. Szczypce wyr\u00f3\u017cniaj\u0105 si\u0119 oryginalnym grawerem. Naci\u0119cia w g\u00f3rnej cz\u0119\u015bci szczypiec s\u0142u\u017c\u0105 do zawieszenia szczypiec na talerzu do fajki wodnej. Charakterystyka: Kolor: Czarny Materia\u0142: Stal nierdzewna D\u0142ugo\u015b\u0107: 22,5 cm Masz [\u2026]<\/p>","protected":false},"featured_media":32594,"comment_status":"open","ping_status":"closed","template":"","meta":[],"_links":{"self":[{"href":"https:\/\/hookahshop.lt\/pl\/wp-json\/wp\/v2\/product\/32593"}],"collection":[{"href":"https:\/\/hookahshop.lt\/pl\/wp-json\/wp\/v2\/product"}],"about":[{"href":"https:\/\/hookahshop.lt\/pl\/wp-json\/wp\/v2\/types\/product"}],"replies":[{"embeddable":true,"href":"https:\/\/hookahshop.lt\/pl\/wp-json\/wp\/v2\/comments?post=32593"}],"version-history":[{"count":4,"href":"https:\/\/hookahshop.lt\/pl\/wp-json\/wp\/v2\/product\/32593\/revisions"}],"predecessor-version":[{"id":43032,"href":"https:\/\/hookahshop.lt\/pl\/wp-json\/wp\/v2\/product\/32593\/revisions\/43032"}],"wp:featuredmedia":[{"embeddable":true,"href":"https:\/\/hookahshop.lt\/pl\/wp-json\/wp\/v2\/media\/32594"}],"wp:attachment":[{"href":"https:\/\/hookahshop.lt\/pl\/wp-json\/wp\/v2\/media?parent=32593"}],"curies":[{"name":"wp","href":"https:\/\/api.w.org\/{rel}","templated":true}]}}