{"id":32605,"date":"2022-06-23T09:48:17","date_gmt":"2022-06-23T06:48:17","guid":{"rendered":"https:\/\/hookahshop.lt\/?post_type=product&#038;p=32605"},"modified":"2026-04-15T23:29:24","modified_gmt":"2026-04-15T20:29:24","slug":"znyples-kaljano-anglims-alpha-hookah-x-vndl","status":"publish","type":"product","link":"https:\/\/hookahshop.lt\/pl\/produkt\/znyples-szisza-wegiel-alfa-szisza-x-vndl\/","title":{"rendered":"Haki na haki ALPHA HOOKAH X VNDL"},"content":{"rendered":"<h2>Haki na haki ALPHA HOOKAH X VNDL<\/h2>\n<p>Stylowe, kompaktowe rozmiary i ekskluzywne szczypce stworzone przez znanego producenta fajki wodnej Alpha Hookah. Szczypce s\u0105 r\u00f3wnie\u017c wykonane z wysokiej jako\u015bci stali nierdzewnej i pokryte farb\u0105 proszkow\u0105. Szczypce wyr\u00f3\u017cnia autorski grawer.<\/p>\n<p><strong>Charakterystyka:<\/strong><br \/>\nCzarny kolor<br \/>\nMateria\u0142: Stal nierdzewna<br \/>\nD\u0142ugo\u015b\u0107: 18 cm<\/p>\n<p>Czy masz jakie\u015b pytania? Skontaktuj si\u0119 z nami\u00a0<a href=\"https:\/\/hookahshop.lt\/pl\/lacznosc\/\">strona z kontaktami<\/a>\u00a0lub napisz do nas na adres\u00a0<a href=\"https:\/\/facebook.com\/HookahShop.lt\/\" target=\"_blank\" rel=\"noopener noreferrer\">konto na Facebooku<\/a>\u00a0a my odpowiemy na Twoj\u0105 pro\u015bb\u0119 tego samego dnia.<\/p>\n<p>&nbsp;<\/p>","protected":false},"excerpt":{"rendered":"<p>Szczypce do w\u0119gla do fajki wodnej ALPHA HOOKAH X VNDL Stylowe, kompaktowe rozmiary i ekskluzywne szczypce stworzone przez Alpha Hookah, znanego producenta fajek wodnych. Szczypce wykonane s\u0105 r\u00f3wnie\u017c z wysokiej jako\u015bci stali nierdzewnej i malowanej proszkowo. Szczypce wyr\u00f3\u017cniaj\u0105 si\u0119 oryginalnym grawerem. Charakterystyka: Kolor: Czarny Materia\u0142: Stal nierdzewna D\u0142ugo\u015b\u0107: 18 cm Masz pytania? Skontaktuj si\u0119 z nami na stronie kontaktowej lub napisz do nas na naszym koncie na Facebooku, a my odpowiemy [\u2026]<\/p>","protected":false},"featured_media":39491,"comment_status":"open","ping_status":"closed","template":"","meta":[],"_links":{"self":[{"href":"https:\/\/hookahshop.lt\/pl\/wp-json\/wp\/v2\/product\/32605"}],"collection":[{"href":"https:\/\/hookahshop.lt\/pl\/wp-json\/wp\/v2\/product"}],"about":[{"href":"https:\/\/hookahshop.lt\/pl\/wp-json\/wp\/v2\/types\/product"}],"replies":[{"embeddable":true,"href":"https:\/\/hookahshop.lt\/pl\/wp-json\/wp\/v2\/comments?post=32605"}],"version-history":[{"count":3,"href":"https:\/\/hookahshop.lt\/pl\/wp-json\/wp\/v2\/product\/32605\/revisions"}],"predecessor-version":[{"id":33949,"href":"https:\/\/hookahshop.lt\/pl\/wp-json\/wp\/v2\/product\/32605\/revisions\/33949"}],"wp:featuredmedia":[{"embeddable":true,"href":"https:\/\/hookahshop.lt\/pl\/wp-json\/wp\/v2\/media\/39491"}],"wp:attachment":[{"href":"https:\/\/hookahshop.lt\/pl\/wp-json\/wp\/v2\/media?parent=32605"}],"curies":[{"name":"wp","href":"https:\/\/api.w.org\/{rel}","templated":true}]}}