{"id":32622,"date":"2022-06-23T18:02:52","date_gmt":"2022-06-23T15:02:52","guid":{"rendered":"https:\/\/hookahshop.lt\/?post_type=product&#038;p=32622"},"modified":"2026-04-22T23:29:43","modified_gmt":"2026-04-22T20:29:43","slug":"yla-kaljano-tabakui-hooligan-x-xlgn","status":"publish","type":"product","link":"https:\/\/hookahshop.lt\/pl\/produkt\/yla-szisza-tyton-hooligan-x-xlgn\/","title":{"rendered":"Tyto\u0144 Yla hookah Hooligan x XLGN"},"content":{"rendered":"<h2>Tyto\u0144 Yla hookah Hooligan x XLGN<\/h2>\n<p>Zapakuj idealn\u0105 fili\u017cank\u0119 czystymi r\u0119kami. Ekskluzywny dodatek w kszta\u0142cie kuli z nasadk\u0105 ochronn\u0105. Wykonany z wysokiej jako\u015bci materia\u0142\u00f3w.<\/p>\n<p><strong>Specyfikacja:<\/strong><br \/>\nMateria\u0142 (cz\u0119\u015b\u0107 zewn\u0119trzna): poliacetal<br \/>\nMateria\u0142 (cz\u0119\u015b\u0107 wewn\u0119trzna): mosi\u0105dz<br \/>\nPodk\u0142ad MaxThirteen jest poz\u0142acany<br \/>\nD\u0142ugo\u015b\u0107: 13 cm<\/p>\n<p>Czy masz jakie\u015b pytania? Skontaktuj si\u0119 z nami\u00a0<a href=\"https:\/\/hookahshop.lt\/pl\/lacznosc\/\">strona z kontaktami<\/a>\u00a0lub napisz do nas na adres\u00a0<a href=\"https:\/\/facebook.com\/HookahShop.lt\/\" target=\"_blank\" rel=\"noopener noreferrer\">konto na Facebooku<\/a>\u00a0a my odpowiemy na Twoj\u0105 pro\u015bb\u0119 tego samego dnia.<\/p>","protected":false},"excerpt":{"rendered":"<p>Tyto\u0144 do fajki wodnej Yla Hooligan x XLGN Zapakuj idealn\u0105 fili\u017cank\u0119 czystymi r\u0119kami. Ekskluzywny dodatek w kszta\u0142cie kuli z kapturkiem ochronnym. Wykonane z wysokiej jako\u015bci materia\u0142\u00f3w. Specyfikacja: Materia\u0142 (cz\u0119\u015b\u0107 zewn\u0119trzna): poliacetal Materia\u0142 (cz\u0119\u015b\u0107 wewn\u0119trzna): mosi\u0105dz Zdobienie spodu MaxThirteen poz\u0142acane D\u0142ugo\u015b\u0107: 13cm Masz pytania? Skontaktuj si\u0119 z nami na stronie kontaktowej lub napisz do nas na naszym koncie na Facebooku, a my odpowiemy na Twoj\u0105 pro\u015bb\u0119 w ci\u0105gu [...]<\/p>","protected":false},"featured_media":32623,"comment_status":"open","ping_status":"closed","template":"","meta":[],"_links":{"self":[{"href":"https:\/\/hookahshop.lt\/pl\/wp-json\/wp\/v2\/product\/32622"}],"collection":[{"href":"https:\/\/hookahshop.lt\/pl\/wp-json\/wp\/v2\/product"}],"about":[{"href":"https:\/\/hookahshop.lt\/pl\/wp-json\/wp\/v2\/types\/product"}],"replies":[{"embeddable":true,"href":"https:\/\/hookahshop.lt\/pl\/wp-json\/wp\/v2\/comments?post=32622"}],"version-history":[{"count":4,"href":"https:\/\/hookahshop.lt\/pl\/wp-json\/wp\/v2\/product\/32622\/revisions"}],"predecessor-version":[{"id":43120,"href":"https:\/\/hookahshop.lt\/pl\/wp-json\/wp\/v2\/product\/32622\/revisions\/43120"}],"wp:featuredmedia":[{"embeddable":true,"href":"https:\/\/hookahshop.lt\/pl\/wp-json\/wp\/v2\/media\/32623"}],"wp:attachment":[{"href":"https:\/\/hookahshop.lt\/pl\/wp-json\/wp\/v2\/media?parent=32622"}],"curies":[{"name":"wp","href":"https:\/\/api.w.org\/{rel}","templated":true}]}}