{"id":32632,"date":"2022-06-24T14:50:22","date_gmt":"2022-06-24T11:50:22","guid":{"rendered":"https:\/\/hookahshop.lt\/?post_type=product&#038;p=32632"},"modified":"2026-04-18T23:29:17","modified_gmt":"2026-04-18T20:29:17","slug":"karscio-kamera-alpha-hookah-fnx","status":"publish","type":"product","link":"https:\/\/hookahshop.lt\/pl\/produkt\/kamera-termowizyjna-alpha-hookah-fnx\/","title":{"rendered":"Komora grzewcza ALPHA HOOKAH FNX"},"content":{"rendered":"<h2>Komora grzewcza ALPHA HOOKAH FNX<\/h2>\n<p>Wykonany z solidnej konstrukcji ze stali nierdzewnej, co zapewnia trwa\u0142o\u015b\u0107. Grube \u015bcianki i wygodny kszta\u0142t zapewniaj\u0105 r\u00f3wnomiern\u0105 kontrol\u0119 ciep\u0142a w fili\u017cance. Komora cieplna jest podobna do t\u0142oka samochodowego, wi\u0119c tw\u00f3rcy po jednej stronie wskazali parametry techniczne. Akcesorium stanowi \u015bwietne po\u0142\u0105czenie z fajkami wodnymi Alpha Hookah i pasuje do wszystkich popularnych na rynku kubk\u00f3w.<\/p>\n<p><strong>Specyfikacja<\/strong><br \/>\nMateria\u0142: Stal nierdzewna (<em>solidne konstrukcje)<\/em><br \/>\nKolor: srebrny<br \/>\n\u015arednica: 75mm<br \/>\nWysoko\u015b\u0107: 27mm<br \/>\nWaga: 217g.<\/p>\n<p>Czy masz jakie\u015b pytania? Skontaktuj si\u0119 z nami\u00a0<a href=\"https:\/\/hookahshop.lt\/pl\/lacznosc\/\">strona z kontaktami<\/a>\u00a0lub napisz do nas na adres\u00a0<a href=\"https:\/\/facebook.com\/HookahShop.lt\/\" target=\"_blank\" rel=\"noopener noreferrer\">konto na Facebooku<\/a>\u00a0a my odpowiemy na Twoj\u0105 pro\u015bb\u0119 tego samego dnia.<\/p>","protected":false},"excerpt":{"rendered":"<p>Komora grzewcza ALPHA HOOKAH FNX Wykonana z jednocz\u0119\u015bciowej konstrukcji ze stali nierdzewnej, kt\u00f3ra zapewnia trwa\u0142o\u015b\u0107. Grube \u015bcianki i wygodny kszta\u0142t zapewniaj\u0105 r\u00f3wnomiern\u0105 kontrol\u0119 ciep\u0142a w fili\u017cance. Komora cieplna jest podobna do t\u0142oka samochodu, dlatego tw\u00f3rcy wskazali w\u0142a\u015bciwo\u015bci techniczne po jednej stronie. Akcesorium idealnie komponuje si\u0119 z fajkami wodnymi Alpha Hookah i pasuje do wszystkich popularnych fili\u017canek dost\u0119pnych na rynku. Specyfikacja Materia\u0142: Stal nierdzewna [...]<\/p>","protected":false},"featured_media":32639,"comment_status":"open","ping_status":"closed","template":"","meta":[],"_links":{"self":[{"href":"https:\/\/hookahshop.lt\/pl\/wp-json\/wp\/v2\/product\/32632"}],"collection":[{"href":"https:\/\/hookahshop.lt\/pl\/wp-json\/wp\/v2\/product"}],"about":[{"href":"https:\/\/hookahshop.lt\/pl\/wp-json\/wp\/v2\/types\/product"}],"replies":[{"embeddable":true,"href":"https:\/\/hookahshop.lt\/pl\/wp-json\/wp\/v2\/comments?post=32632"}],"version-history":[{"count":3,"href":"https:\/\/hookahshop.lt\/pl\/wp-json\/wp\/v2\/product\/32632\/revisions"}],"predecessor-version":[{"id":44007,"href":"https:\/\/hookahshop.lt\/pl\/wp-json\/wp\/v2\/product\/32632\/revisions\/44007"}],"wp:featuredmedia":[{"embeddable":true,"href":"https:\/\/hookahshop.lt\/pl\/wp-json\/wp\/v2\/media\/32639"}],"wp:attachment":[{"href":"https:\/\/hookahshop.lt\/pl\/wp-json\/wp\/v2\/media?parent=32632"}],"curies":[{"name":"wp","href":"https:\/\/api.w.org\/{rel}","templated":true}]}}