{"id":32650,"date":"2022-06-25T13:53:16","date_gmt":"2022-06-25T10:53:16","guid":{"rendered":"https:\/\/hookahshop.lt\/?post_type=product&#038;p=32650"},"modified":"2026-04-06T23:29:24","modified_gmt":"2026-04-06T20:29:24","slug":"sepetelis-kaljano-sachtai-65cm","status":"publish","type":"product","link":"https:\/\/hookahshop.lt\/pl\/produkt\/sepetelis-szisza-zamki-65cm\/","title":{"rendered":"Szczotka do sziszy 65cm"},"content":{"rendered":"<h2>Szczotka do sziszy 65cm<\/h2>\n<p>Szczotka przeznaczona jest do czyszczenia trzonu fajki wodnej, zaleca si\u0119 u\u017cywa\u0107 jej razem ze \u015brodkami czyszcz\u0105cymi. Si\u0119ga i pomaga w usuwaniu wszelkich zabrudze\u0144.<\/p>\n<p><strong>Charakterystyka:<\/strong><br \/>\nD\u0142ugo\u015b\u0107 p\u0119dzla: 65 cm<br \/>\nKolor: mo\u017ce r\u00f3\u017cni\u0107 si\u0119 od tego na zdj\u0119ciu.<\/p>\n<p>Dlaczego czyszczenie trzonu fajki wodnej jest wa\u017cne?<br \/>\nPodczas u\u017cywania fajki wodnej szkodliwe substancje zawarte w dymie osadzaj\u0105 si\u0119 na \u015bciankach szybu. Nikotyna, produkty spalania w\u0119gla, zapach pozosta\u0142o\u015bci tytoniu, kt\u00f3ry by\u0142 u\u017cywany w poprzednich sesjach palenia i tak dalej. Substancje szkodliwe nie s\u0105 dobre dla zdrowia. A obce aromaty nie pozwol\u0105 ci w pe\u0142ni cieszy\u0107 si\u0119 fajk\u0105 wodn\u0105. Dlatego wa\u017cne jest, aby za ka\u017cdym razem czy\u015bci\u0107 trzonek do fajki wodnej.<br \/>\nNajlepiej wyczy\u015b\u0107 trzonek fajki wodnej - po ka\u017cdym u\u017cyciu fajki wodnej.<\/p>\n<p>&nbsp;<\/p>\n<p>Czy masz jakie\u015b pytania? Skontaktuj si\u0119 z nami\u00a0<a href=\"https:\/\/hookahshop.lt\/pl\/lacznosc\/\">strona z kontaktami<\/a>\u00a0lub napisz do nas na adres\u00a0<a href=\"https:\/\/facebook.com\/HookahShop.lt\/\" target=\"_blank\" rel=\"noopener noreferrer\">konto na Facebooku<\/a>\u00a0a my odpowiemy na Twoj\u0105 pro\u015bb\u0119 tego samego dnia.<\/p>","protected":false},"excerpt":{"rendered":"<p>P\u0119dzel do trzonka fajki wodnej 65cm Szczotka przeznaczona jest do czyszczenia trzonka fajki wodnej, zaleca si\u0119 stosowa\u0107 razem ze \u015brodkami czyszcz\u0105cymi. Dociera i pomaga oczy\u015bci\u0107 wszelkie zanieczyszczenia. Charakterystyka: D\u0142ugo\u015b\u0107 p\u0119dzla: 65cm Kolor: mo\u017ce r\u00f3\u017cni\u0107 si\u0119 od pokazanego na zdj\u0119ciu. Dlaczego czyszczenie trzonka fajki wodnej jest wa\u017cne? Podczas u\u017cywania fajki wodnej szkodliwe substancje zawarte w dymie osadzaj\u0105 si\u0119 na \u015bciankach szybu. Aromat nikotyny, produkt\u00f3w spalania w\u0119gla, pozosta\u0142o\u015bci tytoniu, kt\u00f3re [\u2026]<\/p>","protected":false},"featured_media":32651,"comment_status":"open","ping_status":"closed","template":"","meta":[],"_links":{"self":[{"href":"https:\/\/hookahshop.lt\/pl\/wp-json\/wp\/v2\/product\/32650"}],"collection":[{"href":"https:\/\/hookahshop.lt\/pl\/wp-json\/wp\/v2\/product"}],"about":[{"href":"https:\/\/hookahshop.lt\/pl\/wp-json\/wp\/v2\/types\/product"}],"replies":[{"embeddable":true,"href":"https:\/\/hookahshop.lt\/pl\/wp-json\/wp\/v2\/comments?post=32650"}],"version-history":[{"count":4,"href":"https:\/\/hookahshop.lt\/pl\/wp-json\/wp\/v2\/product\/32650\/revisions"}],"predecessor-version":[{"id":37621,"href":"https:\/\/hookahshop.lt\/pl\/wp-json\/wp\/v2\/product\/32650\/revisions\/37621"}],"wp:featuredmedia":[{"embeddable":true,"href":"https:\/\/hookahshop.lt\/pl\/wp-json\/wp\/v2\/media\/32651"}],"wp:attachment":[{"href":"https:\/\/hookahshop.lt\/pl\/wp-json\/wp\/v2\/media?parent=32650"}],"curies":[{"name":"wp","href":"https:\/\/api.w.org\/{rel}","templated":true}]}}